{"id":5058,"date":"2022-07-13T07:09:48","date_gmt":"2022-07-13T07:09:48","guid":{"rendered":"https:\/\/mabuko.co.mz\/?post_type=product&#038;p=5058"},"modified":"2022-10-25T06:42:28","modified_gmt":"2022-10-25T06:42:28","slug":"se-o-cupido-me-desse-uma-maozinha","status":"publish","type":"product","link":"https:\/\/mabuko.co.mz\/site\/?product=se-o-cupido-me-desse-uma-maozinha","title":{"rendered":"SE O CUPIDO ME DESSE UMA M\u00c3OZINHA"},"content":{"rendered":"<p>Joan Bauer<\/p>\n<p>9789722327190<\/p>\n","protected":false},"excerpt":{"rendered":"<p><strong>SINOPSE<\/strong><\/p>\n<p>V\u00e9spera do Baile dos Namorados e A.J. (Alison Jean) defronta-se com o maior dilema da sua exist\u00eancia: n\u00e3o tem acompanhante para ir ao baile! \u00c9 sempre assim, A.J. s\u00f3 se apaixona pelos rapazes mais bonitos e concorridos do liceu, e depois fica apanhada nas garras dos amores plat\u00f3nicos n\u00e3o correspondidos e sofre&#8230;sofre&#8230; sofre&#8230; Desta vez o eleito \u00e9 Peter Terris, um verdadeiro Apolo de carne, que anda a p\u00f4r em \u00f3rbita a cabecinha desta adolescente de dezassete anos! As esperan\u00e7as de captar a aten\u00e7\u00e3o do belo Peter eram m\u00ednimas, ou quase nenhumas, at\u00e9 o dia em que A.J. encontra, por acaso, um ser pequenino e com asas, que traz um arco ao ombro e um saquinho cheio de setinhas envenenadas com a po\u00e7\u00e3o do amor&#8230;um cupido a s\u00e9rio!!! S\u00f3 dela!!! Bastou Jonathan dar uma m\u00e3ozinha e&#8230; voil\u00e0! A princ\u00edpio tudo parecia correr \u00e0s mil maravilhas (era fant\u00e1stico ter o rapaz mais giro do liceu aos nossos p\u00e9s!!), mas afinal as coisas n\u00e3o correm exactamente como ela esperava. O efeito das setinhas de Jonathan \u00e9 t\u00e3o intenso que A.J. se v\u00ea objecto de uma paix\u00e3o t\u00e3o arrebatadora que levar\u00e1 Peter Terris a cometer os actos mais loucos, rid\u00edculos e&#8230;absolutamente hilariantes!<br \/>\nMais uma divertida e agitada hist\u00f3ria a n\u00e3o perder nesta linguisticamente descomplexada colec\u00e7\u00e3o O Clube das Amigas.<\/p>\n","protected":false},"featured_media":5059,"template":"","meta":{"_monsterinsights_skip_tracking":false,"_monsterinsights_sitenote_active":false,"_monsterinsights_sitenote_note":"","_monsterinsights_sitenote_category":0},"product_cat":[135],"product_tag":[],"class_list":{"0":"post-5058","1":"product","2":"type-product","3":"status-publish","4":"has-post-thumbnail","6":"product_cat-infantil","7":"pa_book-author-joan-bauer","9":"first","10":"instock","11":"shipping-taxable","12":"purchasable","13":"product-type-simple"},"_links":{"self":[{"href":"https:\/\/mabuko.co.mz\/site\/index.php?rest_route=\/wp\/v2\/product\/5058","targetHints":{"allow":["GET"]}}],"collection":[{"href":"https:\/\/mabuko.co.mz\/site\/index.php?rest_route=\/wp\/v2\/product"}],"about":[{"href":"https:\/\/mabuko.co.mz\/site\/index.php?rest_route=\/wp\/v2\/types\/product"}],"wp:featuredmedia":[{"embeddable":true,"href":"https:\/\/mabuko.co.mz\/site\/index.php?rest_route=\/wp\/v2\/media\/5059"}],"wp:attachment":[{"href":"https:\/\/mabuko.co.mz\/site\/index.php?rest_route=%2Fwp%2Fv2%2Fmedia&parent=5058"}],"wp:term":[{"taxonomy":"product_cat","embeddable":true,"href":"https:\/\/mabuko.co.mz\/site\/index.php?rest_route=%2Fwp%2Fv2%2Fproduct_cat&post=5058"},{"taxonomy":"product_tag","embeddable":true,"href":"https:\/\/mabuko.co.mz\/site\/index.php?rest_route=%2Fwp%2Fv2%2Fproduct_tag&post=5058"}],"curies":[{"name":"wp","href":"https:\/\/api.w.org\/{rel}","templated":true}]}}