{"id":5044,"date":"2022-07-11T12:11:23","date_gmt":"2022-07-11T12:11:23","guid":{"rendered":"https:\/\/mabuko.co.mz\/?post_type=product&#038;p=5044"},"modified":"2022-12-29T14:15:41","modified_gmt":"2022-12-29T14:15:41","slug":"guerra-e-paz-livro-iv","status":"publish","type":"product","link":"https:\/\/mabuko.co.mz\/site\/?product=guerra-e-paz-livro-iv","title":{"rendered":"GUERRA E PAZ  LIVRO IV"},"content":{"rendered":"<p>Lev Tolst\u00f3i<\/p>\n<p>9789722334365<\/p>\n","protected":false},"excerpt":{"rendered":"<p><strong>SINOPSE<\/strong><\/p>\n<p><i>Guerra e Paz<\/i> \u00e9 um verdadeiro monumento da literatura universal. Tolst\u00f3i descreve as guerras movidas por Napole\u00e3o contra as principais monarquias da Europa, dissecando as origens e as consequ\u00eancias dos conflitos e, principalmente, expondo as pessoas e as suas vulnerabilidades com uma aguda percep\u00e7\u00e3o psicol\u00f3gica. O enredo deste romance cobre toda a campanha de Napole\u00e3o na \u00c1ustria, a invas\u00e3o da R\u00fassia pelo ex\u00e9rcito franc\u00eas e a sua retirada, entre 1805 e 1820. Neste quadro \u00e9pico movem-se mais de 550 personagens, al\u00e9m dos elementos das fam\u00edlias aristocr\u00e1ticas principais, Tolst\u00f3i criou um retrato realista e incisivo da sociedade russa de in\u00edcios do s\u00e9culo XIX, denunciando o preconceito e a hipocrisia da nobreza, ao lado da mis\u00e9ria dos soldados e servos. Este romance presta-se ainda a expor as ideias do autor sobre o sentido da vida e a desenvolver as suas reflex\u00f5es filos\u00f3ficas em favor de uma sociedade mais justa e fraterna. O legado liter\u00e1rio de Tolst\u00f3i figura a par do de outros grandes escritores russos do s\u00e9culo XIX entre os quais se destacam Dostoi\u00e9vski, Pushkin, Turgueniev e Tchekov.<\/p>\n<p>Considerado como um dos nomes maiores da literatura, este escritor, fil\u00f3sofo, pedagogo e at\u00e9 profeta, foi um defensor ac\u00e9rrimo das minorias e dos mais desfavorecidos, e um dos primeiros a insurgir-se contra a escravatura. Apesar das muitas persegui\u00e7\u00f5es a que foi sujeito, Lev Tolst\u00f3i encontrou na escrita um ref\u00fagio e foi de forma s\u00e1bia que abordou temas t\u00e3o inquietantes quanto complexos. Entre 1865 e 1869 escreveu e publicou aquela que \u00e9 talvez a sua obra-prima e uma das maiores cria\u00e7\u00f5es liter\u00e1rias de sempre:\u00a0<i>Guerra e Paz<\/i>.<\/p>\n<p>&nbsp;<\/p>\n","protected":false},"featured_media":5045,"template":"","meta":{"_monsterinsights_skip_tracking":false,"_monsterinsights_sitenote_active":false,"_monsterinsights_sitenote_note":"","_monsterinsights_sitenote_category":0},"product_cat":[103,105],"product_tag":[],"class_list":{"0":"post-5044","1":"product","2":"type-product","3":"status-publish","4":"has-post-thumbnail","6":"product_cat-literatura","7":"product_cat-romance","8":"pa_book-author-lev-tolstoi","10":"first","11":"outofstock","12":"shipping-taxable","13":"purchasable","14":"product-type-simple"},"_links":{"self":[{"href":"https:\/\/mabuko.co.mz\/site\/index.php?rest_route=\/wp\/v2\/product\/5044","targetHints":{"allow":["GET"]}}],"collection":[{"href":"https:\/\/mabuko.co.mz\/site\/index.php?rest_route=\/wp\/v2\/product"}],"about":[{"href":"https:\/\/mabuko.co.mz\/site\/index.php?rest_route=\/wp\/v2\/types\/product"}],"wp:featuredmedia":[{"embeddable":true,"href":"https:\/\/mabuko.co.mz\/site\/index.php?rest_route=\/wp\/v2\/media\/5045"}],"wp:attachment":[{"href":"https:\/\/mabuko.co.mz\/site\/index.php?rest_route=%2Fwp%2Fv2%2Fmedia&parent=5044"}],"wp:term":[{"taxonomy":"product_cat","embeddable":true,"href":"https:\/\/mabuko.co.mz\/site\/index.php?rest_route=%2Fwp%2Fv2%2Fproduct_cat&post=5044"},{"taxonomy":"product_tag","embeddable":true,"href":"https:\/\/mabuko.co.mz\/site\/index.php?rest_route=%2Fwp%2Fv2%2Fproduct_tag&post=5044"}],"curies":[{"name":"wp","href":"https:\/\/api.w.org\/{rel}","templated":true}]}}