{"id":5037,"date":"2022-07-11T09:30:37","date_gmt":"2022-07-11T09:30:37","guid":{"rendered":"https:\/\/mabuko.co.mz\/?post_type=product&#038;p=5037"},"modified":"2022-12-29T14:16:33","modified_gmt":"2022-12-29T14:16:33","slug":"por-quem-bate-o-meu-coracao","status":"publish","type":"product","link":"https:\/\/mabuko.co.mz\/site\/?product=por-quem-bate-o-meu-coracao","title":{"rendered":"POR QUEM BATE O MEU CORA\u00c7\u00c3O?"},"content":{"rendered":"<p>Cathy Hopkins<\/p>\n<p>9789722339032<\/p>\n","protected":false},"excerpt":{"rendered":"<p><strong>SINOPSE<\/strong><\/p>\n<p>Se est\u00e1s habituada a saber o que se passa na cabe\u00e7a de raparigas adolescentes, se elas constituem o n\u00facleo duro do teu grupo de amigas e a conversa \u00e9 invariavelmente sobre o complexo e enigm\u00e1tico comportamento dos rapazes, n\u00e3o desesperes mais pois agora chegou um livro onde vais poder perceber como funciona a mente de um rapaz de dezasseis anos. Squidge tem o que se pode considerar a vida perfeita. N\u00e3o lhe falta o apoio dos pais, conseguiu namorar com uma rapariga incr\u00edvel e est\u00e1 rodeado de amigos. O que poderia desejar mais? Subitamente a sua vida altera-se e o que dantes lhe parecia uma evid\u00eancia \u00e9 agora posto em causa. A respons\u00e1vel por este acontecimento \u00e9 uma beldade ruiva, uma das estrelas do filme que come\u00e7a a ser rodado na Cornualha e em que Squidge e os amigos tamb\u00e9m participam. Squidge n\u00e3o quer deixar a namorada mas est\u00e1 completamente enfeiti\u00e7ado pelo poder de sedu\u00e7\u00e3o da nova candidata. Ir\u00e1 manter-se fiel ou deixar-se conduzir por um novo amor? Se queres saber o que se passa com os rapazes, embarca j\u00e1 nesta hilariante e divertida aventura.<\/p>\n","protected":false},"featured_media":5038,"template":"","meta":{"_monsterinsights_skip_tracking":false,"_monsterinsights_sitenote_active":false,"_monsterinsights_sitenote_note":"","_monsterinsights_sitenote_category":0},"product_cat":[135],"product_tag":[],"class_list":{"0":"post-5037","1":"product","2":"type-product","3":"status-publish","4":"has-post-thumbnail","6":"product_cat-infantil","7":"pa_book-author-cathy-hopkins","9":"first","10":"outofstock","11":"shipping-taxable","12":"purchasable","13":"product-type-simple"},"_links":{"self":[{"href":"https:\/\/mabuko.co.mz\/site\/index.php?rest_route=\/wp\/v2\/product\/5037","targetHints":{"allow":["GET"]}}],"collection":[{"href":"https:\/\/mabuko.co.mz\/site\/index.php?rest_route=\/wp\/v2\/product"}],"about":[{"href":"https:\/\/mabuko.co.mz\/site\/index.php?rest_route=\/wp\/v2\/types\/product"}],"wp:featuredmedia":[{"embeddable":true,"href":"https:\/\/mabuko.co.mz\/site\/index.php?rest_route=\/wp\/v2\/media\/5038"}],"wp:attachment":[{"href":"https:\/\/mabuko.co.mz\/site\/index.php?rest_route=%2Fwp%2Fv2%2Fmedia&parent=5037"}],"wp:term":[{"taxonomy":"product_cat","embeddable":true,"href":"https:\/\/mabuko.co.mz\/site\/index.php?rest_route=%2Fwp%2Fv2%2Fproduct_cat&post=5037"},{"taxonomy":"product_tag","embeddable":true,"href":"https:\/\/mabuko.co.mz\/site\/index.php?rest_route=%2Fwp%2Fv2%2Fproduct_tag&post=5037"}],"curies":[{"name":"wp","href":"https:\/\/api.w.org\/{rel}","templated":true}]}}