{"id":5035,"date":"2022-07-11T09:22:15","date_gmt":"2022-07-11T09:22:15","guid":{"rendered":"https:\/\/mabuko.co.mz\/?post_type=product&#038;p=5035"},"modified":"2022-12-29T14:17:19","modified_gmt":"2022-12-29T14:17:19","slug":"o-inverno-do-mundo","status":"publish","type":"product","link":"https:\/\/mabuko.co.mz\/site\/?product=o-inverno-do-mundo","title":{"rendered":"O INVERNO DO MUNDO"},"content":{"rendered":"<p>Ken Follett<\/p>\n<p>9789722348768<\/p>\n","protected":false},"excerpt":{"rendered":"<div id=\"productPageSectionAboutBook-sinopseTitle\" class=\"right-title\"><strong>SINOPSE<\/strong><\/div>\n<div id=\"productPageSectionAboutBook-sinopse\" class=\"right-text\">\n<p>Depois do extraordin\u00e1rio \u00eaxito de repercuss\u00e3o internacional alcan\u00e7ado pelo primeiro livro desta trilogia,\u00a0<i>A Queda dos Gigantes<\/i>, retomamos a hist\u00f3ria no ponto onde a deix\u00e1mos. A segunda gera\u00e7\u00e3o das cinco fam\u00edlias cujas vidas acompanh\u00e1mos no primeiro volume assume pouco a pouco o protagonismo, a par de figuras hist\u00f3ricas e no contexto das situa\u00e7\u00f5es reais, desde a ascens\u00e3o do Terceiro Reich, atrav\u00e9s da Guerra Civil de Espanha, durante a luta feroz entre os Aliados e as pot\u00eancias do Eixo, o Holocausto, o come\u00e7o da era at\u00f3mica inaugurada em Hiroxima e Nagas\u00e1qui, at\u00e9 ao in\u00edcio da Guerra Fria. Como no volume anterior, a totalidade do quadro \u00e9-nos oferecido como um vasto fresco que evolui a um ritmo de complexidade sempre crescente<\/p>\n<\/div>\n","protected":false},"featured_media":5036,"template":"","meta":{"_monsterinsights_skip_tracking":false,"_monsterinsights_sitenote_active":false,"_monsterinsights_sitenote_note":"","_monsterinsights_sitenote_category":0},"product_cat":[103,105],"product_tag":[],"class_list":{"0":"post-5035","1":"product","2":"type-product","3":"status-publish","4":"has-post-thumbnail","6":"product_cat-literatura","7":"product_cat-romance","8":"pa_book-author-ken-follett","10":"first","11":"outofstock","12":"shipping-taxable","13":"purchasable","14":"product-type-simple"},"_links":{"self":[{"href":"https:\/\/mabuko.co.mz\/site\/index.php?rest_route=\/wp\/v2\/product\/5035","targetHints":{"allow":["GET"]}}],"collection":[{"href":"https:\/\/mabuko.co.mz\/site\/index.php?rest_route=\/wp\/v2\/product"}],"about":[{"href":"https:\/\/mabuko.co.mz\/site\/index.php?rest_route=\/wp\/v2\/types\/product"}],"wp:featuredmedia":[{"embeddable":true,"href":"https:\/\/mabuko.co.mz\/site\/index.php?rest_route=\/wp\/v2\/media\/5036"}],"wp:attachment":[{"href":"https:\/\/mabuko.co.mz\/site\/index.php?rest_route=%2Fwp%2Fv2%2Fmedia&parent=5035"}],"wp:term":[{"taxonomy":"product_cat","embeddable":true,"href":"https:\/\/mabuko.co.mz\/site\/index.php?rest_route=%2Fwp%2Fv2%2Fproduct_cat&post=5035"},{"taxonomy":"product_tag","embeddable":true,"href":"https:\/\/mabuko.co.mz\/site\/index.php?rest_route=%2Fwp%2Fv2%2Fproduct_tag&post=5035"}],"curies":[{"name":"wp","href":"https:\/\/api.w.org\/{rel}","templated":true}]}}