{"id":5033,"date":"2022-07-11T09:04:59","date_gmt":"2022-07-11T09:04:59","guid":{"rendered":"https:\/\/mabuko.co.mz\/?post_type=product&#038;p=5033"},"modified":"2022-12-29T14:18:19","modified_gmt":"2022-12-29T14:18:19","slug":"sexta-feira-ou-a-vida-selvagem","status":"publish","type":"product","link":"https:\/\/mabuko.co.mz\/site\/?product=sexta-feira-ou-a-vida-selvagem","title":{"rendered":"SEXTA-FEIRA OU A VIDA SELVAGEM"},"content":{"rendered":"<p>Carlos Reis<\/p>\n<p>Paulo Milit\u00e3o<\/p>\n<p>9789722345484<\/p>\n","protected":false},"excerpt":{"rendered":"<div id=\"productPageSectionAboutBook-sinopseTitle\" class=\"right-title\"><strong>SINOPSE<\/strong><\/div>\n<div id=\"productPageSectionAboutBook-sinopse\" class=\"right-text\">\n<p>Sexta-Feira ou a Vida Selvagem de Michel Tournier tem feito parte da lista de leituras obrigat\u00f3rias para o 3\u00ba ciclo do Ensino B\u00e1sico desde h\u00e1 longos anos. Para que o jovem leitor possa captar toda a import\u00e2ncia desta obra, a presente publica\u00e7\u00e3o inclui um guia de leitura que oferece todas as informa\u00e7\u00f5es fundamentais para ser contextualizada e as sugest\u00f5es de leitura necess\u00e1rias \u00e0 percep\u00e7\u00e3o de uma mudan\u00e7a na forma como o pensamento europeu tem evolu\u00eddo face a culturas anteriormente consideradas como primitivas.<\/p>\n<\/div>\n","protected":false},"featured_media":5034,"template":"","meta":{"_monsterinsights_skip_tracking":false,"_monsterinsights_sitenote_active":false,"_monsterinsights_sitenote_note":"","_monsterinsights_sitenote_category":0},"product_cat":[103],"product_tag":[],"class_list":{"0":"post-5033","1":"product","2":"type-product","3":"status-publish","4":"has-post-thumbnail","6":"product_cat-literatura","7":"pa_book-author-carlos-reis","8":"pa_book-author-paulo-militao","10":"first","11":"outofstock","12":"shipping-taxable","13":"purchasable","14":"product-type-simple"},"_links":{"self":[{"href":"https:\/\/mabuko.co.mz\/site\/index.php?rest_route=\/wp\/v2\/product\/5033","targetHints":{"allow":["GET"]}}],"collection":[{"href":"https:\/\/mabuko.co.mz\/site\/index.php?rest_route=\/wp\/v2\/product"}],"about":[{"href":"https:\/\/mabuko.co.mz\/site\/index.php?rest_route=\/wp\/v2\/types\/product"}],"wp:featuredmedia":[{"embeddable":true,"href":"https:\/\/mabuko.co.mz\/site\/index.php?rest_route=\/wp\/v2\/media\/5034"}],"wp:attachment":[{"href":"https:\/\/mabuko.co.mz\/site\/index.php?rest_route=%2Fwp%2Fv2%2Fmedia&parent=5033"}],"wp:term":[{"taxonomy":"product_cat","embeddable":true,"href":"https:\/\/mabuko.co.mz\/site\/index.php?rest_route=%2Fwp%2Fv2%2Fproduct_cat&post=5033"},{"taxonomy":"product_tag","embeddable":true,"href":"https:\/\/mabuko.co.mz\/site\/index.php?rest_route=%2Fwp%2Fv2%2Fproduct_tag&post=5033"}],"curies":[{"name":"wp","href":"https:\/\/api.w.org\/{rel}","templated":true}]}}