{"id":5031,"date":"2022-07-11T08:48:35","date_gmt":"2022-07-11T08:48:35","guid":{"rendered":"https:\/\/mabuko.co.mz\/?post_type=product&#038;p=5031"},"modified":"2022-12-29T14:20:05","modified_gmt":"2022-12-29T14:20:05","slug":"eu-quero-um-principe-e-nao-um-sapo","status":"publish","type":"product","link":"https:\/\/mabuko.co.mz\/site\/?product=eu-quero-um-principe-e-nao-um-sapo","title":{"rendered":"EU QUERO UM PR\u00cdNCIPE E N\u00c3O UM SAPO!"},"content":{"rendered":"<p>Caroline Plaisted<\/p>\n<p>9789722329187<\/p>\n","protected":false},"excerpt":{"rendered":"<div id=\"productPageSectionAboutBook-sinopseTitle\" class=\"right-title\"><strong>SINOPSE<\/strong><\/div>\n<div id=\"productPageSectionAboutBook-sinopse\" class=\"right-text\">\n<p>Todas as revistas de raparigas se referem \u00e0 adolesc\u00eancia como uma fase espectacular, repleta de aventura e glamour; mas se tal \u00e9 verdade porque \u00e9 que Cassie est\u00e1 prestes a completar dezasseis anos e nunca teve um namorado? Extremamente introvertida, atormentada pelas terr\u00edveis borbulhas (que nada t\u00eam de glamouroso), por uma m\u00e3e super protectora e uma irm\u00e3 mais velha absolutamente perfeita, Cassie vive a adolesc\u00eancia como um verdadeiro pesadelo, mas, ainda assim, tem um sonho\u2026 Encontrar o seu pr\u00edncipe encantado no meio dos muitos sapos que andam por a\u00ed.<\/p>\n<\/div>\n","protected":false},"featured_media":5032,"template":"","meta":{"_monsterinsights_skip_tracking":false,"_monsterinsights_sitenote_active":false,"_monsterinsights_sitenote_note":"","_monsterinsights_sitenote_category":0},"product_cat":[135],"product_tag":[],"class_list":{"0":"post-5031","1":"product","2":"type-product","3":"status-publish","4":"has-post-thumbnail","6":"product_cat-infantil","7":"pa_book-author-caroline-plaisted","9":"first","10":"outofstock","11":"shipping-taxable","12":"purchasable","13":"product-type-simple"},"_links":{"self":[{"href":"https:\/\/mabuko.co.mz\/site\/index.php?rest_route=\/wp\/v2\/product\/5031","targetHints":{"allow":["GET"]}}],"collection":[{"href":"https:\/\/mabuko.co.mz\/site\/index.php?rest_route=\/wp\/v2\/product"}],"about":[{"href":"https:\/\/mabuko.co.mz\/site\/index.php?rest_route=\/wp\/v2\/types\/product"}],"wp:featuredmedia":[{"embeddable":true,"href":"https:\/\/mabuko.co.mz\/site\/index.php?rest_route=\/wp\/v2\/media\/5032"}],"wp:attachment":[{"href":"https:\/\/mabuko.co.mz\/site\/index.php?rest_route=%2Fwp%2Fv2%2Fmedia&parent=5031"}],"wp:term":[{"taxonomy":"product_cat","embeddable":true,"href":"https:\/\/mabuko.co.mz\/site\/index.php?rest_route=%2Fwp%2Fv2%2Fproduct_cat&post=5031"},{"taxonomy":"product_tag","embeddable":true,"href":"https:\/\/mabuko.co.mz\/site\/index.php?rest_route=%2Fwp%2Fv2%2Fproduct_tag&post=5031"}],"curies":[{"name":"wp","href":"https:\/\/api.w.org\/{rel}","templated":true}]}}