{"id":5028,"date":"2022-07-11T08:25:09","date_gmt":"2022-07-11T08:25:09","guid":{"rendered":"https:\/\/mabuko.co.mz\/?post_type=product&#038;p=5028"},"modified":"2022-12-29T14:20:53","modified_gmt":"2022-12-29T14:20:53","slug":"a-pomba","status":"publish","type":"product","link":"https:\/\/mabuko.co.mz\/site\/?product=a-pomba","title":{"rendered":"A POMBA"},"content":{"rendered":"<p>Patrick S\u00fcskind<\/p>\n<p>9789722353229<\/p>\n","protected":false},"excerpt":{"rendered":"<div id=\"productPageSectionAboutBook-sinopseTitle\" class=\"right-title\"><strong>SINOPSE<\/strong><\/div>\n<div id=\"productPageSectionAboutBook-sinopse\" class=\"right-text\">\n<p>O primeiro livro de Patrick S\u00fcskind foi o romance\u00a0<i>O Perfume<\/i>, que imediatamente o celebrizou como autor e que continua a ser um livro de culto para sucessivas gera\u00e7\u00f5es de leitores atra\u00eddos por uma verdadeira obra-prima. A sua segunda obra de fic\u00e7\u00e3o, A Pomba, foi tamb\u00e9m alvo de um excepcional acolhimento internacional. Nesta novela, o porteiro Jonathan, figura central do livro, que partilha a sua mon\u00f3tona exist\u00eancia entre a mansarda que habita e o banco onde trabalha, v\u00ea a sua vida abalada de um momento para o outro quando um p\u00e1ssaro ferido tomba a seus p\u00e9s. A partir deste fait-divers, Patrick S\u00fcskind constr\u00f3i uma pequena maravilha.<\/p>\n<\/div>\n","protected":false},"featured_media":5030,"template":"","meta":{"_monsterinsights_skip_tracking":false,"_monsterinsights_sitenote_active":false,"_monsterinsights_sitenote_note":"","_monsterinsights_sitenote_category":0},"product_cat":[103,105],"product_tag":[],"class_list":{"0":"post-5028","1":"product","2":"type-product","3":"status-publish","4":"has-post-thumbnail","6":"product_cat-literatura","7":"product_cat-romance","8":"pa_book-author-patrick-suskind","10":"first","11":"outofstock","12":"shipping-taxable","13":"purchasable","14":"product-type-simple"},"_links":{"self":[{"href":"https:\/\/mabuko.co.mz\/site\/index.php?rest_route=\/wp\/v2\/product\/5028","targetHints":{"allow":["GET"]}}],"collection":[{"href":"https:\/\/mabuko.co.mz\/site\/index.php?rest_route=\/wp\/v2\/product"}],"about":[{"href":"https:\/\/mabuko.co.mz\/site\/index.php?rest_route=\/wp\/v2\/types\/product"}],"wp:featuredmedia":[{"embeddable":true,"href":"https:\/\/mabuko.co.mz\/site\/index.php?rest_route=\/wp\/v2\/media\/5030"}],"wp:attachment":[{"href":"https:\/\/mabuko.co.mz\/site\/index.php?rest_route=%2Fwp%2Fv2%2Fmedia&parent=5028"}],"wp:term":[{"taxonomy":"product_cat","embeddable":true,"href":"https:\/\/mabuko.co.mz\/site\/index.php?rest_route=%2Fwp%2Fv2%2Fproduct_cat&post=5028"},{"taxonomy":"product_tag","embeddable":true,"href":"https:\/\/mabuko.co.mz\/site\/index.php?rest_route=%2Fwp%2Fv2%2Fproduct_tag&post=5028"}],"curies":[{"name":"wp","href":"https:\/\/api.w.org\/{rel}","templated":true}]}}