{"id":5025,"date":"2022-07-11T08:09:45","date_gmt":"2022-07-11T08:09:45","guid":{"rendered":"https:\/\/mabuko.co.mz\/?post_type=product&#038;p=5025"},"modified":"2022-12-29T14:21:41","modified_gmt":"2022-12-29T14:21:41","slug":"um-instante-de-amor","status":"publish","type":"product","link":"https:\/\/mabuko.co.mz\/site\/?product=um-instante-de-amor","title":{"rendered":"UM INSTANTE DE AMOR"},"content":{"rendered":"<p>Milena Agus<\/p>\n<p>9789722359696<\/p>\n","protected":false},"excerpt":{"rendered":"<p><strong>SINOPSE<\/strong><\/p>\n<p><i>Um Instante de Amor<\/i>\u00a0conta-nos a hist\u00f3ria de uma mulher extraordin\u00e1ria que viveu em Cagliari, na Sardenha, durante a Segunda Guerra Mundial. A rigidez e os preconceitos do meio onde nasceu n\u00e3o se compadecem com a sua natureza sonhadora e rom\u00e2ntica.<\/p>\n<p>Embora seja extremamente bonita, os homens estranham-na, e o amor teima em fazer-se esperar. Atormentada pelo desejo que um casamento de conveni\u00eancia n\u00e3o aplacou, reinventa a sua pr\u00f3pria vida, num rasgo de erotismo e poesia, belo e assombroso como o pr\u00f3prio romance que deslumbrou a It\u00e1lia e a Fran\u00e7a e veio confirmar Milena Agus como uma voz \u00fanica, deliciosamente irreverente, da actual narrativa italiana.<\/p>\n<p>Uma hist\u00f3ria arrebatadora que ganha nova vida no cinema com Marion Cotillard, Louis Garrel e Alex Brendem\u00fchl.<\/p>\n","protected":false},"featured_media":5027,"template":"","meta":{"_monsterinsights_skip_tracking":false,"_monsterinsights_sitenote_active":false,"_monsterinsights_sitenote_note":"","_monsterinsights_sitenote_category":0},"product_cat":[103,105],"product_tag":[],"class_list":{"0":"post-5025","1":"product","2":"type-product","3":"status-publish","4":"has-post-thumbnail","6":"product_cat-literatura","7":"product_cat-romance","8":"pa_book-author-milena-agus","10":"first","11":"instock","12":"shipping-taxable","13":"purchasable","14":"product-type-simple"},"_links":{"self":[{"href":"https:\/\/mabuko.co.mz\/site\/index.php?rest_route=\/wp\/v2\/product\/5025","targetHints":{"allow":["GET"]}}],"collection":[{"href":"https:\/\/mabuko.co.mz\/site\/index.php?rest_route=\/wp\/v2\/product"}],"about":[{"href":"https:\/\/mabuko.co.mz\/site\/index.php?rest_route=\/wp\/v2\/types\/product"}],"wp:featuredmedia":[{"embeddable":true,"href":"https:\/\/mabuko.co.mz\/site\/index.php?rest_route=\/wp\/v2\/media\/5027"}],"wp:attachment":[{"href":"https:\/\/mabuko.co.mz\/site\/index.php?rest_route=%2Fwp%2Fv2%2Fmedia&parent=5025"}],"wp:term":[{"taxonomy":"product_cat","embeddable":true,"href":"https:\/\/mabuko.co.mz\/site\/index.php?rest_route=%2Fwp%2Fv2%2Fproduct_cat&post=5025"},{"taxonomy":"product_tag","embeddable":true,"href":"https:\/\/mabuko.co.mz\/site\/index.php?rest_route=%2Fwp%2Fv2%2Fproduct_tag&post=5025"}],"curies":[{"name":"wp","href":"https:\/\/api.w.org\/{rel}","templated":true}]}}