{"id":5023,"date":"2022-07-11T08:01:23","date_gmt":"2022-07-11T08:01:23","guid":{"rendered":"https:\/\/mabuko.co.mz\/?post_type=product&#038;p=5023"},"modified":"2022-12-29T14:22:25","modified_gmt":"2022-12-29T14:22:25","slug":"memorias-de-tortura-e-resistencia","status":"publish","type":"product","link":"https:\/\/mabuko.co.mz\/site\/?product=memorias-de-tortura-e-resistencia","title":{"rendered":"MEM\u00d3RIAS DE TORTURA E RESIST\u00caNCIA"},"content":{"rendered":"<p>Joaquim Monteiro Matias<\/p>\n<p>9789896442262<\/p>\n","protected":false},"excerpt":{"rendered":"<p><strong>SINOPSE<\/strong><\/p>\n<p>Um jovem advogado na tormenta dos dias sombrios. S\u00e3o absolutamente preciosos para os historiadores e todos os interessados em Hist\u00f3ria e no passado recente portugu\u00eas mem\u00f3rias, testemunhos e relatos, n\u00e3o s\u00f3 porque lembram epis\u00f3dios e acontecimentos pret\u00e9ritos, como porque contribuem para podermos caracterizar um determinado regime pol\u00edtico, neste caso o Salazarista. Sobretudo, ajudam a revelar o que ele representou na vida quotidiana de algumas pessoas, para al\u00e9m do que se pode ver nas leis ou nos discursos dos seus mentores ou opositores.<\/p>\n<p>\u00abNeste caso, Joaquim Monteiro Matias revela aspectos da vida de muitos jovens de uma determinada gera\u00e7\u00e3o que chegou \u00e0 idade adulta em pleno regime ditatorial, no final da d\u00e9cada de 50 do s\u00e9culo xx, muitos anos antes de o dia \u00abclaro e l\u00edmpido\u00bb, embora chuvoso, de 25 de Abril, abrir o caminho para a democracia em Portugal. O autor descreve a forma como um jovem advogado nos anos 50 e 60 se envolveu na actua\u00e7\u00e3o pol\u00edtica, na defesa de presos pol\u00edticos de v\u00e1rias organiza\u00e7\u00f5es pol\u00edticas clandestinas, e como, de defensor, passou ele pr\u00f3prio a preso pol\u00edtico, torturado pela PIDE e julgado no Tribunal Plen\u00e1rio de Lisboa.<br \/>\nS\u00e3o mem\u00f3rias de aspectos da sua vida que cumprem o duplo papel da Mem\u00f3ria e da Hist\u00f3ria, de lembrar tempos passados que marcaram os seus protagonistas e de ao mesmo tempo possibilit\u00e1-los a que falem ainda no nosso presente.\u00bb Do Pref\u00e1cio de Irene Flunser Pimentel<\/p>\n","protected":false},"featured_media":5024,"template":"","meta":{"_monsterinsights_skip_tracking":false,"_monsterinsights_sitenote_active":false,"_monsterinsights_sitenote_note":"","_monsterinsights_sitenote_category":0},"product_cat":[103],"product_tag":[],"class_list":{"0":"post-5023","1":"product","2":"type-product","3":"status-publish","4":"has-post-thumbnail","6":"product_cat-literatura","7":"pa_book-author-joaquim-monteiro-matias","9":"first","10":"outofstock","11":"shipping-taxable","12":"purchasable","13":"product-type-simple"},"_links":{"self":[{"href":"https:\/\/mabuko.co.mz\/site\/index.php?rest_route=\/wp\/v2\/product\/5023","targetHints":{"allow":["GET"]}}],"collection":[{"href":"https:\/\/mabuko.co.mz\/site\/index.php?rest_route=\/wp\/v2\/product"}],"about":[{"href":"https:\/\/mabuko.co.mz\/site\/index.php?rest_route=\/wp\/v2\/types\/product"}],"wp:featuredmedia":[{"embeddable":true,"href":"https:\/\/mabuko.co.mz\/site\/index.php?rest_route=\/wp\/v2\/media\/5024"}],"wp:attachment":[{"href":"https:\/\/mabuko.co.mz\/site\/index.php?rest_route=%2Fwp%2Fv2%2Fmedia&parent=5023"}],"wp:term":[{"taxonomy":"product_cat","embeddable":true,"href":"https:\/\/mabuko.co.mz\/site\/index.php?rest_route=%2Fwp%2Fv2%2Fproduct_cat&post=5023"},{"taxonomy":"product_tag","embeddable":true,"href":"https:\/\/mabuko.co.mz\/site\/index.php?rest_route=%2Fwp%2Fv2%2Fproduct_tag&post=5023"}],"curies":[{"name":"wp","href":"https:\/\/api.w.org\/{rel}","templated":true}]}}