{"id":5020,"date":"2022-07-11T07:38:06","date_gmt":"2022-07-11T07:38:06","guid":{"rendered":"https:\/\/mabuko.co.mz\/?post_type=product&#038;p=5020"},"modified":"2022-10-25T07:12:25","modified_gmt":"2022-10-25T07:12:25","slug":"lisboa-deserta-lisbon-deserted","status":"publish","type":"product","link":"https:\/\/mabuko.co.mz\/site\/?product=lisboa-deserta-lisbon-deserted","title":{"rendered":"LISBOA DESERTA &#8211; LISBON DESERTED"},"content":{"rendered":"<p>Maria Margarida Chaves Marques<\/p>\n<p>9789893305720<\/p>\n","protected":false},"excerpt":{"rendered":"<p><strong>SINOPSE<\/strong><\/p>\n<p>Trata-se de uma obra bilingue e ser\u00e1, por ventura, o primeiro registo fotogr\u00e1fico a virar livro em que se regista e divulga a imag\u00e9tica da cidade de Lisboa durante a pandemia COVID-19.<br \/>\n\u00abN\u00e3o sou fot\u00f3grafa profissional nem tenho qualquer pretens\u00e3o a s\u00ea-lo. Mas gosto de registar as minhas mem\u00f3rias, sobretudo as que me afectam pela sua carga emocional ou pela sua beleza. O que me aconteceu durante o curto per\u00edodo de confinamento em que comecei a percorrer, de manh\u00e3zinha, as ruas da cidade em redor do s\u00edtio privilegiado onde vivo, tocou-me de forma profunda em ambos os sentidos. Lisboa antiga \u00e9 uma cidade magn\u00edfica, mesmo quando despida das suas gentes que a tornam t\u00e3o alegre e garrida. Os sons predominantes passaram a ser outros: o arrulhar dos pombos, o grasnar das gaivotas, o compasso r\u00edtmico das betoneiras das obras de constru\u00e7\u00e3o civil. Imposs\u00edvel ficar indiferente. Por vezes n\u00e3o consegui conter as l\u00e1grimas por ver adormecida a alma desta cidade imponente. E s\u00e3o algumas imagens deste seu sono curto e reparador que gostaria de partilhar. Este registo foi feito com o que tinha \u00e0 m\u00e3o &#8211; um telem\u00f3vel iPhone 11 Pro.\u00bb<\/p>\n","protected":false},"featured_media":5022,"template":"","meta":{"_monsterinsights_skip_tracking":false,"_monsterinsights_sitenote_active":false,"_monsterinsights_sitenote_note":"","_monsterinsights_sitenote_category":0},"product_cat":[237],"product_tag":[],"class_list":{"0":"post-5020","1":"product","2":"type-product","3":"status-publish","4":"has-post-thumbnail","6":"product_cat-arte","7":"pa_book-author-maria-margarida-chaves-marques","9":"first","10":"instock","11":"shipping-taxable","12":"purchasable","13":"product-type-simple"},"_links":{"self":[{"href":"https:\/\/mabuko.co.mz\/site\/index.php?rest_route=\/wp\/v2\/product\/5020","targetHints":{"allow":["GET"]}}],"collection":[{"href":"https:\/\/mabuko.co.mz\/site\/index.php?rest_route=\/wp\/v2\/product"}],"about":[{"href":"https:\/\/mabuko.co.mz\/site\/index.php?rest_route=\/wp\/v2\/types\/product"}],"wp:featuredmedia":[{"embeddable":true,"href":"https:\/\/mabuko.co.mz\/site\/index.php?rest_route=\/wp\/v2\/media\/5022"}],"wp:attachment":[{"href":"https:\/\/mabuko.co.mz\/site\/index.php?rest_route=%2Fwp%2Fv2%2Fmedia&parent=5020"}],"wp:term":[{"taxonomy":"product_cat","embeddable":true,"href":"https:\/\/mabuko.co.mz\/site\/index.php?rest_route=%2Fwp%2Fv2%2Fproduct_cat&post=5020"},{"taxonomy":"product_tag","embeddable":true,"href":"https:\/\/mabuko.co.mz\/site\/index.php?rest_route=%2Fwp%2Fv2%2Fproduct_tag&post=5020"}],"curies":[{"name":"wp","href":"https:\/\/api.w.org\/{rel}","templated":true}]}}