{"id":5018,"date":"2022-07-11T07:20:39","date_gmt":"2022-07-11T07:20:39","guid":{"rendered":"https:\/\/mabuko.co.mz\/?post_type=product&#038;p=5018"},"modified":"2022-12-29T14:24:14","modified_gmt":"2022-12-29T14:24:14","slug":"poesia-e-etnicizacao-nos-livros-didacticos-de-portugues","status":"publish","type":"product","link":"https:\/\/mabuko.co.mz\/site\/?product=poesia-e-etnicizacao-nos-livros-didacticos-de-portugues","title":{"rendered":"POESIA E ETNICIZA\u00c7\u00c3O NOS LIVROS DID\u00c1CTICOS DE PORTUGU\u00caS"},"content":{"rendered":"<p>Jose\u0301 de Sousa Miguel Lopes<\/p>\n<p>9788580429695<\/p>\n","protected":false},"excerpt":{"rendered":"<p>Jose\u0301 de Sousa Miguel Lopes 9788580429695<\/p>\n","protected":false},"featured_media":5019,"template":"","meta":{"_monsterinsights_skip_tracking":false,"_monsterinsights_sitenote_active":false,"_monsterinsights_sitenote_note":"","_monsterinsights_sitenote_category":0},"product_cat":[102],"product_tag":[],"class_list":{"0":"post-5018","1":"product","2":"type-product","3":"status-publish","4":"has-post-thumbnail","6":"product_cat-livros-tecnicos","7":"pa_book-author-jose-de-sousa-miguel-lopes","9":"first","10":"outofstock","11":"shipping-taxable","12":"purchasable","13":"product-type-simple"},"_links":{"self":[{"href":"https:\/\/mabuko.co.mz\/site\/index.php?rest_route=\/wp\/v2\/product\/5018","targetHints":{"allow":["GET"]}}],"collection":[{"href":"https:\/\/mabuko.co.mz\/site\/index.php?rest_route=\/wp\/v2\/product"}],"about":[{"href":"https:\/\/mabuko.co.mz\/site\/index.php?rest_route=\/wp\/v2\/types\/product"}],"wp:featuredmedia":[{"embeddable":true,"href":"https:\/\/mabuko.co.mz\/site\/index.php?rest_route=\/wp\/v2\/media\/5019"}],"wp:attachment":[{"href":"https:\/\/mabuko.co.mz\/site\/index.php?rest_route=%2Fwp%2Fv2%2Fmedia&parent=5018"}],"wp:term":[{"taxonomy":"product_cat","embeddable":true,"href":"https:\/\/mabuko.co.mz\/site\/index.php?rest_route=%2Fwp%2Fv2%2Fproduct_cat&post=5018"},{"taxonomy":"product_tag","embeddable":true,"href":"https:\/\/mabuko.co.mz\/site\/index.php?rest_route=%2Fwp%2Fv2%2Fproduct_tag&post=5018"}],"curies":[{"name":"wp","href":"https:\/\/api.w.org\/{rel}","templated":true}]}}