{"id":5000,"date":"2022-07-08T06:32:05","date_gmt":"2022-07-08T06:32:05","guid":{"rendered":"https:\/\/mabuko.co.mz\/?post_type=product&#038;p=5000"},"modified":"2022-12-29T14:24:53","modified_gmt":"2022-12-29T14:24:53","slug":"princesa-poppy-o-livro-de-receitas","status":"publish","type":"product","link":"https:\/\/mabuko.co.mz\/site\/?product=princesa-poppy-o-livro-de-receitas","title":{"rendered":"PRINCESA POPPY &#8211; O LIVRO DE RECEITAS"},"content":{"rendered":"<p>Janey Louise Jones<\/p>\n<p>9789897071416<\/p>\n<p style=\"line-height: 150%;\">\n","protected":false},"excerpt":{"rendered":"<div id=\"productPageSectionAboutBook-sinopseTitle\" class=\"right-title\"><strong>SINOPSE<\/strong><\/div>\n<div id=\"productPageSectionAboutBook-sinopse\" class=\"right-text\">\n<p>Aprende a cozinhar e diverte-te com as receitas e actividades da Princesa Poppy e dos seus amigos!<\/p>\n<p>Segue as instru\u00e7\u00f5es e dicas da Poppy e conseguir\u00e1s cozinhar com ela. Cria tamb\u00e9m tiaras e decora\u00e7\u00f5es para a tua festa, ou prepara-te para as celebra\u00e7\u00f5es natal\u00edcias com ideias para bolinhos e presentes maravilhosos. E n\u00e3o te esque\u00e7as de os partilhar com os teus amigos e familiares! Inclui 25 receitas e actividades divertidas<\/p>\n<\/div>\n","protected":false},"featured_media":5001,"template":"","meta":{"_monsterinsights_skip_tracking":false,"_monsterinsights_sitenote_active":false,"_monsterinsights_sitenote_note":"","_monsterinsights_sitenote_category":0},"product_cat":[135],"product_tag":[],"class_list":{"0":"post-5000","1":"product","2":"type-product","3":"status-publish","4":"has-post-thumbnail","6":"product_cat-infantil","7":"pa_book-author-janey-louise-jones","9":"first","10":"outofstock","11":"shipping-taxable","12":"purchasable","13":"product-type-simple"},"_links":{"self":[{"href":"https:\/\/mabuko.co.mz\/site\/index.php?rest_route=\/wp\/v2\/product\/5000","targetHints":{"allow":["GET"]}}],"collection":[{"href":"https:\/\/mabuko.co.mz\/site\/index.php?rest_route=\/wp\/v2\/product"}],"about":[{"href":"https:\/\/mabuko.co.mz\/site\/index.php?rest_route=\/wp\/v2\/types\/product"}],"wp:featuredmedia":[{"embeddable":true,"href":"https:\/\/mabuko.co.mz\/site\/index.php?rest_route=\/wp\/v2\/media\/5001"}],"wp:attachment":[{"href":"https:\/\/mabuko.co.mz\/site\/index.php?rest_route=%2Fwp%2Fv2%2Fmedia&parent=5000"}],"wp:term":[{"taxonomy":"product_cat","embeddable":true,"href":"https:\/\/mabuko.co.mz\/site\/index.php?rest_route=%2Fwp%2Fv2%2Fproduct_cat&post=5000"},{"taxonomy":"product_tag","embeddable":true,"href":"https:\/\/mabuko.co.mz\/site\/index.php?rest_route=%2Fwp%2Fv2%2Fproduct_tag&post=5000"}],"curies":[{"name":"wp","href":"https:\/\/api.w.org\/{rel}","templated":true}]}}