{"id":4997,"date":"2022-07-07T14:56:03","date_gmt":"2022-07-07T14:56:03","guid":{"rendered":"https:\/\/mabuko.co.mz\/?post_type=product&#038;p=4997"},"modified":"2022-12-29T14:25:37","modified_gmt":"2022-12-29T14:25:37","slug":"os-novos-direitos-humanos","status":"publish","type":"product","link":"https:\/\/mabuko.co.mz\/site\/?product=os-novos-direitos-humanos","title":{"rendered":"OS NOVOS DIREITOS HUMANOS"},"content":{"rendered":"<p>Osho<\/p>\n<p>9789896874858<\/p>\n","protected":false},"excerpt":{"rendered":"<p><strong>SINOPSE<\/strong><\/p>\n<p>Uma Vis\u00e3o Revolucion\u00e1ria do Potencial Humano A Declara\u00e7\u00e3o Universal dos Direitos do Homem da ONU foi redigida em parte como reac\u00e7\u00e3o aos horrores da Segunda Guerra Mundial &#8211; e tem, por isso, um pendor negativista, uma preocupa\u00e7\u00e3o em evitar que o ser humano volte a agir segundo o pior da sua natureza. Mas\u2026 e quanto ao melhor da sua natureza? Uma reflex\u00e3o sobre as coisas a que o ser humano realmente tem direito, aquilo que devia respeitar acima de tudo, tem de incluir aquilo que a experi\u00eancia espiritual humana tem de mais elevado: a liberdade. A verdade. O amor. A transcend\u00eancia. S\u00f3 assim poderemos elevar a consci\u00eancia e transformar o planeta.<\/p>\n<p>\u00abNuma linguagem simples mas profunda, o mestre Osho ensina-nos a viver no momento presente, que \u00e9 a verdadeira vida eterna.\u00bb Livres Hebdo, Fran\u00e7a \u00abEle cita Jesus, Buda, Mahavira, Lao-Ts\u00e9, os mestres Sufi e Zen impecavelmente, interpretando-os com frescura e vivacidade, como se eles estivessem a falar hoje mesmo, como se usassem jeans!\u00bb Die Zeit, Alemanha \u00abOsho apresenta a sua filosofia com humor e uma ret\u00f3rica brilhante, com uma ironia cativante e encantadora.\u00bb Der Spiegel, Alemanha \u00abTinha um conhecimento profundo tanto do Ocidente como do Oriente.<\/p>\n<p>De Buda a Jesus, de Heraclito a Marx, do m\u00edstico indiano Tilopa ao psicanalista Jung, do Zen ao Sufismo, do Ioga ao Tantra, ele conseguia apontar as fraquezas e os pontos fortes de cada doutrina. Ele era o mestre que n\u00e3o dava respostas, simplesmente criava um espa\u00e7o de liberdade.\u00bb Elle, It\u00e1lia<\/p>\n","protected":false},"featured_media":4998,"template":"","meta":{"_monsterinsights_skip_tracking":false,"_monsterinsights_sitenote_active":false,"_monsterinsights_sitenote_note":"","_monsterinsights_sitenote_category":0},"product_cat":[108],"product_tag":[],"class_list":{"0":"post-4997","1":"product","2":"type-product","3":"status-publish","4":"has-post-thumbnail","6":"product_cat-auto-ajuda","7":"pa_book-author-osho","9":"first","10":"outofstock","11":"shipping-taxable","12":"purchasable","13":"product-type-simple"},"_links":{"self":[{"href":"https:\/\/mabuko.co.mz\/site\/index.php?rest_route=\/wp\/v2\/product\/4997","targetHints":{"allow":["GET"]}}],"collection":[{"href":"https:\/\/mabuko.co.mz\/site\/index.php?rest_route=\/wp\/v2\/product"}],"about":[{"href":"https:\/\/mabuko.co.mz\/site\/index.php?rest_route=\/wp\/v2\/types\/product"}],"wp:featuredmedia":[{"embeddable":true,"href":"https:\/\/mabuko.co.mz\/site\/index.php?rest_route=\/wp\/v2\/media\/4998"}],"wp:attachment":[{"href":"https:\/\/mabuko.co.mz\/site\/index.php?rest_route=%2Fwp%2Fv2%2Fmedia&parent=4997"}],"wp:term":[{"taxonomy":"product_cat","embeddable":true,"href":"https:\/\/mabuko.co.mz\/site\/index.php?rest_route=%2Fwp%2Fv2%2Fproduct_cat&post=4997"},{"taxonomy":"product_tag","embeddable":true,"href":"https:\/\/mabuko.co.mz\/site\/index.php?rest_route=%2Fwp%2Fv2%2Fproduct_tag&post=4997"}],"curies":[{"name":"wp","href":"https:\/\/api.w.org\/{rel}","templated":true}]}}