{"id":4995,"date":"2022-07-07T14:41:40","date_gmt":"2022-07-07T14:41:40","guid":{"rendered":"https:\/\/mabuko.co.mz\/?post_type=product&#038;p=4995"},"modified":"2022-12-29T14:26:14","modified_gmt":"2022-12-29T14:26:14","slug":"a-arte-subtil-de-saber-dizer-que-se-fda","status":"publish","type":"product","link":"https:\/\/mabuko.co.mz\/site\/?product=a-arte-subtil-de-saber-dizer-que-se-fda","title":{"rendered":"A ARTE SUBTIL DE SABER DIZER QUE SE F*DA uma abordagem contraintuitiva para saber viver uma vida melhor"},"content":{"rendered":"<p>Mark Manson<\/p>\n<p>9789899033337<\/p>\n","protected":false},"excerpt":{"rendered":"<p><strong>SINOPSE<\/strong><\/p>\n<p>Durante d\u00e9cadas convenceram-nos de que o pensamento positivo era a chave para uma vida rica e feliz. Mas esses dias chegaram ao fim. Que se f*da o pensamento positivo! Mark Manson acredita que a sociedade est\u00e1 contaminada por grandes doses de treta e de expectativas ilus\u00f3rias em rela\u00e7\u00e3o a n\u00f3s pr\u00f3prios e ao mundo. Recorrendo a um estilo brutalmente honesto, Manson mostra-nos que o caminho para melhorar a nossa vida requer aprender a lidar com a adversidade. Aconselha-nos a conhecer os nossos limites e a aceit\u00e1-los, pois no momento em que reconhecemos os nossos receios, falhas e incertezas, podemos come\u00e7ar a enfrentar as verdades dolorosas e a focar-nos no que realmente importa.<\/p>\n<p>Recheado de humor e experi\u00eancias de vida, A Arte Subtil De Saber Dizer Que se F*da \u00e9 o soco no est\u00f4mago que as novas gera\u00e7\u00f5es precisam para n\u00e3o se perderem num mundo cada vez mais f\u00fatil.<\/p>\n","protected":false},"featured_media":4996,"template":"","meta":{"_monsterinsights_skip_tracking":false,"_monsterinsights_sitenote_active":false,"_monsterinsights_sitenote_note":"","_monsterinsights_sitenote_category":0},"product_cat":[108],"product_tag":[],"class_list":{"0":"post-4995","1":"product","2":"type-product","3":"status-publish","4":"has-post-thumbnail","6":"product_cat-auto-ajuda","7":"pa_book-author-mark-manson","9":"first","10":"outofstock","11":"shipping-taxable","12":"purchasable","13":"product-type-simple"},"_links":{"self":[{"href":"https:\/\/mabuko.co.mz\/site\/index.php?rest_route=\/wp\/v2\/product\/4995","targetHints":{"allow":["GET"]}}],"collection":[{"href":"https:\/\/mabuko.co.mz\/site\/index.php?rest_route=\/wp\/v2\/product"}],"about":[{"href":"https:\/\/mabuko.co.mz\/site\/index.php?rest_route=\/wp\/v2\/types\/product"}],"wp:featuredmedia":[{"embeddable":true,"href":"https:\/\/mabuko.co.mz\/site\/index.php?rest_route=\/wp\/v2\/media\/4996"}],"wp:attachment":[{"href":"https:\/\/mabuko.co.mz\/site\/index.php?rest_route=%2Fwp%2Fv2%2Fmedia&parent=4995"}],"wp:term":[{"taxonomy":"product_cat","embeddable":true,"href":"https:\/\/mabuko.co.mz\/site\/index.php?rest_route=%2Fwp%2Fv2%2Fproduct_cat&post=4995"},{"taxonomy":"product_tag","embeddable":true,"href":"https:\/\/mabuko.co.mz\/site\/index.php?rest_route=%2Fwp%2Fv2%2Fproduct_tag&post=4995"}],"curies":[{"name":"wp","href":"https:\/\/api.w.org\/{rel}","templated":true}]}}