{"id":4991,"date":"2022-07-07T14:21:28","date_gmt":"2022-07-07T14:21:28","guid":{"rendered":"https:\/\/mabuko.co.mz\/?post_type=product&#038;p=4991"},"modified":"2022-10-25T07:25:32","modified_gmt":"2022-10-25T07:25:32","slug":"o-bando-das-cavernas-o-planeta-desconhecido","status":"publish","type":"product","link":"https:\/\/mabuko.co.mz\/site\/?product=o-bando-das-cavernas-o-planeta-desconhecido","title":{"rendered":"O BANDO DAS CAVERNAS O planeta desconhecido"},"content":{"rendered":"<p>Nuno Caravela<\/p>\n<p>9789895646562<\/p>\n","protected":false},"excerpt":{"rendered":"<div id=\"productPageSectionAboutBook-sinopseTitle\" class=\"right-title\"><strong>SINOPSE<\/strong><\/div>\n<div id=\"productPageSectionAboutBook-sinopse\" class=\"right-text\">\n<p>Ol\u00e1! Somos um grupo de amigos muito especial que, juntamente com o nosso bando rival, vive aventuras e perip\u00e9cias vindas dos confins do tempo. Nesta colec\u00e7\u00e3o, a professora de Hist\u00f3ria desafiou-nos a fazer uma s\u00e9rie de filmes pr\u00e9-hist\u00f3ricos com o tema: <i>Her\u00f3is do Mundo<\/i>. Claro que n\u00e3o v\u00e3o faltar as trapalhadas e gargalhadas do costume. Por isso, j\u00e1 sabes como \u00e9: diverte-te a aprender e\u2026 junta-te ao Bando!<\/p>\n<p>O grande navegador Fern\u00e3o de Magalh\u00e3es (e a sua tripula\u00e7\u00e3o, digamos, um pouco doida) est\u00e3o decididos a fazer a primeira viagem \u00e0 volta do planeta. Mas navegar pelo desconhecido n\u00e3o \u00e9 f\u00e1cil. Ser\u00e1 que a Terra \u00e9 mesmo redonda ou ir\u00e3o eles encontrar o fim do mundo? Uma coisa \u00e9 certa, nesta incr\u00edvel aventura hist\u00f3rica, Fern\u00e3o de Magalh\u00e3es vai conhecer tribos divertidas e at\u00e9 algumas ilhas bastante\u2026 malucas. Diverte-te a ler e aprende com o Bando!<\/p>\n<p>Nota para pais e educadores!<br \/>\nEsta aventura pode ser hilariante, mas todos os conte\u00fados foram revistos e aprovados por uma professora de Hist\u00f3ria.<\/p>\n<p>Aprender tamb\u00e9m \u00e9 divertido!<\/p>\n<\/div>\n","protected":false},"featured_media":4992,"template":"","meta":{"_monsterinsights_skip_tracking":false,"_monsterinsights_sitenote_active":false,"_monsterinsights_sitenote_note":"","_monsterinsights_sitenote_category":0},"product_cat":[135],"product_tag":[],"class_list":{"0":"post-4991","1":"product","2":"type-product","3":"status-publish","4":"has-post-thumbnail","6":"product_cat-infantil","7":"pa_book-author-nuno-caravela","9":"first","10":"instock","11":"shipping-taxable","12":"purchasable","13":"product-type-simple"},"_links":{"self":[{"href":"https:\/\/mabuko.co.mz\/site\/index.php?rest_route=\/wp\/v2\/product\/4991","targetHints":{"allow":["GET"]}}],"collection":[{"href":"https:\/\/mabuko.co.mz\/site\/index.php?rest_route=\/wp\/v2\/product"}],"about":[{"href":"https:\/\/mabuko.co.mz\/site\/index.php?rest_route=\/wp\/v2\/types\/product"}],"wp:featuredmedia":[{"embeddable":true,"href":"https:\/\/mabuko.co.mz\/site\/index.php?rest_route=\/wp\/v2\/media\/4992"}],"wp:attachment":[{"href":"https:\/\/mabuko.co.mz\/site\/index.php?rest_route=%2Fwp%2Fv2%2Fmedia&parent=4991"}],"wp:term":[{"taxonomy":"product_cat","embeddable":true,"href":"https:\/\/mabuko.co.mz\/site\/index.php?rest_route=%2Fwp%2Fv2%2Fproduct_cat&post=4991"},{"taxonomy":"product_tag","embeddable":true,"href":"https:\/\/mabuko.co.mz\/site\/index.php?rest_route=%2Fwp%2Fv2%2Fproduct_tag&post=4991"}],"curies":[{"name":"wp","href":"https:\/\/api.w.org\/{rel}","templated":true}]}}