{"id":4989,"date":"2022-07-07T14:11:44","date_gmt":"2022-07-07T14:11:44","guid":{"rendered":"https:\/\/mabuko.co.mz\/?post_type=product&#038;p=4989"},"modified":"2022-12-29T14:28:14","modified_gmt":"2022-12-29T14:28:14","slug":"a-culpa-e-da-estrelas","status":"publish","type":"product","link":"https:\/\/mabuko.co.mz\/site\/?product=a-culpa-e-da-estrelas","title":{"rendered":"A CULPA \u00c9 DAS ESTRELAS"},"content":{"rendered":"<p>John Green<\/p>\n<p>9789892320946<\/p>\n","protected":false},"excerpt":{"rendered":"<div id=\"productPageSectionAboutBook-sinopseTitle\" class=\"right-title\"><strong>SINOPSE<\/strong><\/div>\n<div id=\"productPageSectionAboutBook-sinopse\" class=\"right-text\">\n<p>Apesar do milagre da medicina que fez diminuir o tumor que a atacara h\u00e1 alguns anos, Hazel nunca tinha conhecido outra situa\u00e7\u00e3o que n\u00e3o a de doente terminal, sendo o cap\u00edtulo final da sua vida parte integrante do seu diagn\u00f3stico. Mas com a chegada repentina ao Grupo de Apoio dos Mi\u00fados com Cancro de uma atraente reviravolta de seu nome Augustus Waters, a hist\u00f3ria de Hazel v\u00ea-se agora prestes a ser completamente reescrita.<\/p>\n<p>PERSPICAZ, ARROJADO, IRREVERENTE E CRU,\u00a0<i>A Culpa \u00e9 das Estrelas<\/i>\u00a0\u00e9 a obra mais ambiciosa e comovente que o premiado autor John Green nos apresentou at\u00e9 hoje, explorando de maneira brilhante a aventura divertida, empolgante e tr\u00e1gica que \u00e9 estar-se vivo e apaixonado.<\/p>\n<\/div>\n","protected":false},"featured_media":5049,"template":"","meta":{"_monsterinsights_skip_tracking":false,"_monsterinsights_sitenote_active":false,"_monsterinsights_sitenote_note":"","_monsterinsights_sitenote_category":0},"product_cat":[103,105],"product_tag":[],"class_list":{"0":"post-4989","1":"product","2":"type-product","3":"status-publish","4":"has-post-thumbnail","6":"product_cat-literatura","7":"product_cat-romance","8":"pa_book-author-john-green","10":"first","11":"outofstock","12":"shipping-taxable","13":"purchasable","14":"product-type-simple"},"_links":{"self":[{"href":"https:\/\/mabuko.co.mz\/site\/index.php?rest_route=\/wp\/v2\/product\/4989","targetHints":{"allow":["GET"]}}],"collection":[{"href":"https:\/\/mabuko.co.mz\/site\/index.php?rest_route=\/wp\/v2\/product"}],"about":[{"href":"https:\/\/mabuko.co.mz\/site\/index.php?rest_route=\/wp\/v2\/types\/product"}],"wp:featuredmedia":[{"embeddable":true,"href":"https:\/\/mabuko.co.mz\/site\/index.php?rest_route=\/wp\/v2\/media\/5049"}],"wp:attachment":[{"href":"https:\/\/mabuko.co.mz\/site\/index.php?rest_route=%2Fwp%2Fv2%2Fmedia&parent=4989"}],"wp:term":[{"taxonomy":"product_cat","embeddable":true,"href":"https:\/\/mabuko.co.mz\/site\/index.php?rest_route=%2Fwp%2Fv2%2Fproduct_cat&post=4989"},{"taxonomy":"product_tag","embeddable":true,"href":"https:\/\/mabuko.co.mz\/site\/index.php?rest_route=%2Fwp%2Fv2%2Fproduct_tag&post=4989"}],"curies":[{"name":"wp","href":"https:\/\/api.w.org\/{rel}","templated":true}]}}