{"id":4984,"date":"2022-07-07T13:56:46","date_gmt":"2022-07-07T13:56:46","guid":{"rendered":"https:\/\/mabuko.co.mz\/?post_type=product&#038;p=4984"},"modified":"2022-12-29T14:28:56","modified_gmt":"2022-12-29T14:28:56","slug":"as-aventuras-de-tintin-rumo-a-lua","status":"publish","type":"product","link":"https:\/\/mabuko.co.mz\/site\/?product=as-aventuras-de-tintin-rumo-a-lua","title":{"rendered":"AS AVENTURAS DE TINTIN RUMO \u00c0 LUA"},"content":{"rendered":"<p>Herg\u00e9<\/p>\n<p>9789892310695<\/p>\n","protected":false},"excerpt":{"rendered":"<div id=\"productPageSectionAboutBook-sinopseTitle\" class=\"right-title\"><strong>SINOPSE<\/strong><\/div>\n<div id=\"productPageSectionAboutBook-sinopse\" class=\"right-text\">\n<p>Ao regressar do pa\u00eds do Ouro Negro, o capit\u00e3o Haddock fica a saber que o professor Girassol partira havia tr\u00eas semanas com um estrangeiro desconhecido. Logo em seguida recebe um telegrama do professor, no qual diz que se encontra na Sild\u00e1via e pede ao capit\u00e3o e ao Tintin para l\u00e1 irem ter com ele. Os dois partem de imediato. No aeroporto da capital da Sild\u00e1via, um motorista espera-os e leva-os para o que parece ser uma instala\u00e7\u00e3o militar ultra-secreta. L\u00e1 encontram o professor a trabalhar num foguet\u00e3o a bordo do qual partir\u00e1 rumo \u00e0 Lua. E ele quer que Tintin e Haddock participem na expedi\u00e7\u00e3o! Nem \u00e9 preciso dizer que Dupond e Dupont aparecem desastradamente para tratarem da seguran\u00e7a dos tr\u00eas. Enquanto isso, agentes de uma pot\u00eancia inimiga fazem de tudo para roubar o projecto e sabotar a expedi\u00e7\u00e3o da Sild\u00e1via.<\/p>\n<\/div>\n","protected":false},"featured_media":4986,"template":"","meta":{"_monsterinsights_skip_tracking":false,"_monsterinsights_sitenote_active":false,"_monsterinsights_sitenote_note":"","_monsterinsights_sitenote_category":0},"product_cat":[205],"product_tag":[],"class_list":{"0":"post-4984","1":"product","2":"type-product","3":"status-publish","4":"has-post-thumbnail","6":"product_cat-banda-desenhada","7":"pa_book-author-herge","9":"first","10":"outofstock","11":"shipping-taxable","12":"purchasable","13":"product-type-simple"},"_links":{"self":[{"href":"https:\/\/mabuko.co.mz\/site\/index.php?rest_route=\/wp\/v2\/product\/4984","targetHints":{"allow":["GET"]}}],"collection":[{"href":"https:\/\/mabuko.co.mz\/site\/index.php?rest_route=\/wp\/v2\/product"}],"about":[{"href":"https:\/\/mabuko.co.mz\/site\/index.php?rest_route=\/wp\/v2\/types\/product"}],"wp:featuredmedia":[{"embeddable":true,"href":"https:\/\/mabuko.co.mz\/site\/index.php?rest_route=\/wp\/v2\/media\/4986"}],"wp:attachment":[{"href":"https:\/\/mabuko.co.mz\/site\/index.php?rest_route=%2Fwp%2Fv2%2Fmedia&parent=4984"}],"wp:term":[{"taxonomy":"product_cat","embeddable":true,"href":"https:\/\/mabuko.co.mz\/site\/index.php?rest_route=%2Fwp%2Fv2%2Fproduct_cat&post=4984"},{"taxonomy":"product_tag","embeddable":true,"href":"https:\/\/mabuko.co.mz\/site\/index.php?rest_route=%2Fwp%2Fv2%2Fproduct_tag&post=4984"}],"curies":[{"name":"wp","href":"https:\/\/api.w.org\/{rel}","templated":true}]}}