{"id":4982,"date":"2022-07-07T13:50:24","date_gmt":"2022-07-07T13:50:24","guid":{"rendered":"https:\/\/mabuko.co.mz\/?post_type=product&#038;p=4982"},"modified":"2023-04-11T08:27:03","modified_gmt":"2023-04-11T08:27:03","slug":"o-diario-de-um-banana-ora-bolas","status":"publish","type":"product","link":"https:\/\/mabuko.co.mz\/site\/?product=o-diario-de-um-banana-ora-bolas","title":{"rendered":"O DI\u00c1RIO DE UM BANANA &#8211; ORA BOLAS"},"content":{"rendered":"<p>Jeff Kinney<\/p>\n<p>9789897071737<\/p>\n","protected":false},"excerpt":{"rendered":"<div id=\"productPageSectionAboutBook-sinopseTitle\" class=\"right-title\"><strong>SINOPSE<\/strong><\/div>\n<div id=\"productPageSectionAboutBook-sinopse\" class=\"right-text\">\n<p>O Greg anda em mar\u00e9 de azar. O Rowley deixou-o, e arranjar novos amigos na escola est\u00e1 a ser uma tarefa complicada. Para dar a volta por cima, o Greg decide confiar o seu destino \u00e0 sorte. Ser\u00e1 que o Greg vai passar o resto da vida a dizer&#8230; ora bolas?<\/p>\n<\/div>\n","protected":false},"featured_media":4983,"template":"","meta":{"_monsterinsights_skip_tracking":false,"_monsterinsights_sitenote_active":false,"_monsterinsights_sitenote_note":"","_monsterinsights_sitenote_category":0},"product_cat":[135],"product_tag":[],"class_list":{"0":"post-4982","1":"product","2":"type-product","3":"status-publish","4":"has-post-thumbnail","6":"product_cat-infantil","7":"pa_book-author-jeff-kinney","9":"first","10":"outofstock","11":"shipping-taxable","12":"purchasable","13":"product-type-simple"},"_links":{"self":[{"href":"https:\/\/mabuko.co.mz\/site\/index.php?rest_route=\/wp\/v2\/product\/4982","targetHints":{"allow":["GET"]}}],"collection":[{"href":"https:\/\/mabuko.co.mz\/site\/index.php?rest_route=\/wp\/v2\/product"}],"about":[{"href":"https:\/\/mabuko.co.mz\/site\/index.php?rest_route=\/wp\/v2\/types\/product"}],"wp:featuredmedia":[{"embeddable":true,"href":"https:\/\/mabuko.co.mz\/site\/index.php?rest_route=\/wp\/v2\/media\/4983"}],"wp:attachment":[{"href":"https:\/\/mabuko.co.mz\/site\/index.php?rest_route=%2Fwp%2Fv2%2Fmedia&parent=4982"}],"wp:term":[{"taxonomy":"product_cat","embeddable":true,"href":"https:\/\/mabuko.co.mz\/site\/index.php?rest_route=%2Fwp%2Fv2%2Fproduct_cat&post=4982"},{"taxonomy":"product_tag","embeddable":true,"href":"https:\/\/mabuko.co.mz\/site\/index.php?rest_route=%2Fwp%2Fv2%2Fproduct_tag&post=4982"}],"curies":[{"name":"wp","href":"https:\/\/api.w.org\/{rel}","templated":true}]}}