{"id":4979,"date":"2022-07-07T13:40:45","date_gmt":"2022-07-07T13:40:45","guid":{"rendered":"https:\/\/mabuko.co.mz\/?post_type=product&#038;p=4979"},"modified":"2022-10-25T07:34:39","modified_gmt":"2022-10-25T07:34:39","slug":"a-arte-da-seducao","status":"publish","type":"product","link":"https:\/\/mabuko.co.mz\/site\/?product=a-arte-da-seducao","title":{"rendered":"A ARTE DA SEDU\u00c7\u00c3O"},"content":{"rendered":"<p>Robert Greene<\/p>\n<p>9789725924938<\/p>\n","protected":false},"excerpt":{"rendered":"<p><strong>SINOPSE<\/strong><\/p>\n<p>Consiga o que quer atrav\u00e9s da manipula\u00e7\u00e3o da maior fraqueza das pessoas: o desejo de prazer.<\/p>\n<p>A sedu\u00e7\u00e3o \u00e9 a mais subtil, ardilosa e eficaz forma de poder. Tanto se manifesta no dom\u00ednio de John F. Kennedy sobre as massas, como no que Cle\u00f3patra exerceu sobre Marco Ant\u00f3nio. Nesta obra, o autor do bestseller\u00a0<i>As 48 Leis do Poder<\/i>\u00a0elaborou um manual sintetizando a literatura cl\u00e1ssica sobre a sedu\u00e7\u00e3o, desde Freud a Kierkegaard e Ov\u00eddio a Casanova, contendo estrat\u00e9gias astuciosas e ilustrado com sucessos e fracassos dos diversos protagonistas ao longo da Hist\u00f3ria.<br \/>\nMais uma vez Robert Greene identifica as regras de um jogo intemporal, onde a moral n\u00e3o tem cabimento e explora como lan\u00e7ar o fasc\u00ednio, vencer resist\u00eancias e, por fim, fazer com que o alvo se renda.\u00a0<i>A Arte da Sedu\u00e7\u00e3o<\/i>\u00a0transporta-nos ao longo das caracter\u00edsticas dos dez tipos de personalidades sedutoras (incluindo a Sereia, o Amante Ideal, o D\u00e2ndi, o Sedutor Natural, o Carism\u00e1tico e a Estrela) e as 24 manobras atrav\u00e9s das quais qualquer pessoa pode vencer a fr\u00e1gil resist\u00eancia das v\u00edtimas, mediante a pr\u00e1tica desta arte devastadora e intemporal.<\/p>\n<p><i>A Arte da Sedu\u00e7\u00e3o<\/i>\u00a0\u00e9 uma obra de persuas\u00e3o indispens\u00e1vel, que diz respeito a um dos maiores combates da Hist\u00f3ria e \u00e0 mais importante forma de poder.<\/p>\n<p>1 &#8211; Elejamos a v\u00edtima apropriada<br \/>\n2 &#8211; Criemos um falso sentimento de seguran\u00e7a. Aproximemo-nos Indirectamente<br \/>\n3 &#8211; Emitamos sinais variados<br \/>\n4 &#8211; Aparentemos ser um objecto de desejo. Criemos tri\u00e2ngulos<br \/>\n5 &#8211; Criemos uma necessidade: suscitemos ansiedade e descontentamento<br \/>\n6 &#8211; Dominemos a arte da insinua\u00e7\u00e3o<br \/>\n7 &#8211; Participemos do seu estado de esp\u00edrito<br \/>\n8 &#8211; Criemos a tenta\u00e7\u00e3o<br \/>\n9 &#8211; Mantenhamos o suspense: o que vir\u00e1 a seguir?<br \/>\n10 &#8211; Utilizemos o poder diab\u00f3lico das palavras para semear confus\u00e3o<br \/>\n11 &#8211; Preste aten\u00e7\u00e3o aos pormenores<br \/>\n12 &#8211; Poetizemos nossa presen\u00e7a<br \/>\n13 &#8211; Utilizemos a fraqueza e a vulnerabilidade como estrat\u00e9gias para desarmar<br \/>\n14 &#8211; Confundamos desejo e realidade: a ilus\u00e3o perfeita<br \/>\n15 &#8211; Isolemos a v\u00edtima<br \/>\n16 &#8211; Demonstremos quanto somos importantes<br \/>\n17 &#8211; Efectuemos uma regress\u00e3o<br \/>\n18 &#8211; Estimulemos a transgress\u00e3o dos tabus<br \/>\n19 &#8211; Utilizemos motiva\u00e7\u00f5es espirituais<br \/>\n20 &#8211; Associemos prazer e dor<br \/>\n21 &#8211; Demos-lhes espa\u00e7o para cair: o perseguidor \u00e9 perseguido<br \/>\n22 &#8211; Utilizemos atractivos f\u00edsicos<br \/>\n23 &#8211; Dominemos a arte da iniciativa audaz<br \/>\n24 &#8211; Cuidado com os efeitos secund\u00e1rios.<\/p>\n","protected":false},"featured_media":4980,"template":"","meta":{"_monsterinsights_skip_tracking":false,"_monsterinsights_sitenote_active":false,"_monsterinsights_sitenote_note":"","_monsterinsights_sitenote_category":0},"product_cat":[108],"product_tag":[],"class_list":{"0":"post-4979","1":"product","2":"type-product","3":"status-publish","4":"has-post-thumbnail","6":"product_cat-auto-ajuda","7":"pa_book-author-robert-greene","9":"first","10":"instock","11":"shipping-taxable","12":"purchasable","13":"product-type-simple"},"_links":{"self":[{"href":"https:\/\/mabuko.co.mz\/site\/index.php?rest_route=\/wp\/v2\/product\/4979","targetHints":{"allow":["GET"]}}],"collection":[{"href":"https:\/\/mabuko.co.mz\/site\/index.php?rest_route=\/wp\/v2\/product"}],"about":[{"href":"https:\/\/mabuko.co.mz\/site\/index.php?rest_route=\/wp\/v2\/types\/product"}],"wp:featuredmedia":[{"embeddable":true,"href":"https:\/\/mabuko.co.mz\/site\/index.php?rest_route=\/wp\/v2\/media\/4980"}],"wp:attachment":[{"href":"https:\/\/mabuko.co.mz\/site\/index.php?rest_route=%2Fwp%2Fv2%2Fmedia&parent=4979"}],"wp:term":[{"taxonomy":"product_cat","embeddable":true,"href":"https:\/\/mabuko.co.mz\/site\/index.php?rest_route=%2Fwp%2Fv2%2Fproduct_cat&post=4979"},{"taxonomy":"product_tag","embeddable":true,"href":"https:\/\/mabuko.co.mz\/site\/index.php?rest_route=%2Fwp%2Fv2%2Fproduct_tag&post=4979"}],"curies":[{"name":"wp","href":"https:\/\/api.w.org\/{rel}","templated":true}]}}