{"id":4977,"date":"2022-07-07T13:31:21","date_gmt":"2022-07-07T13:31:21","guid":{"rendered":"https:\/\/mabuko.co.mz\/?post_type=product&#038;p=4977"},"modified":"2022-10-25T07:37:32","modified_gmt":"2022-10-25T07:37:32","slug":"a-rainha-do-nada","status":"publish","type":"product","link":"https:\/\/mabuko.co.mz\/site\/?product=a-rainha-do-nada","title":{"rendered":"A RAINHA DO NADA"},"content":{"rendered":"<p>Holly Black<\/p>\n<p>9789896233099<\/p>\n","protected":false},"excerpt":{"rendered":"<div id=\"productPageSectionAboutBook-sinopseTitle\" class=\"right-title\"><strong>SINOPSE<\/strong><\/div>\n<div id=\"productPageSectionAboutBook-sinopse\" class=\"right-text\">\n<p>Jude \u00e9 a rainha do nada. Ela n\u00e3o comanda as fadas nem coisa nenhuma. e tudo porque confiou em Cardan, que a desterrou para junto dos mortais, roubando-lhe o poder e traindo-lhe o cora\u00e7\u00e3o.<\/p>\n<p>Felizmente, a oportunidade para confrontar Cardan surge quando Taryn, a irm\u00e3 g\u00e9mea de Jude, lhe pede ajuda. Assim, para salvar a irm\u00e3 de uma situa\u00e7\u00e3o complicada, Jude vai fazer-se passar por ela na corte de Elfhame. Mas no regresso ao mundo das fadas, Jude percebe que muito mudou durante a sua aus\u00eancia.<\/p>\n<p>O clima de guerra \u00e9 ineg\u00e1vel, os inimigos da coroa aumentaram e o jogo de Cardan revela-se mais cr\u00edptico do que nunca. Para piorar, uma profecia assombrosa \u00e9 revelada, espalhando incerteza e terror entre as fadas. e ser\u00e1 Jude, uma mortal ostracizada por elas, a fazer a dura escolha entre ambi\u00e7\u00e3o e humanidade.<\/p>\n<\/div>\n","protected":false},"featured_media":4978,"template":"","meta":{"_monsterinsights_skip_tracking":false,"_monsterinsights_sitenote_active":false,"_monsterinsights_sitenote_note":"","_monsterinsights_sitenote_category":0},"product_cat":[103],"product_tag":[],"class_list":{"0":"post-4977","1":"product","2":"type-product","3":"status-publish","4":"has-post-thumbnail","6":"product_cat-literatura","7":"pa_book-author-holly-black","9":"first","10":"instock","11":"shipping-taxable","12":"purchasable","13":"product-type-simple"},"_links":{"self":[{"href":"https:\/\/mabuko.co.mz\/site\/index.php?rest_route=\/wp\/v2\/product\/4977","targetHints":{"allow":["GET"]}}],"collection":[{"href":"https:\/\/mabuko.co.mz\/site\/index.php?rest_route=\/wp\/v2\/product"}],"about":[{"href":"https:\/\/mabuko.co.mz\/site\/index.php?rest_route=\/wp\/v2\/types\/product"}],"wp:featuredmedia":[{"embeddable":true,"href":"https:\/\/mabuko.co.mz\/site\/index.php?rest_route=\/wp\/v2\/media\/4978"}],"wp:attachment":[{"href":"https:\/\/mabuko.co.mz\/site\/index.php?rest_route=%2Fwp%2Fv2%2Fmedia&parent=4977"}],"wp:term":[{"taxonomy":"product_cat","embeddable":true,"href":"https:\/\/mabuko.co.mz\/site\/index.php?rest_route=%2Fwp%2Fv2%2Fproduct_cat&post=4977"},{"taxonomy":"product_tag","embeddable":true,"href":"https:\/\/mabuko.co.mz\/site\/index.php?rest_route=%2Fwp%2Fv2%2Fproduct_tag&post=4977"}],"curies":[{"name":"wp","href":"https:\/\/api.w.org\/{rel}","templated":true}]}}