{"id":4975,"date":"2022-07-07T13:21:50","date_gmt":"2022-07-07T13:21:50","guid":{"rendered":"https:\/\/mabuko.co.mz\/?post_type=product&#038;p=4975"},"modified":"2023-04-11T08:27:51","modified_gmt":"2023-04-11T08:27:51","slug":"o-diario-de-um-banana-14-de-mo-li-cao","status":"publish","type":"product","link":"https:\/\/mabuko.co.mz\/site\/?product=o-diario-de-um-banana-14-de-mo-li-cao","title":{"rendered":"O DI\u00c1RIO DE UM BANANA 14: DE-MO-LI-\u00c7\u00c3O"},"content":{"rendered":"<p>Jeff Kinney<\/p>\n<p>9789897079511<\/p>\n","protected":false},"excerpt":{"rendered":"<p>Jeff Kinney 9789897079511<\/p>\n","protected":false},"featured_media":4976,"template":"","meta":{"_monsterinsights_skip_tracking":false,"_monsterinsights_sitenote_active":false,"_monsterinsights_sitenote_note":"","_monsterinsights_sitenote_category":0},"product_cat":[135],"product_tag":[],"class_list":{"0":"post-4975","1":"product","2":"type-product","3":"status-publish","4":"has-post-thumbnail","6":"product_cat-infantil","7":"pa_book-author-jeff-kinney","9":"first","10":"outofstock","11":"shipping-taxable","12":"purchasable","13":"product-type-simple"},"_links":{"self":[{"href":"https:\/\/mabuko.co.mz\/site\/index.php?rest_route=\/wp\/v2\/product\/4975","targetHints":{"allow":["GET"]}}],"collection":[{"href":"https:\/\/mabuko.co.mz\/site\/index.php?rest_route=\/wp\/v2\/product"}],"about":[{"href":"https:\/\/mabuko.co.mz\/site\/index.php?rest_route=\/wp\/v2\/types\/product"}],"wp:featuredmedia":[{"embeddable":true,"href":"https:\/\/mabuko.co.mz\/site\/index.php?rest_route=\/wp\/v2\/media\/4976"}],"wp:attachment":[{"href":"https:\/\/mabuko.co.mz\/site\/index.php?rest_route=%2Fwp%2Fv2%2Fmedia&parent=4975"}],"wp:term":[{"taxonomy":"product_cat","embeddable":true,"href":"https:\/\/mabuko.co.mz\/site\/index.php?rest_route=%2Fwp%2Fv2%2Fproduct_cat&post=4975"},{"taxonomy":"product_tag","embeddable":true,"href":"https:\/\/mabuko.co.mz\/site\/index.php?rest_route=%2Fwp%2Fv2%2Fproduct_tag&post=4975"}],"curies":[{"name":"wp","href":"https:\/\/api.w.org\/{rel}","templated":true}]}}