{"id":4971,"date":"2022-07-07T13:10:55","date_gmt":"2022-07-07T13:10:55","guid":{"rendered":"https:\/\/mabuko.co.mz\/?post_type=product&#038;p=4971"},"modified":"2023-04-11T08:28:55","modified_gmt":"2023-04-11T08:28:55","slug":"o-diario-de-um-banana-o-emplastro","status":"publish","type":"product","link":"https:\/\/mabuko.co.mz\/site\/?product=o-diario-de-um-banana-o-emplastro","title":{"rendered":"O DI\u00c1RIO DE UM BANANA O Emplastro"},"content":{"rendered":"<p>Jeff Kinney<\/p>\n<p>9789897071188<\/p>\n","protected":false},"excerpt":{"rendered":"<div id=\"productPageSectionAboutBook-sinopseTitle\" class=\"right-title\"><strong>SINOPSE<\/strong><\/div>\n<div id=\"productPageSectionAboutBook-sinopse\" class=\"right-text\">\n<p>\u00abO amor est\u00e1 no ar\u2026 Mas ser\u00e1 que vai apanhar o Greg? A Festa de S\u00e3o Valentim na escola do Greg est\u00e1 a deix\u00e1-lo em parafuso. Por mais que se esforce, n\u00e3o consegue convencer nenhuma mi\u00fada a acompanh\u00e1-lo, e est\u00e1 a ver que vai ter de ir sozinho. O seu amigo Rowley tamb\u00e9m n\u00e3o tem par, mas isso n\u00e3o lhe serve de grande consolo. De repente, a sorte parece bater-lhe \u00e0 porta, e o Greg consegue finalmente encontrar um par para a festa, o que quer dizer que o Rowley \u00e9 o \u00fanico desemparelhado. S\u00f3 que muito pode acontecer numa noite&#8230; No fim, quem vai ter sorte ao amor e quem vai ser O EMPLASTRO?\u00bb<br \/>\nEste livro \u00e9 7.\u00ba volume da s\u00e9rie O Di\u00e1rio de um Banana.<\/p>\n<\/div>\n","protected":false},"featured_media":4972,"template":"","meta":{"_monsterinsights_skip_tracking":false,"_monsterinsights_sitenote_active":false,"_monsterinsights_sitenote_note":"","_monsterinsights_sitenote_category":0},"product_cat":[135],"product_tag":[],"class_list":{"0":"post-4971","1":"product","2":"type-product","3":"status-publish","4":"has-post-thumbnail","6":"product_cat-infantil","7":"pa_book-author-jeff-kinney","9":"first","10":"outofstock","11":"shipping-taxable","12":"purchasable","13":"product-type-simple"},"_links":{"self":[{"href":"https:\/\/mabuko.co.mz\/site\/index.php?rest_route=\/wp\/v2\/product\/4971","targetHints":{"allow":["GET"]}}],"collection":[{"href":"https:\/\/mabuko.co.mz\/site\/index.php?rest_route=\/wp\/v2\/product"}],"about":[{"href":"https:\/\/mabuko.co.mz\/site\/index.php?rest_route=\/wp\/v2\/types\/product"}],"wp:featuredmedia":[{"embeddable":true,"href":"https:\/\/mabuko.co.mz\/site\/index.php?rest_route=\/wp\/v2\/media\/4972"}],"wp:attachment":[{"href":"https:\/\/mabuko.co.mz\/site\/index.php?rest_route=%2Fwp%2Fv2%2Fmedia&parent=4971"}],"wp:term":[{"taxonomy":"product_cat","embeddable":true,"href":"https:\/\/mabuko.co.mz\/site\/index.php?rest_route=%2Fwp%2Fv2%2Fproduct_cat&post=4971"},{"taxonomy":"product_tag","embeddable":true,"href":"https:\/\/mabuko.co.mz\/site\/index.php?rest_route=%2Fwp%2Fv2%2Fproduct_tag&post=4971"}],"curies":[{"name":"wp","href":"https:\/\/api.w.org\/{rel}","templated":true}]}}