{"id":4969,"date":"2022-07-07T13:02:27","date_gmt":"2022-07-07T13:02:27","guid":{"rendered":"https:\/\/mabuko.co.mz\/?post_type=product&#038;p=4969"},"modified":"2022-12-29T13:57:54","modified_gmt":"2022-12-29T13:57:54","slug":"vinte-e-zinco","status":"publish","type":"product","link":"https:\/\/mabuko.co.mz\/site\/?product=vinte-e-zinco","title":{"rendered":"VINTE E ZINCO"},"content":{"rendered":"<p>Mia Couto<\/p>\n<p>9789722126823<\/p>\n","protected":false},"excerpt":{"rendered":"<div id=\"productPageSectionAboutBook-sinopseTitle\" class=\"right-title\"><strong>SINOPSE<\/strong><\/div>\n<div id=\"productPageSectionAboutBook-sinopse\" class=\"right-text\">\n<p>Numa pequena cidade do Mo\u00e7ambique colonial a viol\u00eancia sustenta um mundo dividido &#8211; o dos naturais, em baixo, e, sobre ele, o peso do opressor. De s\u00fabito, l\u00e1 longe, na capital do Imp\u00e9rio, a terra treme, o pilar da sustenta\u00e7\u00e3o abate-se.<\/p>\n<p><i>Vinte e Zinco<\/i>\u00a0foi publicado pela primeira vez em Portugal, em 1999, no \u00e2mbito das comemora\u00e7\u00f5es dos 25 anos do 25 de Abril.<\/p>\n<p>\u00abVinte e cinco \u00e9 para voc\u00eas que vivem em bairros de cimento<br \/>\npara n\u00f3s, negros pobres que vivemos<br \/>\nna madeira e zinco, o nosso dia<br \/>\nainda est\u00e1 para vir.\u00bb<\/p>\n<\/div>\n","protected":false},"featured_media":4970,"template":"","meta":{"_monsterinsights_skip_tracking":false,"_monsterinsights_sitenote_active":false,"_monsterinsights_sitenote_note":"","_monsterinsights_sitenote_category":0},"product_cat":[319],"product_tag":[],"class_list":{"0":"post-4969","1":"product","2":"type-product","3":"status-publish","4":"has-post-thumbnail","6":"product_cat-literatura-mocambicana","7":"pa_book-author-mia-couto","9":"first","10":"instock","11":"shipping-taxable","12":"purchasable","13":"product-type-simple"},"_links":{"self":[{"href":"https:\/\/mabuko.co.mz\/site\/index.php?rest_route=\/wp\/v2\/product\/4969","targetHints":{"allow":["GET"]}}],"collection":[{"href":"https:\/\/mabuko.co.mz\/site\/index.php?rest_route=\/wp\/v2\/product"}],"about":[{"href":"https:\/\/mabuko.co.mz\/site\/index.php?rest_route=\/wp\/v2\/types\/product"}],"wp:featuredmedia":[{"embeddable":true,"href":"https:\/\/mabuko.co.mz\/site\/index.php?rest_route=\/wp\/v2\/media\/4970"}],"wp:attachment":[{"href":"https:\/\/mabuko.co.mz\/site\/index.php?rest_route=%2Fwp%2Fv2%2Fmedia&parent=4969"}],"wp:term":[{"taxonomy":"product_cat","embeddable":true,"href":"https:\/\/mabuko.co.mz\/site\/index.php?rest_route=%2Fwp%2Fv2%2Fproduct_cat&post=4969"},{"taxonomy":"product_tag","embeddable":true,"href":"https:\/\/mabuko.co.mz\/site\/index.php?rest_route=%2Fwp%2Fv2%2Fproduct_tag&post=4969"}],"curies":[{"name":"wp","href":"https:\/\/api.w.org\/{rel}","templated":true}]}}