{"id":4966,"date":"2022-07-07T12:58:12","date_gmt":"2022-07-07T12:58:12","guid":{"rendered":"https:\/\/mabuko.co.mz\/?post_type=product&#038;p=4966"},"modified":"2022-12-21T08:56:42","modified_gmt":"2022-12-21T08:56:42","slug":"as-mulheres-de-cinza","status":"publish","type":"product","link":"https:\/\/mabuko.co.mz\/site\/?product=as-mulheres-de-cinza","title":{"rendered":"AS MULHERES DE CINZA"},"content":{"rendered":"<p>Mia Couto<\/p>\n<p>9789722127677<\/p>\n","protected":false},"excerpt":{"rendered":"<p><strong>SINOPSE<\/strong><\/p>\n<div id=\"productPageSectionAboutBook-sinopse\" class=\"right-text\">\n<p>Mulheres de Cinza \u00e9 o primeiro livro de uma trilogia sobre os derradeiros dias do chamado Estado de Gaza, o segundo maior imp\u00e9rio em \u00c1frica dirigido por um africano. Ngungunyane (ou Gungunhane, como ficou conhecido pelos portugueses) foi o \u00faltimo de uma s\u00e9rie de imperadores que governou metade do territ\u00f3rio de Mo\u00e7ambique. Derrotado em 1895 pelas for\u00e7as portuguesas comandadas por Mouzinho de Albuquerque, Ngungunyane foi deportado para os A\u00e7ores onde veio a morrer em 1906. Os seus restos mortais ter\u00e3o sido trasladados para Mo\u00e7ambique em 1985.<\/p>\n<p>Existem, no entanto, vers\u00f5es que sugerem que n\u00e3o foram as ossadas do imperador que voltaram dentro da urna. Foram torr\u00f5es de areia. Do grande advers\u00e1rio de Portugal restam areias recolhidas em solo portugu\u00eas.<br \/>\nEsta narrativa \u00e9 uma recrea\u00e7\u00e3o ficcional inspirada em factos e personagens reais.<\/p>\n<p>Serviram de fonte de informa\u00e7\u00e3o uma extensa documenta\u00e7\u00e3o produzida em Mo\u00e7ambique e em Portugal e, mais importante ainda, diversas entrevistas efectuadas em Maputo e Inhambane.<\/p>\n<\/div>\n","protected":false},"featured_media":4967,"template":"","meta":{"_monsterinsights_skip_tracking":false,"_monsterinsights_sitenote_active":false,"_monsterinsights_sitenote_note":"","_monsterinsights_sitenote_category":0},"product_cat":[319],"product_tag":[],"class_list":{"0":"post-4966","1":"product","2":"type-product","3":"status-publish","4":"has-post-thumbnail","6":"product_cat-literatura-mocambicana","7":"pa_book-author-mia-couto","9":"first","10":"outofstock","11":"shipping-taxable","12":"purchasable","13":"product-type-simple"},"_links":{"self":[{"href":"https:\/\/mabuko.co.mz\/site\/index.php?rest_route=\/wp\/v2\/product\/4966","targetHints":{"allow":["GET"]}}],"collection":[{"href":"https:\/\/mabuko.co.mz\/site\/index.php?rest_route=\/wp\/v2\/product"}],"about":[{"href":"https:\/\/mabuko.co.mz\/site\/index.php?rest_route=\/wp\/v2\/types\/product"}],"wp:featuredmedia":[{"embeddable":true,"href":"https:\/\/mabuko.co.mz\/site\/index.php?rest_route=\/wp\/v2\/media\/4967"}],"wp:attachment":[{"href":"https:\/\/mabuko.co.mz\/site\/index.php?rest_route=%2Fwp%2Fv2%2Fmedia&parent=4966"}],"wp:term":[{"taxonomy":"product_cat","embeddable":true,"href":"https:\/\/mabuko.co.mz\/site\/index.php?rest_route=%2Fwp%2Fv2%2Fproduct_cat&post=4966"},{"taxonomy":"product_tag","embeddable":true,"href":"https:\/\/mabuko.co.mz\/site\/index.php?rest_route=%2Fwp%2Fv2%2Fproduct_tag&post=4966"}],"curies":[{"name":"wp","href":"https:\/\/api.w.org\/{rel}","templated":true}]}}