{"id":4964,"date":"2022-07-07T12:50:05","date_gmt":"2022-07-07T12:50:05","guid":{"rendered":"https:\/\/mabuko.co.mz\/?post_type=product&#038;p=4964"},"modified":"2022-10-25T07:50:30","modified_gmt":"2022-10-25T07:50:30","slug":"o-bando-das-cavernas-mare-alta","status":"publish","type":"product","link":"https:\/\/mabuko.co.mz\/site\/?product=o-bando-das-cavernas-mare-alta","title":{"rendered":"O BANDO DAS CAVERNAS MAR\u00c9 ALTA !"},"content":{"rendered":"<p>Nuno Caravela<\/p>\n<p>9789895645329<\/p>\n","protected":false},"excerpt":{"rendered":"<div id=\"productPageSectionAboutBook-sinopseTitle\" class=\"right-title\"><strong>SINOPSE<\/strong><\/div>\n<div id=\"productPageSectionAboutBook-sinopse\" class=\"right-text\">\n<p>Este livro, vindo dos confins do tempo, est\u00e1 repleto de aventuras e gargalhadas. Tudo por causa de um grupo muito especial de amigos: o Tocha, a Ruby, o Menir, o Kromeleque, o Tzick e o Sabre.<\/p>\n<p>Eles s\u00e3o o Bando das Cavernas!<\/p>\n<p>Um espirro do Pinguinhas, devido a uma borboleta que entrou na sala de aulas, provocou um dos maiores acontecimentos naturais da pr\u00e9-hist\u00f3ria: o nascimento de um mar. Mas como foi isto poss\u00edvel?<\/p>\n<p>Acompanha os nossos amigos do Bando das Cavernas nesta louca aventura porque, \u00e0 medida que a mar\u00e9 vai subindo, a risota tamb\u00e9m vai aumentando, at\u00e9 tudo terminar, claro, numa super onda de gargalhadas!<\/p>\n<p>Diverte-te com eles e\u2026 Junta-te ao Bando!<\/p>\n<\/div>\n","protected":false},"featured_media":4965,"template":"","meta":{"_monsterinsights_skip_tracking":false,"_monsterinsights_sitenote_active":false,"_monsterinsights_sitenote_note":"","_monsterinsights_sitenote_category":0},"product_cat":[135],"product_tag":[],"class_list":{"0":"post-4964","1":"product","2":"type-product","3":"status-publish","4":"has-post-thumbnail","6":"product_cat-infantil","7":"pa_book-author-nuno-caravela","9":"first","10":"instock","11":"shipping-taxable","12":"purchasable","13":"product-type-simple"},"_links":{"self":[{"href":"https:\/\/mabuko.co.mz\/site\/index.php?rest_route=\/wp\/v2\/product\/4964","targetHints":{"allow":["GET"]}}],"collection":[{"href":"https:\/\/mabuko.co.mz\/site\/index.php?rest_route=\/wp\/v2\/product"}],"about":[{"href":"https:\/\/mabuko.co.mz\/site\/index.php?rest_route=\/wp\/v2\/types\/product"}],"wp:featuredmedia":[{"embeddable":true,"href":"https:\/\/mabuko.co.mz\/site\/index.php?rest_route=\/wp\/v2\/media\/4965"}],"wp:attachment":[{"href":"https:\/\/mabuko.co.mz\/site\/index.php?rest_route=%2Fwp%2Fv2%2Fmedia&parent=4964"}],"wp:term":[{"taxonomy":"product_cat","embeddable":true,"href":"https:\/\/mabuko.co.mz\/site\/index.php?rest_route=%2Fwp%2Fv2%2Fproduct_cat&post=4964"},{"taxonomy":"product_tag","embeddable":true,"href":"https:\/\/mabuko.co.mz\/site\/index.php?rest_route=%2Fwp%2Fv2%2Fproduct_tag&post=4964"}],"curies":[{"name":"wp","href":"https:\/\/api.w.org\/{rel}","templated":true}]}}