{"id":4961,"date":"2022-07-07T12:41:41","date_gmt":"2022-07-07T12:41:41","guid":{"rendered":"https:\/\/mabuko.co.mz\/?post_type=product&#038;p=4961"},"modified":"2022-12-29T13:59:29","modified_gmt":"2022-12-29T13:59:29","slug":"becoming-a-minha-historia","status":"publish","type":"product","link":"https:\/\/mabuko.co.mz\/site\/?product=becoming-a-minha-historia","title":{"rendered":"BECOMING A MINHA HISTORIA"},"content":{"rendered":"<p>Michelle Obama<\/p>\n<p>9789896656058<\/p>\n","protected":false},"excerpt":{"rendered":"<p><strong>SINOPSE<\/strong><\/p>\n<p>Nas suas mem\u00f3rias, uma obra de reflex\u00e3o profunda e uma narrativa fascinante, Michelle Obama convida os leitores a entrar no seu mundo, relatando as experi\u00eancias que a moldaram &#8211; desde a inf\u00e2ncia na zona sul de Chicago, passando pelos anos como executiva, equilibrando as exig\u00eancias da maternidade e o trabalho, at\u00e9 ao tempo passado no endere\u00e7o mais famoso do mundo..Terno, s\u00e1bio e revelador, BECOMING \u00e9 um relato \u00edntimo de uma mulher de alma e subst\u00e2ncia que desafiou constantemente as expectativas &#8211; e cuja hist\u00f3ria nos inspira a fazer o mesmo.<\/p>\n<p>Nas palavras de Michelle Obama:<br \/>\n\u00abEscrever BECOMING tem sido uma experi\u00eancia profundamente pessoal. Permitiu-me, pela primeira vez, o espa\u00e7o para reflectir honestamente sobre a traject\u00f3ria inesperada da minha vida. Neste livro, falo sobre as minhas ra\u00edzes e como uma menina da zona sul de Chicago encontrou a sua voz e desenvolveu a for\u00e7a, de forma a us\u00e1-la para capacitar os outros. Espero que o meu percurso inspire os leitores a encontrar a coragem necess\u00e1ria para se tornarem quem quer que desejem ser. Mal posso esperar para partilhar a minha hist\u00f3ria.\u00bb<\/p>\n<p>Algumas das hist\u00f3rias que partilha incluem:<br \/>\n&#8211; Como foi crescer na zona do South Side da cidade de Chicago no seio de uma fam\u00edlia afro-americana afectuosa de classe m\u00e9dia, vivendo num pequeno apartamento por cima da casa da sua tia Robbie, e a transi\u00e7\u00e3o que o seu bairro sofreu durante a \u00e9poca conhecida como \u00abwhite fligth\u00bb.<br \/>\n&#8211; O quanto a sua fam\u00edlia contribuiu para a sua ess\u00eancia e lhe serviu de inspira\u00e7\u00e3o, e como os seus pais mantiveram \u00aba chama\u00bb dentro dela acesa ao educ\u00e1-la para ser auto-confiante e n\u00e3o ver limites, e para acreditar que poderia \u00abperseguir e alcan\u00e7ar o que quer que fosse que quisesse obter\u00bb. Escreve com candura e amor sobre a sua m\u00e3e, Marian Robinson, que alimentou o seu sentido de independ\u00eancia; sobre o seu pai, Fraser, cuja coragem serena na luta contra a esclerose m\u00faltipla teve um profundo impacto na sua vida; e sobre o irm\u00e3o, Craig, que desempenhou os pap\u00e9is de protector, mentor e amigo.<br \/>\n&#8211; Os seus anos na Universidade de Princeton, entre os poucos alunos afro-americanos, altura em que se concentrou no caminho que tra\u00e7ara para si pr\u00f3pria rumo ao sucesso, tendo aprendido a ignorar quem dela duvidada, como a sua orientadora na escola secund\u00e1ria que lhe dissera que ela n\u00e3o se adequava \u00e0s universidades que comp\u00f5em a Ivy League.<br \/>\n&#8211; Os prim\u00f3rdios da sua carreira profissional, enquanto advogada formada em Harvard, arranjando emprego como associada num dos melhores escrit\u00f3rios de advogados de Chicago, onde foi mentora de um jovem interno chamado Barack Obama, um \u00abunic\u00f3rnio\u00bb que viria a revelar-se o amor da sua vida, apesar das suas viv\u00eancias e personalidades t\u00e3o diferentes.<br \/>\n&#8211; Como viver a perda em primeira m\u00e3o &#8211; com a morte do seu pai e a de uma amiga chegada dos tempos de faculdade &#8211; a fez questionar o sentido da vida e a profiss\u00e3o que escolhera e a levou a passar de uma pessoa que se limita a ir riscando os itens de uma lista para uma que est\u00e1 disposta a fazer desvios e a abra\u00e7ar uma nova carreira no servi\u00e7o p\u00fablico.<br \/>\n&#8211; As suas sinceras reflex\u00f5es sobre os ajustes necess\u00e1rios \u00e0 realidade da vida matrimonial, incluindo os desafios com que ela e o marido se depararam ao procurarem ser bem-sucedidos nas respectivas \u00e1reas profissionais ao mesmo tempo que queriam ter &#8211; e depois educar &#8211; as filhas, numa altura em que ele enveredava por uma carreira na pol\u00edtica que ela nunca desejou.<br \/>\n&#8211; As dificuldades que ela e o marido tiveram para conseguirem conceber, assim como o desgaste sobre o seu casamento, o que os levou a fazerem terapia de casal &#8211; um processo que a levou a aperceber-se da responsabilidade que tinha sobre a sua felicidade.<br \/>\n&#8211; Pormenores sobre a campanha para as elei\u00e7\u00f5es presidenciais de 2008, e a sua adapta\u00e7\u00e3o a mais uma nova fase da sua vida. A capacidade para se solidarizar com as preocupa\u00e7\u00f5es do cidad\u00e3o comum e as suas frustra\u00e7\u00f5es levaram-na a assumir um papel importante na campanha pelo pa\u00eds fora, mas, assim que come\u00e7ou a destacar-se, os opositores e detractores tentaram deit\u00e1-la abaixo e defini-la segundo os seus moldes. Tendo atingido o fundo do po\u00e7o, ela aprendeu a continuar a encontrar e a expressar de forma assertiva a sua pr\u00f3pria voz no novo palco.<br \/>\n&#8211; A sua vers\u00e3o dos acontecimentos nos bastidores da hist\u00f3rica noite de elei\u00e7\u00f5es em 2008 e a sua transi\u00e7\u00e3o de cidad\u00e3 privada para primeira-dama, a uma velocidade e magnitude tais que a deixaram assoberbada, preocupando-se com as filhas devido \u00e0quilo por que teriam de passar (novas escolas, novas amizades, novas vidas).<br \/>\n&#8211; Os pontos altos e baixos durante os anos passados na Casa Branca, enquanto se afirmava como primeira-dama, abrindo as portas da Casa Branca e estabelecendo um v\u00ednculo directo com as camadas jovens. Plantou uma horta e, com o seu estilo caracter\u00edstico, criou iniciativas importantes- defendendo os direitos das mulheres e das jovens do sexo feminino e a import\u00e2ncia da educa\u00e7\u00e3o, concebendo programas para ajudar as fam\u00edlias a seguirem um estilo de vida mais saud\u00e1vel e activo e envolvendo-se com as fam\u00edlias de militares -, fazendo um uso estrat\u00e9gico dos meios de comunica\u00e7\u00e3o social e das redes sociais para um maior impacto. Em resultado dessas iniciativas, 45 milh\u00f5es de crian\u00e7as e jovens passaram a comer pequenos-almo\u00e7os e almo\u00e7os mais saud\u00e1veis, 11 milh\u00f5es de estudantes praticaram 60 minutos de exerc\u00edcio f\u00edsico todos os dias e as empresas foram persuadidas a contratar ou dar forma\u00e7\u00e3o a mais de 1 milh\u00e3o e 500 mil veteranos e c\u00f4njuges de militares.<br \/>\n&#8211; O intenso escrut\u00ednio p\u00fablico que sofreu &#8211; em rela\u00e7\u00e3o \u00e0s causas que defendia ou \u00e0 forma como se vestia ou ao seu penteado &#8211; e desenvolveu uma \u00abestrat\u00e9gia de estilo\u00bb para chamar a aten\u00e7\u00e3o para os temas que lhe eram queridos, tudo isso enquanto apoiava o marido ao longo de dois mandatos hist\u00f3ricos e educava as duas filhas.<br \/>\n&#8211; As suas reflex\u00f5es sobre o seu trabalho enquanto primeira-dama impactante e que fez Hist\u00f3ria, tendo deixado um legado n\u00e3o s\u00f3 de feitos concretos como de inspira\u00e7\u00e3o geral entre a popula\u00e7\u00e3o dos EUA e de todo o Mundo. Como o seu discurso na Conven\u00e7\u00e3o do Partido Democrata em 2016 deixou claro (\u00abQuando eles baixam o n\u00edvel, n\u00f3s elevamo-lo\u00bb), sai da Casa Branca ao comando da sua voz e da sua hist\u00f3ria, pondo em pr\u00e1tica as li\u00e7\u00f5es que foi aprendendo ao longo da vida no sentido de dar ouvidos aos nossos melhores instintos no momento em que mais precisamos deles.<br \/>\n&#8211; O que pensa sobre a sua transi\u00e7\u00e3o de primeira-dama para a vida privada, numa altura em que inicia um novo cap\u00edtulo no seu percurso de vida e procura continuar a ter um impacto positivo na vida de outras pessoas pelo Mundo. \u00abN\u00e3o se trata de sermos perfeitos\u00bb, escreve. \u00abN\u00e3o se trata de qu\u00e3o longe conseguimos chegar. H\u00e1 for\u00e7a em permitirmo-nos ser conhecidos e escutados, em usarmos a nossa voz verdadeira. E h\u00e1 m\u00e9rito em estarmos dispostos a conhecer e a ouvir os outros. Para mim, \u00e9 assim que nos transformamos.\u00bb<\/p>\n<p>Esta \u00e9 a hist\u00f3ria de como Michelle LaVaughn Robinson Obama se tornou quem \u00e9. \u00c9 uma hist\u00f3ria de esperan\u00e7a e optimismo, um relato de uma jornada ainda em curso de uma rapariga do South Side de Chicago cuja vida tem estado repleta de altos e baixos, oportunidades extraordin\u00e1rias e momentos triviais que se t\u00eam provado essenciais para fazer dela a pessoa que ela \u00e9.<\/p>\n","protected":false},"featured_media":4962,"template":"","meta":{"_monsterinsights_skip_tracking":false,"_monsterinsights_sitenote_active":false,"_monsterinsights_sitenote_note":"","_monsterinsights_sitenote_category":0},"product_cat":[103],"product_tag":[],"class_list":{"0":"post-4961","1":"product","2":"type-product","3":"status-publish","4":"has-post-thumbnail","6":"product_cat-literatura","7":"pa_book-author-michelle-obama","9":"first","10":"instock","11":"shipping-taxable","12":"purchasable","13":"product-type-simple"},"_links":{"self":[{"href":"https:\/\/mabuko.co.mz\/site\/index.php?rest_route=\/wp\/v2\/product\/4961","targetHints":{"allow":["GET"]}}],"collection":[{"href":"https:\/\/mabuko.co.mz\/site\/index.php?rest_route=\/wp\/v2\/product"}],"about":[{"href":"https:\/\/mabuko.co.mz\/site\/index.php?rest_route=\/wp\/v2\/types\/product"}],"wp:featuredmedia":[{"embeddable":true,"href":"https:\/\/mabuko.co.mz\/site\/index.php?rest_route=\/wp\/v2\/media\/4962"}],"wp:attachment":[{"href":"https:\/\/mabuko.co.mz\/site\/index.php?rest_route=%2Fwp%2Fv2%2Fmedia&parent=4961"}],"wp:term":[{"taxonomy":"product_cat","embeddable":true,"href":"https:\/\/mabuko.co.mz\/site\/index.php?rest_route=%2Fwp%2Fv2%2Fproduct_cat&post=4961"},{"taxonomy":"product_tag","embeddable":true,"href":"https:\/\/mabuko.co.mz\/site\/index.php?rest_route=%2Fwp%2Fv2%2Fproduct_tag&post=4961"}],"curies":[{"name":"wp","href":"https:\/\/api.w.org\/{rel}","templated":true}]}}