{"id":4959,"date":"2022-07-07T11:46:18","date_gmt":"2022-07-07T11:46:18","guid":{"rendered":"https:\/\/mabuko.co.mz\/?post_type=product&#038;p=4959"},"modified":"2023-04-11T08:29:24","modified_gmt":"2023-04-11T08:29:24","slug":"o-diario-de-um-banana-assim-vais-longe","status":"publish","type":"product","link":"https:\/\/mabuko.co.mz\/site\/?product=o-diario-de-um-banana-assim-vais-longe","title":{"rendered":"O DI\u00c1RIO DE UM BANANA Assim vais longe"},"content":{"rendered":"<p>Jeff Kinney<\/p>\n<p>9789897072833<\/p>\n","protected":false},"excerpt":{"rendered":"<div id=\"productPageSectionAboutBook-sinopseTitle\" class=\"right-title\"><strong>SINOPSE<\/strong><\/div>\n<div id=\"productPageSectionAboutBook-sinopse\" class=\"right-text\">\n<p>O maior pesadelo do Greg est\u00e1 prestes a acontecer: a m\u00e3e organizou uma viagem de carro para toda a fam\u00edlia, com a desculpa de que \u00e9 a melhor forma de passarem tempo juntos. N\u00e3o h\u00e1 nada que v\u00e1 fazer o carro voltar para tr\u00e1s, nem mesmo a entrada em cena de um porco \u00e0 solta ou um ataque de gaivotas assassinas. E quando parece que nada pode piorar a situa\u00e7\u00e3o, o Greg descobre uma forma de deixar toda a gente \u00e0 beira de um ataque de nervos. Pois \u00e9, Greg, ASSIM VAIS LONGE!<\/p>\n<\/div>\n","protected":false},"featured_media":4960,"template":"","meta":{"_monsterinsights_skip_tracking":false,"_monsterinsights_sitenote_active":false,"_monsterinsights_sitenote_note":"","_monsterinsights_sitenote_category":0},"product_cat":[135],"product_tag":[],"class_list":{"0":"post-4959","1":"product","2":"type-product","3":"status-publish","4":"has-post-thumbnail","6":"product_cat-infantil","7":"pa_book-author-jeff-kinney","9":"first","10":"outofstock","11":"shipping-taxable","12":"purchasable","13":"product-type-simple"},"_links":{"self":[{"href":"https:\/\/mabuko.co.mz\/site\/index.php?rest_route=\/wp\/v2\/product\/4959","targetHints":{"allow":["GET"]}}],"collection":[{"href":"https:\/\/mabuko.co.mz\/site\/index.php?rest_route=\/wp\/v2\/product"}],"about":[{"href":"https:\/\/mabuko.co.mz\/site\/index.php?rest_route=\/wp\/v2\/types\/product"}],"wp:featuredmedia":[{"embeddable":true,"href":"https:\/\/mabuko.co.mz\/site\/index.php?rest_route=\/wp\/v2\/media\/4960"}],"wp:attachment":[{"href":"https:\/\/mabuko.co.mz\/site\/index.php?rest_route=%2Fwp%2Fv2%2Fmedia&parent=4959"}],"wp:term":[{"taxonomy":"product_cat","embeddable":true,"href":"https:\/\/mabuko.co.mz\/site\/index.php?rest_route=%2Fwp%2Fv2%2Fproduct_cat&post=4959"},{"taxonomy":"product_tag","embeddable":true,"href":"https:\/\/mabuko.co.mz\/site\/index.php?rest_route=%2Fwp%2Fv2%2Fproduct_tag&post=4959"}],"curies":[{"name":"wp","href":"https:\/\/api.w.org\/{rel}","templated":true}]}}