{"id":4956,"date":"2022-07-07T11:39:22","date_gmt":"2022-07-07T11:39:22","guid":{"rendered":"https:\/\/mabuko.co.mz\/?post_type=product&#038;p=4956"},"modified":"2022-10-25T07:57:43","modified_gmt":"2022-10-25T07:57:43","slug":"o-livro-de-ouro-da-lideranca","status":"publish","type":"product","link":"https:\/\/mabuko.co.mz\/site\/?product=o-livro-de-ouro-da-lideranca","title":{"rendered":"O LIVRO DE OURO DA LIDERAN\u00c7A"},"content":{"rendered":"<p>Jhon C. Maxwell<\/p>\n<p>9789898529305<\/p>\n","protected":false},"excerpt":{"rendered":"<div id=\"productPageSectionAboutBook-sinopseTitle\" class=\"right-title\"><strong>SINOPSE<\/strong><\/div>\n<div id=\"productPageSectionAboutBook-sinopse\" class=\"right-text\">\n<p>COMO \u00c9 QUE \u00c9 POSS\u00cdVEL QUE UM \u00daNICO INDIV\u00cdDUO CONSIGA TRANSMITIR IDEIAS E INSTRU\u00c7\u00d5ES SOBRE LIDERAN\u00c7A A TANTAS PESSOAS ESPALHADAS EM TANTOS LOCAIS T\u00c3O DISTANTES DO PLANETA? Este livro \u00e9 a resposta a essa pergunta. O Livro de Ouro da Lideran\u00e7a \u00e9 o mais pessoal dos trabalhos de Maxwell. Est\u00e1 recheado de hist\u00f3rias dos seus erros e sucessos de lideran\u00e7a e de pepitas de sabedoria adquiridas em consequ\u00eancia disso. E ele quer partilhar tudo isto consigo. Cada cap\u00edtulo \u00e9 como uma sess\u00e3o individual com o maior guru em lideran\u00e7a do mundo, de acordo com o Leadershipgurus.net. &#8220;H\u00e1 anos que eu queria escrever este livro, mas prometi a mim mesmo s\u00f3 o fazer quando completasse 60 anos&#8221;, diz Maxwell. &#8220;Quis deixar as li\u00e7\u00f5es de lideran\u00e7a que aprendi ao longo da minha vida da forma mais dif\u00edcil, num livro que pudesse ser utilizado por mentores de l\u00edderes. Peneirei muito entulho para chegar ao ouro.&#8221;<\/p>\n<\/div>\n","protected":false},"featured_media":4958,"template":"","meta":{"_monsterinsights_skip_tracking":false,"_monsterinsights_sitenote_active":false,"_monsterinsights_sitenote_note":"","_monsterinsights_sitenote_category":0},"product_cat":[102],"product_tag":[],"class_list":{"0":"post-4956","1":"product","2":"type-product","3":"status-publish","4":"has-post-thumbnail","6":"product_cat-livros-tecnicos","7":"pa_book-author-jhon-c-maxwell","9":"first","10":"onbackorder","11":"shipping-taxable","12":"purchasable","13":"product-type-simple"},"_links":{"self":[{"href":"https:\/\/mabuko.co.mz\/site\/index.php?rest_route=\/wp\/v2\/product\/4956","targetHints":{"allow":["GET"]}}],"collection":[{"href":"https:\/\/mabuko.co.mz\/site\/index.php?rest_route=\/wp\/v2\/product"}],"about":[{"href":"https:\/\/mabuko.co.mz\/site\/index.php?rest_route=\/wp\/v2\/types\/product"}],"wp:featuredmedia":[{"embeddable":true,"href":"https:\/\/mabuko.co.mz\/site\/index.php?rest_route=\/wp\/v2\/media\/4958"}],"wp:attachment":[{"href":"https:\/\/mabuko.co.mz\/site\/index.php?rest_route=%2Fwp%2Fv2%2Fmedia&parent=4956"}],"wp:term":[{"taxonomy":"product_cat","embeddable":true,"href":"https:\/\/mabuko.co.mz\/site\/index.php?rest_route=%2Fwp%2Fv2%2Fproduct_cat&post=4956"},{"taxonomy":"product_tag","embeddable":true,"href":"https:\/\/mabuko.co.mz\/site\/index.php?rest_route=%2Fwp%2Fv2%2Fproduct_tag&post=4956"}],"curies":[{"name":"wp","href":"https:\/\/api.w.org\/{rel}","templated":true}]}}