{"id":4953,"date":"2022-07-07T11:30:27","date_gmt":"2022-07-07T11:30:27","guid":{"rendered":"https:\/\/mabuko.co.mz\/?post_type=product&#038;p=4953"},"modified":"2022-10-25T07:59:37","modified_gmt":"2022-10-25T07:59:37","slug":"esta-tudo-fdido-uma-abordagem-contraintuitiva-a-esperanca","status":"publish","type":"product","link":"https:\/\/mabuko.co.mz\/site\/?product=esta-tudo-fdido-uma-abordagem-contraintuitiva-a-esperanca","title":{"rendered":"EST\u00c1 TUDO F*DIDO Uma abordagem contraintuitiva \u00e0 esperan\u00e7a"},"content":{"rendered":"<p>Mark Manson<\/p>\n<p>9789899033542<\/p>\n","protected":false},"excerpt":{"rendered":"<p>Mark Manson 9789899033542<\/p>\n","protected":false},"featured_media":4955,"template":"","meta":{"_monsterinsights_skip_tracking":false,"_monsterinsights_sitenote_active":false,"_monsterinsights_sitenote_note":"","_monsterinsights_sitenote_category":0},"product_cat":[108],"product_tag":[],"class_list":{"0":"post-4953","1":"product","2":"type-product","3":"status-publish","4":"has-post-thumbnail","6":"product_cat-auto-ajuda","7":"pa_book-author-mark-manson","9":"first","10":"outofstock","11":"shipping-taxable","12":"purchasable","13":"product-type-simple"},"_links":{"self":[{"href":"https:\/\/mabuko.co.mz\/site\/index.php?rest_route=\/wp\/v2\/product\/4953","targetHints":{"allow":["GET"]}}],"collection":[{"href":"https:\/\/mabuko.co.mz\/site\/index.php?rest_route=\/wp\/v2\/product"}],"about":[{"href":"https:\/\/mabuko.co.mz\/site\/index.php?rest_route=\/wp\/v2\/types\/product"}],"wp:featuredmedia":[{"embeddable":true,"href":"https:\/\/mabuko.co.mz\/site\/index.php?rest_route=\/wp\/v2\/media\/4955"}],"wp:attachment":[{"href":"https:\/\/mabuko.co.mz\/site\/index.php?rest_route=%2Fwp%2Fv2%2Fmedia&parent=4953"}],"wp:term":[{"taxonomy":"product_cat","embeddable":true,"href":"https:\/\/mabuko.co.mz\/site\/index.php?rest_route=%2Fwp%2Fv2%2Fproduct_cat&post=4953"},{"taxonomy":"product_tag","embeddable":true,"href":"https:\/\/mabuko.co.mz\/site\/index.php?rest_route=%2Fwp%2Fv2%2Fproduct_tag&post=4953"}],"curies":[{"name":"wp","href":"https:\/\/api.w.org\/{rel}","templated":true}]}}