{"id":4951,"date":"2022-07-07T11:23:05","date_gmt":"2022-07-07T11:23:05","guid":{"rendered":"https:\/\/mabuko.co.mz\/?post_type=product&#038;p=4951"},"modified":"2022-12-29T14:04:40","modified_gmt":"2022-12-29T14:04:40","slug":"as-gemeas-o-sexto-ano-no-colegio-de-santa-clara","status":"publish","type":"product","link":"https:\/\/mabuko.co.mz\/site\/?product=as-gemeas-o-sexto-ano-no-colegio-de-santa-clara","title":{"rendered":"AS G\u00c9MEAS -O SEXTO ANO NO COL\u00c9GIO DE SANTA CLARA"},"content":{"rendered":"<p>Enid Blyton<\/p>\n<p>9789897410024<\/p>\n","protected":false},"excerpt":{"rendered":"<div id=\"productPageSectionAboutBook-sinopseTitle\" class=\"right-title\"><strong>SINOPSE<\/strong><\/div>\n<div id=\"productPageSectionAboutBook-sinopse\" class=\"right-text\">\n<p>\u00abSim, \u00e9 exactamente isso que eu estou a dizer!\u00bb, confirmou a Isabel, impaciente. \u00abPonho as m\u00e3os no fogo em como h\u00e1 duas Matildes!\u00bb As g\u00e9meas O\u00b4Sullivan s\u00e3o as novas delegadas das alunas e n\u00e3o v\u00e3o ter m\u00e3os a medir com as traquinices da Matilde, uma aluna do primeiro ano. Vai haver mais sarilhos em Santa Clara!<\/p>\n<\/div>\n","protected":false},"featured_media":4952,"template":"","meta":{"_monsterinsights_skip_tracking":false,"_monsterinsights_sitenote_active":false,"_monsterinsights_sitenote_note":"","_monsterinsights_sitenote_category":0},"product_cat":[135],"product_tag":[],"class_list":{"0":"post-4951","1":"product","2":"type-product","3":"status-publish","4":"has-post-thumbnail","6":"product_cat-infantil","7":"pa_book-author-enid-blyton","9":"first","10":"outofstock","11":"shipping-taxable","12":"purchasable","13":"product-type-simple"},"_links":{"self":[{"href":"https:\/\/mabuko.co.mz\/site\/index.php?rest_route=\/wp\/v2\/product\/4951","targetHints":{"allow":["GET"]}}],"collection":[{"href":"https:\/\/mabuko.co.mz\/site\/index.php?rest_route=\/wp\/v2\/product"}],"about":[{"href":"https:\/\/mabuko.co.mz\/site\/index.php?rest_route=\/wp\/v2\/types\/product"}],"wp:featuredmedia":[{"embeddable":true,"href":"https:\/\/mabuko.co.mz\/site\/index.php?rest_route=\/wp\/v2\/media\/4952"}],"wp:attachment":[{"href":"https:\/\/mabuko.co.mz\/site\/index.php?rest_route=%2Fwp%2Fv2%2Fmedia&parent=4951"}],"wp:term":[{"taxonomy":"product_cat","embeddable":true,"href":"https:\/\/mabuko.co.mz\/site\/index.php?rest_route=%2Fwp%2Fv2%2Fproduct_cat&post=4951"},{"taxonomy":"product_tag","embeddable":true,"href":"https:\/\/mabuko.co.mz\/site\/index.php?rest_route=%2Fwp%2Fv2%2Fproduct_tag&post=4951"}],"curies":[{"name":"wp","href":"https:\/\/api.w.org\/{rel}","templated":true}]}}