{"id":4943,"date":"2022-07-07T10:58:20","date_gmt":"2022-07-07T10:58:20","guid":{"rendered":"https:\/\/mabuko.co.mz\/?post_type=product&#038;p=4943"},"modified":"2022-12-29T14:05:31","modified_gmt":"2022-12-29T14:05:31","slug":"o-diario-de-um-banana-bater-no-fundo","status":"publish","type":"product","link":"https:\/\/mabuko.co.mz\/site\/?product=o-diario-de-um-banana-bater-no-fundo","title":{"rendered":"O DI\u00c1RIO DE UM BANANA &#8211; BATER NO FUNDO"},"content":{"rendered":"<p>Enid Blyton<\/p>\n<p>9789895641741<\/p>\n","protected":false},"excerpt":{"rendered":"<div id=\"productPageSectionAboutBook-sinopseTitle\" class=\"right-title\">SINOPSE<\/div>\n<div id=\"productPageSectionAboutBook-sinopse\" class=\"right-text\">\n<p>Os Heffleys fazem-se \u00e0 estrada rumo \u00e0s melhores f\u00e9rias de ver\u00e3o de SEMPRE, mas acabam por mergulhar numa aventura de loucos.<\/p>\n<p>E se achas que ficar preso num parque de auto-caravanas muito duvidoso \u00e9 o pior que lhes pode acontecer, est\u00e1s bem enganado!<\/p>\n<p>Prepara-te para uma onda de CAOS! O Greg \u00e9 agora a \u00faltima b\u00f3ia de salva\u00e7\u00e3o para que as f\u00e9rias n\u00e3o sejam um completo desastre. Das duas, uma: ou ele se p\u00f5e a salvo, ou \u00e9 desta que vai BATER NO FUNDO!<\/p>\n<\/div>\n","protected":false},"featured_media":4944,"template":"","meta":{"_monsterinsights_skip_tracking":false,"_monsterinsights_sitenote_active":false,"_monsterinsights_sitenote_note":"","_monsterinsights_sitenote_category":0},"product_cat":[135],"product_tag":[],"class_list":{"0":"post-4943","1":"product","2":"type-product","3":"status-publish","4":"has-post-thumbnail","6":"product_cat-infantil","7":"pa_book-author-jeff-kinney","9":"first","10":"outofstock","11":"shipping-taxable","12":"purchasable","13":"product-type-simple"},"_links":{"self":[{"href":"https:\/\/mabuko.co.mz\/site\/index.php?rest_route=\/wp\/v2\/product\/4943","targetHints":{"allow":["GET"]}}],"collection":[{"href":"https:\/\/mabuko.co.mz\/site\/index.php?rest_route=\/wp\/v2\/product"}],"about":[{"href":"https:\/\/mabuko.co.mz\/site\/index.php?rest_route=\/wp\/v2\/types\/product"}],"wp:featuredmedia":[{"embeddable":true,"href":"https:\/\/mabuko.co.mz\/site\/index.php?rest_route=\/wp\/v2\/media\/4944"}],"wp:attachment":[{"href":"https:\/\/mabuko.co.mz\/site\/index.php?rest_route=%2Fwp%2Fv2%2Fmedia&parent=4943"}],"wp:term":[{"taxonomy":"product_cat","embeddable":true,"href":"https:\/\/mabuko.co.mz\/site\/index.php?rest_route=%2Fwp%2Fv2%2Fproduct_cat&post=4943"},{"taxonomy":"product_tag","embeddable":true,"href":"https:\/\/mabuko.co.mz\/site\/index.php?rest_route=%2Fwp%2Fv2%2Fproduct_tag&post=4943"}],"curies":[{"name":"wp","href":"https:\/\/api.w.org\/{rel}","templated":true}]}}