{"id":4941,"date":"2022-07-07T10:53:35","date_gmt":"2022-07-07T10:53:35","guid":{"rendered":"https:\/\/mabuko.co.mz\/?post_type=product&#038;p=4941"},"modified":"2022-12-29T14:06:39","modified_gmt":"2022-12-29T14:06:39","slug":"que-confusao","status":"publish","type":"product","link":"https:\/\/mabuko.co.mz\/site\/?product=que-confusao","title":{"rendered":"QUE CONFUS\u00c3O !"},"content":{"rendered":"<p>Pippa Goodhart<\/p>\n<p>9789895643356<\/p>\n","protected":false},"excerpt":{"rendered":"<p><strong>SINOPSE<\/strong><\/p>\n<p>A Francisca gosta de organizar tudo \u00e0 sua volta, arrumar as coisas e fazer conjuntos. Organiza os brinquedos, os objectos da cozinha, as plantas e at\u00e9 os animais.<\/p>\n<p>Mas h\u00e1 algo que a Francisca n\u00e3o consegue organizar: as pessoas!<br \/>\nComo \u00e9 que ela vai decidir onde pertencem a fam\u00edlia, os amigos ou\u2026 ela mesma?<\/p>\n<p>Livro com ilustra\u00e7\u00f5es de cores e vivacidade not\u00e1veis, repletas de detalhes que fazem as del\u00edcias dos mais novos e que d\u00e3o pequenas pistas para a compreens\u00e3o do mundo. A procura da identidade, num mundo heterog\u00e9neo, e a harmonia entre tudo e todos na comunidade s\u00e3o as principais mensagens da hist\u00f3ria.<\/p>\n<p>Atrav\u00e9s das coloridas e detalhadas ilustra\u00e7\u00f5es, os mais pequenos exploram os primeiros conceitos das formas, cores e tamanhos.<\/p>\n","protected":false},"featured_media":4942,"template":"","meta":{"_monsterinsights_skip_tracking":false,"_monsterinsights_sitenote_active":false,"_monsterinsights_sitenote_note":"","_monsterinsights_sitenote_category":0},"product_cat":[135],"product_tag":[],"class_list":{"0":"post-4941","1":"product","2":"type-product","3":"status-publish","4":"has-post-thumbnail","6":"product_cat-infantil","7":"pa_book-author-pippa-goodhart","9":"first","10":"instock","11":"shipping-taxable","12":"purchasable","13":"product-type-simple"},"_links":{"self":[{"href":"https:\/\/mabuko.co.mz\/site\/index.php?rest_route=\/wp\/v2\/product\/4941","targetHints":{"allow":["GET"]}}],"collection":[{"href":"https:\/\/mabuko.co.mz\/site\/index.php?rest_route=\/wp\/v2\/product"}],"about":[{"href":"https:\/\/mabuko.co.mz\/site\/index.php?rest_route=\/wp\/v2\/types\/product"}],"wp:featuredmedia":[{"embeddable":true,"href":"https:\/\/mabuko.co.mz\/site\/index.php?rest_route=\/wp\/v2\/media\/4942"}],"wp:attachment":[{"href":"https:\/\/mabuko.co.mz\/site\/index.php?rest_route=%2Fwp%2Fv2%2Fmedia&parent=4941"}],"wp:term":[{"taxonomy":"product_cat","embeddable":true,"href":"https:\/\/mabuko.co.mz\/site\/index.php?rest_route=%2Fwp%2Fv2%2Fproduct_cat&post=4941"},{"taxonomy":"product_tag","embeddable":true,"href":"https:\/\/mabuko.co.mz\/site\/index.php?rest_route=%2Fwp%2Fv2%2Fproduct_tag&post=4941"}],"curies":[{"name":"wp","href":"https:\/\/api.w.org\/{rel}","templated":true}]}}