{"id":4935,"date":"2022-07-07T10:21:47","date_gmt":"2022-07-07T10:21:47","guid":{"rendered":"https:\/\/mabuko.co.mz\/?post_type=product&#038;p=4935"},"modified":"2022-12-29T14:08:19","modified_gmt":"2022-12-29T14:08:19","slug":"o-bando-das-cavernas-eu-vou-a-marte","status":"publish","type":"product","link":"https:\/\/mabuko.co.mz\/site\/?product=o-bando-das-cavernas-eu-vou-a-marte","title":{"rendered":"O  BANDO DAS CAVERNAS EU VOU A MARTE!"},"content":{"rendered":"<p>Nuno Caravela<\/p>\n<p>9789895645817<\/p>\n","protected":false},"excerpt":{"rendered":"<div id=\"productPageSectionAboutBook-sinopseTitle\" class=\"right-title\"><strong>SINOPSE<\/strong><\/div>\n<div id=\"productPageSectionAboutBook-sinopse\" class=\"right-text\">\n<p>Este livro, vindo dos confins do tempo, est\u00e1 repleto de aventuras e gargalhadas. Tudo por causa de um grupo muito especial de amigos: o Tocha, a Ruby, o Menir, o Kromeleque, o Tzick e o Sabre.<\/p>\n<p>Eles s\u00e3o o Bando das Cavernas!<\/p>\n<p>Sempre \u00e0 frente do seu tempo, o grande cientista pr\u00e9-hist\u00f3rico, o Senhor dos Neur\u00f3nios, enviou uma sonda espacial at\u00e9 ao planeta vermelho. Mas assim que l\u00e1 chegou, ela foi logo destru\u00edda por uma misteriosa criatura. Ser\u00e1 que afinal existe mesmo vida em Marte?<\/p>\n<p>Com a miss\u00e3o de descobrir como s\u00e3o os marcianos, os nossos amigos viajaram at\u00e9 ao planeta distante e o resultado\u2026 bem, foi uma quantidade astron\u00f3mica de extraterrestres e gargalhadas.<\/p>\n<p>Diverte-te a ler e\u2026 junta-te ao Bando!<\/p>\n<\/div>\n","protected":false},"featured_media":4937,"template":"","meta":{"_monsterinsights_skip_tracking":false,"_monsterinsights_sitenote_active":false,"_monsterinsights_sitenote_note":"","_monsterinsights_sitenote_category":0},"product_cat":[135],"product_tag":[],"class_list":{"0":"post-4935","1":"product","2":"type-product","3":"status-publish","4":"has-post-thumbnail","6":"product_cat-infantil","7":"pa_book-author-nuno-caravela","9":"first","10":"instock","11":"shipping-taxable","12":"purchasable","13":"product-type-simple"},"_links":{"self":[{"href":"https:\/\/mabuko.co.mz\/site\/index.php?rest_route=\/wp\/v2\/product\/4935","targetHints":{"allow":["GET"]}}],"collection":[{"href":"https:\/\/mabuko.co.mz\/site\/index.php?rest_route=\/wp\/v2\/product"}],"about":[{"href":"https:\/\/mabuko.co.mz\/site\/index.php?rest_route=\/wp\/v2\/types\/product"}],"wp:featuredmedia":[{"embeddable":true,"href":"https:\/\/mabuko.co.mz\/site\/index.php?rest_route=\/wp\/v2\/media\/4937"}],"wp:attachment":[{"href":"https:\/\/mabuko.co.mz\/site\/index.php?rest_route=%2Fwp%2Fv2%2Fmedia&parent=4935"}],"wp:term":[{"taxonomy":"product_cat","embeddable":true,"href":"https:\/\/mabuko.co.mz\/site\/index.php?rest_route=%2Fwp%2Fv2%2Fproduct_cat&post=4935"},{"taxonomy":"product_tag","embeddable":true,"href":"https:\/\/mabuko.co.mz\/site\/index.php?rest_route=%2Fwp%2Fv2%2Fproduct_tag&post=4935"}],"curies":[{"name":"wp","href":"https:\/\/api.w.org\/{rel}","templated":true}]}}