{"id":4930,"date":"2022-07-07T09:01:21","date_gmt":"2022-07-07T09:01:21","guid":{"rendered":"https:\/\/mabuko.co.mz\/?post_type=product&#038;p=4930"},"modified":"2022-10-25T10:14:16","modified_gmt":"2022-10-25T10:14:16","slug":"asterix-e-o-grifo","status":"publish","type":"product","link":"https:\/\/mabuko.co.mz\/site\/?product=asterix-e-o-grifo","title":{"rendered":"AST\u00c9RIX E O GRIFO"},"content":{"rendered":"<p>Albert Uderzo<\/p>\n<p>Ren\u00e9 Goscinny<\/p>\n<p>9789892351216<\/p>\n","protected":false},"excerpt":{"rendered":"<p><strong>SINOPSE<\/strong><\/p>\n<p>Em 21 de outubro de 2021, Ast\u00e9rix, Ob\u00e9lix e Ideiafix estar\u00e3o de volta para uma 39\u00aa aventura. Acompanhados pelo mais c\u00e9lebre dos druidas, preparam-se para partir numa longa viagem em busca de uma estranha e aterradora criatura.<\/p>\n<p>Didier Conrad fez chegar um desenho \u00e0s \u00c9ditions Albert Ren\u00e9. Um desenho estranho e misterioso&#8230; Mostra os nossos dois her\u00f3is &#8211; criados h\u00e1 mais de 60 anos pelos geniais Ren\u00e9 Goscinny e Albert Uderzo &#8211; subindo por um enorme tronco de \u00e1rvore para tentarem apanhar o Ideiafix, que parece querer fugir-lhes\u2026 Estar\u00e1 o pequeno c\u00e3o gaul\u00eas a tentar emancipar-se? Este tronco \u00e9 muito peculiar: est\u00e1 esculpido e apresenta a ef\u00edgie duma CRIATURA BEM ENIGMATICA , dotada de presas impressionantes e de um terr\u00edvel bico de ave de rapina\u2026<\/p>\n<p>&nbsp;<\/p>\n","protected":false},"featured_media":4932,"template":"","meta":{"_monsterinsights_skip_tracking":false,"_monsterinsights_sitenote_active":false,"_monsterinsights_sitenote_note":"","_monsterinsights_sitenote_category":0},"product_cat":[205],"product_tag":[],"class_list":{"0":"post-4930","1":"product","2":"type-product","3":"status-publish","4":"has-post-thumbnail","6":"product_cat-banda-desenhada","7":"pa_book-author-rene-goscinny","9":"first","10":"instock","11":"shipping-taxable","12":"purchasable","13":"product-type-simple"},"_links":{"self":[{"href":"https:\/\/mabuko.co.mz\/site\/index.php?rest_route=\/wp\/v2\/product\/4930","targetHints":{"allow":["GET"]}}],"collection":[{"href":"https:\/\/mabuko.co.mz\/site\/index.php?rest_route=\/wp\/v2\/product"}],"about":[{"href":"https:\/\/mabuko.co.mz\/site\/index.php?rest_route=\/wp\/v2\/types\/product"}],"wp:featuredmedia":[{"embeddable":true,"href":"https:\/\/mabuko.co.mz\/site\/index.php?rest_route=\/wp\/v2\/media\/4932"}],"wp:attachment":[{"href":"https:\/\/mabuko.co.mz\/site\/index.php?rest_route=%2Fwp%2Fv2%2Fmedia&parent=4930"}],"wp:term":[{"taxonomy":"product_cat","embeddable":true,"href":"https:\/\/mabuko.co.mz\/site\/index.php?rest_route=%2Fwp%2Fv2%2Fproduct_cat&post=4930"},{"taxonomy":"product_tag","embeddable":true,"href":"https:\/\/mabuko.co.mz\/site\/index.php?rest_route=%2Fwp%2Fv2%2Fproduct_tag&post=4930"}],"curies":[{"name":"wp","href":"https:\/\/api.w.org\/{rel}","templated":true}]}}