{"id":4919,"date":"2022-07-06T14:14:42","date_gmt":"2022-07-06T14:14:42","guid":{"rendered":"https:\/\/mabuko.co.mz\/?post_type=product&#038;p=4919"},"modified":"2022-12-29T12:57:16","modified_gmt":"2022-12-29T12:57:16","slug":"a-lei-do-sucesso-2","status":"publish","type":"product","link":"https:\/\/mabuko.co.mz\/site\/?product=a-lei-do-sucesso-2","title":{"rendered":"A LEI DO SUCESSO"},"content":{"rendered":"<p>Napoleon Hill<\/p>\n<p>9789892340593<\/p>\n","protected":false},"excerpt":{"rendered":"<p><strong>SINOPSE<\/strong><\/p>\n<p><em>A Lei do Sucesso<\/em>, provavelmente o mais importante livro motivacional escrito at\u00e9 hoje, nasceu por mero acaso. No in\u00edcio do s\u00e9culo XX, Napoleon Hill, um jovem e ambicioso jornalista (que para se sustentar escrevia artigos desde os 13 anos), entrevistou Andrew Carnegie, naquela \u00e9poca o homem mais rico do mundo. Durante a conversa o milion\u00e1rio sugeriu ao entrevistador que investigasse as raz\u00f5es pelas quais algumas pessoas triunfam na vida e outras n\u00e3o.<br \/>\nNapoleon Hill dedicaria os 20 anos seguintes a decifrar o enigma. Entrevistou mais de cem pessoas, desde multimilion\u00e1rios como J.P. Morgan ou John D. Rockefeller, a empres\u00e1rios como Henry Ford ou empreendedores como Thomas Edison (inventor da l\u00e2mpada el\u00e9trica) ou Graham Bell (que popularizou o telefone). Procurou os pontos comuns entre eles, e o que os diferenciava. E sintetizou tudo o que aprendeu com eles numa obra monumental \u2013\u00a0<em>A Lei do Sucesso<\/em>, publicada em 1928.<br \/>\nO livro oferece um curso completo, em 16 li\u00e7\u00f5es, ao longo das quais percebemos porque \u00e9 que os grandes empreendedores s\u00e3o de facto diferentes \u2013 pela paix\u00e3o que os move, pelo entusiasmo que p\u00f5em em tudo o que fazem. E percebemos, sobretudo, que podemos aprender e por em pr\u00e1tica as suas compet\u00eancias \u2013 com resultados espantosos.<\/p>\n","protected":false},"featured_media":4921,"template":"","meta":{"_monsterinsights_skip_tracking":false,"_monsterinsights_sitenote_active":false,"_monsterinsights_sitenote_note":"","_monsterinsights_sitenote_category":0},"product_cat":[108],"product_tag":[],"class_list":{"0":"post-4919","1":"product","2":"type-product","3":"status-publish","4":"has-post-thumbnail","6":"product_cat-auto-ajuda","7":"pa_book-author-napoleon-hill","9":"first","10":"outofstock","11":"shipping-taxable","12":"purchasable","13":"product-type-simple"},"_links":{"self":[{"href":"https:\/\/mabuko.co.mz\/site\/index.php?rest_route=\/wp\/v2\/product\/4919","targetHints":{"allow":["GET"]}}],"collection":[{"href":"https:\/\/mabuko.co.mz\/site\/index.php?rest_route=\/wp\/v2\/product"}],"about":[{"href":"https:\/\/mabuko.co.mz\/site\/index.php?rest_route=\/wp\/v2\/types\/product"}],"wp:featuredmedia":[{"embeddable":true,"href":"https:\/\/mabuko.co.mz\/site\/index.php?rest_route=\/wp\/v2\/media\/4921"}],"wp:attachment":[{"href":"https:\/\/mabuko.co.mz\/site\/index.php?rest_route=%2Fwp%2Fv2%2Fmedia&parent=4919"}],"wp:term":[{"taxonomy":"product_cat","embeddable":true,"href":"https:\/\/mabuko.co.mz\/site\/index.php?rest_route=%2Fwp%2Fv2%2Fproduct_cat&post=4919"},{"taxonomy":"product_tag","embeddable":true,"href":"https:\/\/mabuko.co.mz\/site\/index.php?rest_route=%2Fwp%2Fv2%2Fproduct_tag&post=4919"}],"curies":[{"name":"wp","href":"https:\/\/api.w.org\/{rel}","templated":true}]}}