{"id":4918,"date":"2022-07-06T13:46:49","date_gmt":"2022-07-06T13:46:49","guid":{"rendered":"https:\/\/mabuko.co.mz\/?post_type=product&#038;p=4918"},"modified":"2022-12-29T12:59:14","modified_gmt":"2022-12-29T12:59:14","slug":"o-regresso","status":"publish","type":"product","link":"https:\/\/mabuko.co.mz\/site\/?product=o-regresso","title":{"rendered":"O REGRESSO"},"content":{"rendered":"<p>Nicholas Sparks<\/p>\n<p>9789892349206<\/p>\n<p>&nbsp;<\/p>\n<p>&nbsp;<\/p>\n<p>&nbsp;<\/p>\n","protected":false},"excerpt":{"rendered":"<div id=\"productPageSectionAboutBook-sinopseTitle\" class=\"right-title\"><strong>SINOPSE<\/strong><\/div>\n<div id=\"productPageSectionAboutBook-sinopse\" class=\"right-text\">\n<p>Nicholas Sparks vai fazer-lhe companhia ao longo da hist\u00f3ria.<br \/>\n<b>Edi\u00e7\u00e3o exclusiva com 3 v\u00eddeos do autor<\/b><\/p>\n<p>Trevor Benson n\u00e3o planeava voltar a New Bern, na Carolina do Norte. Mas quando uma explos\u00e3o perto do hospital onde trabalha no Afeganist\u00e3o o deixa com ferimentos devastadores, a velha casa que herdou do av\u00f4 parece um bom lugar para recuperar.<\/p>\n<p>Decidido a regressar \u00e0 faculdade de Medicina, Trevor n\u00e3o est\u00e1 minimamente dispon\u00edvel para amar\u2026 mas o primeiro encontro com Natalie abala as suas convic\u00e7\u00f5es. A liga\u00e7\u00e3o entre ambos \u00e9 imposs\u00edvel de ignorar, mesmo que Natalie se esforce por manter uma dist\u00e2ncia inexplic\u00e1vel.<\/p>\n<p>Igualmente dif\u00edcil de compreender \u00e9 Callie, a adolescente solit\u00e1ria que mantinha com o av\u00f4 de Trevor uma profunda rela\u00e7\u00e3o de amizade. Trevor espera que a jovem o ajude a desvendar o mist\u00e9rio que paira sobre a misteriosa morte do av\u00f4, mas com pouco sucesso\u2026 at\u00e9 que a verdadeira natureza do passado de Callie amea\u00e7a ser revelada, deixando Trevor perante um segredo que nunca poderia ter antecipado.<\/p>\n<p>Na sua miss\u00e3o para decifrar os segredos de Natalie e de Callie, Trevor ir\u00e1 descobrir o verdadeiro significado do amor e do perd\u00e3o\u2026 e que na vida, para seguir em frente, temos muitas vezes de voltar atr\u00e1s.<\/p>\n<\/div>\n","protected":false},"featured_media":4923,"template":"","meta":{"_monsterinsights_skip_tracking":false,"_monsterinsights_sitenote_active":false,"_monsterinsights_sitenote_note":"","_monsterinsights_sitenote_category":0},"product_cat":[103,105],"product_tag":[],"class_list":{"0":"post-4918","1":"product","2":"type-product","3":"status-publish","4":"has-post-thumbnail","6":"product_cat-literatura","7":"product_cat-romance","8":"pa_book-author-nicholas-sparks","10":"first","11":"instock","12":"shipping-taxable","13":"purchasable","14":"product-type-simple"},"_links":{"self":[{"href":"https:\/\/mabuko.co.mz\/site\/index.php?rest_route=\/wp\/v2\/product\/4918","targetHints":{"allow":["GET"]}}],"collection":[{"href":"https:\/\/mabuko.co.mz\/site\/index.php?rest_route=\/wp\/v2\/product"}],"about":[{"href":"https:\/\/mabuko.co.mz\/site\/index.php?rest_route=\/wp\/v2\/types\/product"}],"wp:featuredmedia":[{"embeddable":true,"href":"https:\/\/mabuko.co.mz\/site\/index.php?rest_route=\/wp\/v2\/media\/4923"}],"wp:attachment":[{"href":"https:\/\/mabuko.co.mz\/site\/index.php?rest_route=%2Fwp%2Fv2%2Fmedia&parent=4918"}],"wp:term":[{"taxonomy":"product_cat","embeddable":true,"href":"https:\/\/mabuko.co.mz\/site\/index.php?rest_route=%2Fwp%2Fv2%2Fproduct_cat&post=4918"},{"taxonomy":"product_tag","embeddable":true,"href":"https:\/\/mabuko.co.mz\/site\/index.php?rest_route=%2Fwp%2Fv2%2Fproduct_tag&post=4918"}],"curies":[{"name":"wp","href":"https:\/\/api.w.org\/{rel}","templated":true}]}}