{"id":4916,"date":"2022-07-06T13:40:48","date_gmt":"2022-07-06T13:40:48","guid":{"rendered":"https:\/\/mabuko.co.mz\/?post_type=product&#038;p=4916"},"modified":"2023-02-08T10:10:53","modified_gmt":"2023-02-08T10:10:53","slug":"as-33-estrategias-de-guerra","status":"publish","type":"product","link":"https:\/\/mabuko.co.mz\/site\/?product=as-33-estrategias-de-guerra","title":{"rendered":"AS 33 ESTRAT\u00c9GIAS DE GUERRA"},"content":{"rendered":"<p>Robert Greene<\/p>\n<p>9789725924617<\/p>\n","protected":false},"excerpt":{"rendered":"<div id=\"productPageSectionAboutBook-sinopseTitle\" class=\"right-title\"><strong>SINOPSE<\/strong><\/div>\n<div id=\"productPageSectionAboutBook-sinopse\" class=\"right-text\">\n<p>As 33 estrat\u00e9gias de Guerra<br \/>\nDas sangrentas batalhas da Hist\u00f3ria extraia as estrat\u00e9gias para vencer os insidiosos desafios sociais do dia-a-dia<\/p>\n<p>1. Declare guerra aos seus inimigos: a estrat\u00e9gia da polaridade<br \/>\n2. N\u00e3o combata a guerra que j\u00e1 passou: a estrat\u00e9gia da guerrilha mental<br \/>\n3. No meio do turbilh\u00e3o dos acontecimentos n\u00e3o perca a presen\u00e7a de esp\u00edrito: a estrat\u00e9gia do contrabalan\u00e7o<br \/>\n4. Crie uma sensa\u00e7\u00e3o de urg\u00eancia e de desespero: a estrat\u00e9gia da zona de morte<br \/>\n5. Evite as armadilhas do pensamento em grupo: a estrat\u00e9gia de comando e controlo<br \/>\n6. Segmente as suas for\u00e7as: a estrat\u00e9gia do caos controlado<br \/>\n7. Transforme a sua guerra numa cruzada: estrat\u00e9gias para levantar o moral<br \/>\n8. Escolha as suas batalhas com cuidado: a estrat\u00e9gia da economia perfeita<br \/>\n9. Vire a mesa: a estrat\u00e9gia do contra-ataque<br \/>\n10. Crie uma presen\u00e7a amea\u00e7adora: estrat\u00e9gias de dissuas\u00e3o<br \/>\n11. Troque espa\u00e7o por tempo: a estrat\u00e9gia do n\u00e3o compromisso<br \/>\n12. Perca batalhas, mas ganhe a guerra: a grande estrat\u00e9gia<br \/>\n13. Conhe\u00e7a o seu inimigo: a estrat\u00e9gia da intelig\u00eancia<br \/>\n14. Ven\u00e7a a resist\u00eancia com movimentos velozes e imprevis\u00edveis: a estrat\u00e9gia da blitzkrieg<br \/>\n15. Controle a din\u00e2mica: for\u00e7ando estrat\u00e9gias<br \/>\n16. Atinja-os onde d\u00f3i: a estrat\u00e9gia do centro de gravidade<br \/>\n17. Derrote-os em detalhes: a estrat\u00e9gia do dividir &#8211; e &#8211; conquistar<br \/>\n18. Exponha e ataque o lado fr\u00e1gil dos seus advers\u00e1rios: a estrat\u00e9gia crucial<br \/>\n19. Cerque o inimigo: a estrat\u00e9gia da aniquila\u00e7\u00e3o<br \/>\n20. Manobre-os em direc\u00e7\u00e3o \u00e0 fraqueza: a estrat\u00e9gia do amadurecimento para ceifar<br \/>\n21. Negoceie enquanto avan\u00e7a: a estrat\u00e9gia da guerra diplom\u00e1tica<br \/>\n22. Saiba como terminar as coisas: a estrat\u00e9gia da sa\u00edda<br \/>\n23. Te\u00e7a uma mescla impercept\u00edvel de factos e fic\u00e7\u00e3o: estrat\u00e9gias de percep\u00e7\u00f5es erradas<br \/>\n24. Adopte a linha do m\u00ednimo de expectativas: a estrat\u00e9gia do ordin\u00e1rio-extraordin\u00e1rio<br \/>\n25. Ocupe o terreno elevado da moral: a estrat\u00e9gia justa<br \/>\n26. Negue-lhes alvos: a estrat\u00e9gia do vazio<br \/>\n27. Fa\u00e7a de conta que est\u00e1 a promover os interesses alheios enquanto promove os seus: a estrat\u00e9gia da alian\u00e7a<br \/>\n28. D\u00ea aos seus inimigos corda suficiente para se enforcarem: a estrat\u00e9gia da manobra para garantir vantagem<br \/>\n29. Anexe pequenas por\u00e7\u00f5es: a estrat\u00e9gia do facto consumado<br \/>\n30. Penetre nas suas mentes: estrat\u00e9gias de comunica\u00e7\u00e3o<br \/>\n31. Destrua de dentro para fora: a estrat\u00e9gia da frente interior<br \/>\n32. Domine enquanto parece submeter-se: a estrat\u00e9gia da agress\u00e3o passiva<br \/>\n33. Semeie incerteza e p\u00e2nico com actos de terror: a estrat\u00e9gia da reac\u00e7\u00e3o em cadeia.<\/p>\n<\/div>\n","protected":false},"featured_media":4917,"template":"","meta":{"_monsterinsights_skip_tracking":false,"_monsterinsights_sitenote_active":false,"_monsterinsights_sitenote_note":"","_monsterinsights_sitenote_category":0},"product_cat":[102],"product_tag":[],"class_list":{"0":"post-4916","1":"product","2":"type-product","3":"status-publish","4":"has-post-thumbnail","6":"product_cat-livros-tecnicos","7":"pa_book-author-robert-greene","9":"first","10":"outofstock","11":"shipping-taxable","12":"purchasable","13":"product-type-simple"},"_links":{"self":[{"href":"https:\/\/mabuko.co.mz\/site\/index.php?rest_route=\/wp\/v2\/product\/4916","targetHints":{"allow":["GET"]}}],"collection":[{"href":"https:\/\/mabuko.co.mz\/site\/index.php?rest_route=\/wp\/v2\/product"}],"about":[{"href":"https:\/\/mabuko.co.mz\/site\/index.php?rest_route=\/wp\/v2\/types\/product"}],"wp:featuredmedia":[{"embeddable":true,"href":"https:\/\/mabuko.co.mz\/site\/index.php?rest_route=\/wp\/v2\/media\/4917"}],"wp:attachment":[{"href":"https:\/\/mabuko.co.mz\/site\/index.php?rest_route=%2Fwp%2Fv2%2Fmedia&parent=4916"}],"wp:term":[{"taxonomy":"product_cat","embeddable":true,"href":"https:\/\/mabuko.co.mz\/site\/index.php?rest_route=%2Fwp%2Fv2%2Fproduct_cat&post=4916"},{"taxonomy":"product_tag","embeddable":true,"href":"https:\/\/mabuko.co.mz\/site\/index.php?rest_route=%2Fwp%2Fv2%2Fproduct_tag&post=4916"}],"curies":[{"name":"wp","href":"https:\/\/api.w.org\/{rel}","templated":true}]}}