{"id":4911,"date":"2022-07-06T13:31:50","date_gmt":"2022-07-06T13:31:50","guid":{"rendered":"https:\/\/mabuko.co.mz\/?post_type=product&#038;p=4911"},"modified":"2022-12-29T13:00:55","modified_gmt":"2022-12-29T13:00:55","slug":"asterix-e-latraviata","status":"publish","type":"product","link":"https:\/\/mabuko.co.mz\/site\/?product=asterix-e-latraviata","title":{"rendered":"AST\u00c9RIX E LATRAVIATA"},"content":{"rendered":"<p>Albert Uderzo<\/p>\n<p>Ren\u00e9 Goscinny<\/p>\n<p>9789724139388<\/p>\n","protected":false},"excerpt":{"rendered":"<div id=\"productPageSectionAboutBook-sinopseTitle\" class=\"right-title\"><strong>SINOPSE<\/strong><\/div>\n<div id=\"productPageSectionAboutBook-sinopse\" class=\"right-text\">\n<p>Pompeio, antigo c\u00f4nsul romano e inimigo confesso de C\u00e9sar, est\u00e1 em Condate a tentar reunir um ex\u00e9rcito contra o imperador. Para seu azar, perdeu o seu gl\u00e1dio e o seu capacete que foram para \u00e0s m\u00e3os dos pais de uns certos gauleses irredut\u00edveis\u2026 Que estratagemas Pompeio e Bonusmalus, prefeito de Condate, usar\u00e3o para recuperar as armas perdidas?<\/p>\n<\/div>\n","protected":false},"featured_media":4915,"template":"","meta":{"_monsterinsights_skip_tracking":false,"_monsterinsights_sitenote_active":false,"_monsterinsights_sitenote_note":"","_monsterinsights_sitenote_category":0},"product_cat":[205],"product_tag":[],"class_list":{"0":"post-4911","1":"product","2":"type-product","3":"status-publish","4":"has-post-thumbnail","6":"product_cat-banda-desenhada","7":"pa_book-author-albert-uderzo","8":"pa_book-author-rene-goscinny","10":"first","11":"outofstock","12":"shipping-taxable","13":"purchasable","14":"product-type-simple"},"_links":{"self":[{"href":"https:\/\/mabuko.co.mz\/site\/index.php?rest_route=\/wp\/v2\/product\/4911","targetHints":{"allow":["GET"]}}],"collection":[{"href":"https:\/\/mabuko.co.mz\/site\/index.php?rest_route=\/wp\/v2\/product"}],"about":[{"href":"https:\/\/mabuko.co.mz\/site\/index.php?rest_route=\/wp\/v2\/types\/product"}],"wp:featuredmedia":[{"embeddable":true,"href":"https:\/\/mabuko.co.mz\/site\/index.php?rest_route=\/wp\/v2\/media\/4915"}],"wp:attachment":[{"href":"https:\/\/mabuko.co.mz\/site\/index.php?rest_route=%2Fwp%2Fv2%2Fmedia&parent=4911"}],"wp:term":[{"taxonomy":"product_cat","embeddable":true,"href":"https:\/\/mabuko.co.mz\/site\/index.php?rest_route=%2Fwp%2Fv2%2Fproduct_cat&post=4911"},{"taxonomy":"product_tag","embeddable":true,"href":"https:\/\/mabuko.co.mz\/site\/index.php?rest_route=%2Fwp%2Fv2%2Fproduct_tag&post=4911"}],"curies":[{"name":"wp","href":"https:\/\/api.w.org\/{rel}","templated":true}]}}