{"id":4908,"date":"2022-07-06T13:15:28","date_gmt":"2022-07-06T13:15:28","guid":{"rendered":"https:\/\/mabuko.co.mz\/?post_type=product&#038;p=4908"},"modified":"2022-12-29T13:03:36","modified_gmt":"2022-12-29T13:03:36","slug":"martine-e-baby-sitter","status":"publish","type":"product","link":"https:\/\/mabuko.co.mz\/site\/?product=martine-e-baby-sitter","title":{"rendered":"MARTINE E BABY &#8211; SITTER"},"content":{"rendered":"<p>Gilbert Delahaye<\/p>\n<p>Marcel Marlier<\/p>\n<p>5600927002184<\/p>\n","protected":false},"excerpt":{"rendered":"<p><strong>SINOPSE<\/strong><\/p>\n<p>A tia M\u00f3nica tem de sair e pediu ajuda \u00e0 Martine para tomar conta dos primos: as g\u00e9meas Sandra, Sandrina e o \u00c1lvaro. Estar\u00e1 a Martine \u00e0 altura destes pequenos reguilas? \u00c9 o que as crian\u00e7as v\u00e3o ficar a saber com este livro\u2026 boa sorte!<\/p>\n<p>A colec\u00e7\u00e3o \u00abMartine\u00bb passa de m\u00e3o em m\u00e3o desde h\u00e1 mais de 60 anos. N\u00e3o h\u00e1 m\u00e3e nem av\u00f3 que n\u00e3o a tenha lido, nem crian\u00e7a que n\u00e3o sonhe fazer parte da vida da Martine.<\/p>\n","protected":false},"featured_media":4910,"template":"","meta":{"_monsterinsights_skip_tracking":false,"_monsterinsights_sitenote_active":false,"_monsterinsights_sitenote_note":"","_monsterinsights_sitenote_category":0},"product_cat":[135],"product_tag":[],"class_list":{"0":"post-4908","1":"product","2":"type-product","3":"status-publish","4":"has-post-thumbnail","6":"product_cat-infantil","7":"pa_book-author-gilbert-delahaye","8":"pa_book-author-marcel-marlier","10":"first","11":"instock","12":"shipping-taxable","13":"purchasable","14":"product-type-simple"},"_links":{"self":[{"href":"https:\/\/mabuko.co.mz\/site\/index.php?rest_route=\/wp\/v2\/product\/4908","targetHints":{"allow":["GET"]}}],"collection":[{"href":"https:\/\/mabuko.co.mz\/site\/index.php?rest_route=\/wp\/v2\/product"}],"about":[{"href":"https:\/\/mabuko.co.mz\/site\/index.php?rest_route=\/wp\/v2\/types\/product"}],"wp:featuredmedia":[{"embeddable":true,"href":"https:\/\/mabuko.co.mz\/site\/index.php?rest_route=\/wp\/v2\/media\/4910"}],"wp:attachment":[{"href":"https:\/\/mabuko.co.mz\/site\/index.php?rest_route=%2Fwp%2Fv2%2Fmedia&parent=4908"}],"wp:term":[{"taxonomy":"product_cat","embeddable":true,"href":"https:\/\/mabuko.co.mz\/site\/index.php?rest_route=%2Fwp%2Fv2%2Fproduct_cat&post=4908"},{"taxonomy":"product_tag","embeddable":true,"href":"https:\/\/mabuko.co.mz\/site\/index.php?rest_route=%2Fwp%2Fv2%2Fproduct_tag&post=4908"}],"curies":[{"name":"wp","href":"https:\/\/api.w.org\/{rel}","templated":true}]}}