{"id":4901,"date":"2022-07-06T12:43:02","date_gmt":"2022-07-06T12:43:02","guid":{"rendered":"https:\/\/mabuko.co.mz\/?post_type=product&#038;p=4901"},"modified":"2022-10-25T11:46:35","modified_gmt":"2022-10-25T11:46:35","slug":"martine-e-os-cozinheiros","status":"publish","type":"product","link":"https:\/\/mabuko.co.mz\/site\/?product=martine-e-os-cozinheiros","title":{"rendered":"MARTINE E OS COZINHEIROS"},"content":{"rendered":"<p>Gilbert Delahaye<\/p>\n<p>5600927001330<\/p>\n","protected":false},"excerpt":{"rendered":"<p><strong>SINOPSE<\/strong><\/p>\n<p>O cheirinho do p\u00e3o acabado de fazer ou o sabor do chocolate a derreter s\u00e3o alguns dos pequenos prazeres a que os pequenos ajudantes de cozinha, como a Martine, t\u00eam direito no curso de culin\u00e1ria. Um livro delicioso que os mais novos v\u00e3o poder saborear! A colec\u00e7\u00e3o \u00abMartine\u00bb passa de m\u00e3o em m\u00e3o desde h\u00e1 mais de 60 anos. N\u00e3o h\u00e1 m\u00e3e nem av\u00f3 que n\u00e3o a tenha lido, nem crian\u00e7a que n\u00e3o sonhe fazer parte da vida da Martine.<\/p>\n","protected":false},"featured_media":4902,"template":"","meta":{"_monsterinsights_skip_tracking":false,"_monsterinsights_sitenote_active":false,"_monsterinsights_sitenote_note":"","_monsterinsights_sitenote_category":0},"product_cat":[135],"product_tag":[],"class_list":{"0":"post-4901","1":"product","2":"type-product","3":"status-publish","4":"has-post-thumbnail","6":"product_cat-infantil","7":"pa_book-author-gilbert-delahaye","9":"first","10":"instock","11":"shipping-taxable","12":"purchasable","13":"product-type-simple"},"_links":{"self":[{"href":"https:\/\/mabuko.co.mz\/site\/index.php?rest_route=\/wp\/v2\/product\/4901","targetHints":{"allow":["GET"]}}],"collection":[{"href":"https:\/\/mabuko.co.mz\/site\/index.php?rest_route=\/wp\/v2\/product"}],"about":[{"href":"https:\/\/mabuko.co.mz\/site\/index.php?rest_route=\/wp\/v2\/types\/product"}],"wp:featuredmedia":[{"embeddable":true,"href":"https:\/\/mabuko.co.mz\/site\/index.php?rest_route=\/wp\/v2\/media\/4902"}],"wp:attachment":[{"href":"https:\/\/mabuko.co.mz\/site\/index.php?rest_route=%2Fwp%2Fv2%2Fmedia&parent=4901"}],"wp:term":[{"taxonomy":"product_cat","embeddable":true,"href":"https:\/\/mabuko.co.mz\/site\/index.php?rest_route=%2Fwp%2Fv2%2Fproduct_cat&post=4901"},{"taxonomy":"product_tag","embeddable":true,"href":"https:\/\/mabuko.co.mz\/site\/index.php?rest_route=%2Fwp%2Fv2%2Fproduct_tag&post=4901"}],"curies":[{"name":"wp","href":"https:\/\/api.w.org\/{rel}","templated":true}]}}