{"id":4894,"date":"2022-07-06T12:23:04","date_gmt":"2022-07-06T12:23:04","guid":{"rendered":"https:\/\/mabuko.co.mz\/?post_type=product&#038;p=4894"},"modified":"2022-10-25T11:54:04","modified_gmt":"2022-10-25T11:54:04","slug":"o-miudo-o-carro-electrico-do-nico","status":"publish","type":"product","link":"https:\/\/mabuko.co.mz\/site\/?product=o-miudo-o-carro-electrico-do-nico","title":{"rendered":"O MI\u00daDO &#8211; O CARRO EL\u00c9CTRICO DO NICO"},"content":{"rendered":"<p>Nathalie B\u00e9lineau<\/p>\n<p>9788490943922<\/p>\n","protected":false},"excerpt":{"rendered":"<p><strong>SINOPSE<\/strong><\/p>\n<p>Uma bela hist\u00f3ria, escrita para as crian\u00e7as se poderem identificar com os personagens da hist\u00f3ria, deixando voar a sua imagina\u00e7\u00e3o.<\/p>\n","protected":false},"featured_media":4896,"template":"","meta":{"_monsterinsights_skip_tracking":false,"_monsterinsights_sitenote_active":false,"_monsterinsights_sitenote_note":"","_monsterinsights_sitenote_category":0},"product_cat":[135],"product_tag":[],"class_list":{"0":"post-4894","1":"product","2":"type-product","3":"status-publish","4":"has-post-thumbnail","6":"product_cat-infantil","7":"pa_book-author-nathalie-belineau","9":"first","10":"onbackorder","11":"shipping-taxable","12":"purchasable","13":"product-type-simple"},"_links":{"self":[{"href":"https:\/\/mabuko.co.mz\/site\/index.php?rest_route=\/wp\/v2\/product\/4894","targetHints":{"allow":["GET"]}}],"collection":[{"href":"https:\/\/mabuko.co.mz\/site\/index.php?rest_route=\/wp\/v2\/product"}],"about":[{"href":"https:\/\/mabuko.co.mz\/site\/index.php?rest_route=\/wp\/v2\/types\/product"}],"wp:featuredmedia":[{"embeddable":true,"href":"https:\/\/mabuko.co.mz\/site\/index.php?rest_route=\/wp\/v2\/media\/4896"}],"wp:attachment":[{"href":"https:\/\/mabuko.co.mz\/site\/index.php?rest_route=%2Fwp%2Fv2%2Fmedia&parent=4894"}],"wp:term":[{"taxonomy":"product_cat","embeddable":true,"href":"https:\/\/mabuko.co.mz\/site\/index.php?rest_route=%2Fwp%2Fv2%2Fproduct_cat&post=4894"},{"taxonomy":"product_tag","embeddable":true,"href":"https:\/\/mabuko.co.mz\/site\/index.php?rest_route=%2Fwp%2Fv2%2Fproduct_tag&post=4894"}],"curies":[{"name":"wp","href":"https:\/\/api.w.org\/{rel}","templated":true}]}}