{"id":4889,"date":"2022-07-06T12:08:49","date_gmt":"2022-07-06T12:08:49","guid":{"rendered":"https:\/\/mabuko.co.mz\/?post_type=product&#038;p=4889"},"modified":"2025-12-15T05:01:50","modified_gmt":"2025-12-15T05:01:50","slug":"o-fio-das-missangas","status":"publish","type":"product","link":"https:\/\/mabuko.co.mz\/site\/?product=o-fio-das-missangas","title":{"rendered":"O FIO DAS MISSANGAS"},"content":{"rendered":"<p>Mia Couto<\/p>\n<p>9789722126984<\/p>\n","protected":false},"excerpt":{"rendered":"<p><strong>SINOPSE<\/strong><\/p>\n<p>Uma vez mais Mia Couto regressa ao conto, g\u00e9nero liter\u00e1rio que parece ser o da sua maior realiza\u00e7\u00e3o. Est\u00f3rias breves mas contendo, cada uma delas, as infinitas vidas que se condensam em cada ser humano. Uma vez mais, a linguagem \u00e9 trabalhada como se fosse delicada filigrana, confirmando o que o autor disse de si mesmo: \u00abConto hist\u00f3rias por via da poesia.\u00bb S\u00e3o vinte e nove contos unidos como missangas em redor de um fio, que \u00e9 a escrita encantada de um consagrado fabricador de ilus\u00f5es.<\/p>\n","protected":false},"featured_media":4891,"template":"","meta":{"_monsterinsights_skip_tracking":false,"_monsterinsights_sitenote_active":false,"_monsterinsights_sitenote_note":"","_monsterinsights_sitenote_category":0},"product_cat":[319],"product_tag":[],"class_list":{"0":"post-4889","1":"product","2":"type-product","3":"status-publish","4":"has-post-thumbnail","6":"product_cat-literatura-mocambicana","7":"pa_book-author-mia-couto","9":"first","10":"outofstock","11":"shipping-taxable","12":"purchasable","13":"product-type-simple"},"_links":{"self":[{"href":"https:\/\/mabuko.co.mz\/site\/index.php?rest_route=\/wp\/v2\/product\/4889","targetHints":{"allow":["GET"]}}],"collection":[{"href":"https:\/\/mabuko.co.mz\/site\/index.php?rest_route=\/wp\/v2\/product"}],"about":[{"href":"https:\/\/mabuko.co.mz\/site\/index.php?rest_route=\/wp\/v2\/types\/product"}],"wp:featuredmedia":[{"embeddable":true,"href":"https:\/\/mabuko.co.mz\/site\/index.php?rest_route=\/wp\/v2\/media\/4891"}],"wp:attachment":[{"href":"https:\/\/mabuko.co.mz\/site\/index.php?rest_route=%2Fwp%2Fv2%2Fmedia&parent=4889"}],"wp:term":[{"taxonomy":"product_cat","embeddable":true,"href":"https:\/\/mabuko.co.mz\/site\/index.php?rest_route=%2Fwp%2Fv2%2Fproduct_cat&post=4889"},{"taxonomy":"product_tag","embeddable":true,"href":"https:\/\/mabuko.co.mz\/site\/index.php?rest_route=%2Fwp%2Fv2%2Fproduct_tag&post=4889"}],"curies":[{"name":"wp","href":"https:\/\/api.w.org\/{rel}","templated":true}]}}