{"id":4885,"date":"2022-07-06T11:41:58","date_gmt":"2022-07-06T11:41:58","guid":{"rendered":"https:\/\/mabuko.co.mz\/?post_type=product&#038;p=4885"},"modified":"2022-12-29T13:15:58","modified_gmt":"2022-12-29T13:15:58","slug":"harry-potter-e-a-crianca-amaldicoada-partes-um-e-dois","status":"publish","type":"product","link":"https:\/\/mabuko.co.mz\/site\/?product=harry-potter-e-a-crianca-amaldicoada-partes-um-e-dois","title":{"rendered":"HARRY POTTER E A CRIAN\u00c7A AMALDI\u00c7OADA (PARTES UM E DOIS)"},"content":{"rendered":"<p>J.K. Rowling<\/p>\n<p>Jack Thorne<\/p>\n<p>John Tiffany<\/p>\n<p>9789722362030<\/p>\n","protected":false},"excerpt":{"rendered":"<div id=\"productPageSectionAboutBook-sinopseTitle\" class=\"right-title\"><strong>SINOPSE<\/strong><\/div>\n<div id=\"productPageSectionAboutBook-sinopse\" class=\"right-text\">\n<p>A oitava hist\u00f3ria. Dezanove anos depois.<\/p>\n<p>Baseada numa hist\u00f3ria original de J.K. Rowling, John Tiffany e Jack Thorne,\u00a0<i>Harry Potter e a Crian\u00e7a Amaldi\u00e7oada<\/i>\u00a0&#8211; a pe\u00e7a de teatro de Jack Torne -, cuja estreia mundial decorreu no West End em Londres, \u00e9 a primeira hist\u00f3ria oficial de Harry Potter a ser apresentada em vers\u00e3o teatral.<\/p>\n<p>Foi sempre dif\u00edcil ser Harry Potter e n\u00e3o \u00e9 mais f\u00e1cil agora que ele se tornou num muito atarefado funcion\u00e1rio do Minist\u00e9rio da Magia, casado e pai de tr\u00eas crian\u00e7as em idade escolar.<\/p>\n<p>Enquanto Harry luta com um passado que se recusa a ficar para tr\u00e1s, o seu filho mais novo, Albus, tem de se debater com o peso de um legado familiar que nunca desejou. Quando o passado e o presente se cruzam, pai e filho confrontam-se com uma desconfort\u00e1vel verdade: por vezes as trevas v\u00eam de lugares inesperados.<\/p>\n<\/div>\n","protected":false},"featured_media":4886,"template":"","meta":{"_monsterinsights_skip_tracking":false,"_monsterinsights_sitenote_active":false,"_monsterinsights_sitenote_note":"","_monsterinsights_sitenote_category":0},"product_cat":[103],"product_tag":[],"class_list":{"0":"post-4885","1":"product","2":"type-product","3":"status-publish","4":"has-post-thumbnail","6":"product_cat-literatura","7":"pa_book-author-j-k-rowling","8":"pa_book-author-jack-thorne","9":"pa_book-author-john-tiffany","11":"first","12":"outofstock","13":"shipping-taxable","14":"purchasable","15":"product-type-simple"},"_links":{"self":[{"href":"https:\/\/mabuko.co.mz\/site\/index.php?rest_route=\/wp\/v2\/product\/4885","targetHints":{"allow":["GET"]}}],"collection":[{"href":"https:\/\/mabuko.co.mz\/site\/index.php?rest_route=\/wp\/v2\/product"}],"about":[{"href":"https:\/\/mabuko.co.mz\/site\/index.php?rest_route=\/wp\/v2\/types\/product"}],"wp:featuredmedia":[{"embeddable":true,"href":"https:\/\/mabuko.co.mz\/site\/index.php?rest_route=\/wp\/v2\/media\/4886"}],"wp:attachment":[{"href":"https:\/\/mabuko.co.mz\/site\/index.php?rest_route=%2Fwp%2Fv2%2Fmedia&parent=4885"}],"wp:term":[{"taxonomy":"product_cat","embeddable":true,"href":"https:\/\/mabuko.co.mz\/site\/index.php?rest_route=%2Fwp%2Fv2%2Fproduct_cat&post=4885"},{"taxonomy":"product_tag","embeddable":true,"href":"https:\/\/mabuko.co.mz\/site\/index.php?rest_route=%2Fwp%2Fv2%2Fproduct_tag&post=4885"}],"curies":[{"name":"wp","href":"https:\/\/api.w.org\/{rel}","templated":true}]}}