{"id":4798,"date":"2022-07-05T14:22:32","date_gmt":"2022-07-05T14:22:32","guid":{"rendered":"https:\/\/mabuko.co.mz\/?post_type=product&#038;p=4798"},"modified":"2022-12-29T13:17:12","modified_gmt":"2022-12-29T13:17:12","slug":"a-paciente-silenciosa","status":"publish","type":"product","link":"https:\/\/mabuko.co.mz\/site\/?product=a-paciente-silenciosa","title":{"rendered":"A PACIENTE SILENCIOSA"},"content":{"rendered":"<p>Alex Michaelides<\/p>\n<p>9789722363822<\/p>\n","protected":false},"excerpt":{"rendered":"<div id=\"productPageSectionAboutBook-sinopseTitle\" class=\"right-title\"><strong>SINOPSE<\/strong><\/div>\n<div id=\"productPageSectionAboutBook-sinopse\" class=\"right-text\">\n<p>Alice Berenson \u00e9 uma pintora brit\u00e2nica, jovem e famosa, que vive numa casa sublime nos arredores de Londres com o marido, Gabriel, um conhecido fot\u00f3grafo de moda. A vida de ambos parece perfeita. Mas uma noite, quando ele chega a casa depois de uma sess\u00e3o fotogr\u00e1fica, Alicia mata -o com cinco tiros. E nunca mais diz uma palavra.<\/p>\n<p>A recusa de Alicia em falar e dar qualquer tipo de explica\u00e7\u00e3o sobre a trag\u00e9dia, transforma-se num mist\u00e9rio que prende a imagina\u00e7\u00e3o da opini\u00e3o p\u00fablica, e confere a Alicia uma notoriedade sem precedentes. O pre\u00e7o dos seus trabalhos art\u00edsticos dispara e ela, a paciente silenciosa, \u00e9 alvo de um mediatismo implac\u00e1vel. Para evitar isso, \u00e9 conduzida para uma unidade forense de alta seguran\u00e7a no norte de Londres.<\/p>\n<p>Theo Faber, um psicoterapeuta criminal, espera h\u00e1 muito pela oportunidade de trabalhar com Alicia. A sua determina\u00e7\u00e3o em convenc\u00ea-la a falar e a desvendar as raz\u00f5es misteriosas que motivaram o assass\u00ednio do marido leva-o por um caminho tortuoso, numa busca pela verdade que amea\u00e7a consumi-lo&#8230;<\/p>\n<\/div>\n","protected":false},"featured_media":4799,"template":"","meta":{"_monsterinsights_skip_tracking":false,"_monsterinsights_sitenote_active":false,"_monsterinsights_sitenote_note":"","_monsterinsights_sitenote_category":0},"product_cat":[103,131],"product_tag":[],"class_list":{"0":"post-4798","1":"product","2":"type-product","3":"status-publish","4":"has-post-thumbnail","6":"product_cat-literatura","7":"product_cat-thriller","8":"pa_book-author-alex-michaelides","10":"first","11":"outofstock","12":"shipping-taxable","13":"purchasable","14":"product-type-simple"},"_links":{"self":[{"href":"https:\/\/mabuko.co.mz\/site\/index.php?rest_route=\/wp\/v2\/product\/4798","targetHints":{"allow":["GET"]}}],"collection":[{"href":"https:\/\/mabuko.co.mz\/site\/index.php?rest_route=\/wp\/v2\/product"}],"about":[{"href":"https:\/\/mabuko.co.mz\/site\/index.php?rest_route=\/wp\/v2\/types\/product"}],"wp:featuredmedia":[{"embeddable":true,"href":"https:\/\/mabuko.co.mz\/site\/index.php?rest_route=\/wp\/v2\/media\/4799"}],"wp:attachment":[{"href":"https:\/\/mabuko.co.mz\/site\/index.php?rest_route=%2Fwp%2Fv2%2Fmedia&parent=4798"}],"wp:term":[{"taxonomy":"product_cat","embeddable":true,"href":"https:\/\/mabuko.co.mz\/site\/index.php?rest_route=%2Fwp%2Fv2%2Fproduct_cat&post=4798"},{"taxonomy":"product_tag","embeddable":true,"href":"https:\/\/mabuko.co.mz\/site\/index.php?rest_route=%2Fwp%2Fv2%2Fproduct_tag&post=4798"}],"curies":[{"name":"wp","href":"https:\/\/api.w.org\/{rel}","templated":true}]}}