{"id":4792,"date":"2022-07-05T14:15:45","date_gmt":"2022-07-05T14:15:45","guid":{"rendered":"https:\/\/mabuko.co.mz\/?post_type=product&#038;p=4792"},"modified":"2023-02-14T12:55:23","modified_gmt":"2023-02-14T12:55:23","slug":"as-aventuras-de-tintin-o-caso-girassol","status":"publish","type":"product","link":"https:\/\/mabuko.co.mz\/site\/?product=as-aventuras-de-tintin-o-caso-girassol","title":{"rendered":"AS AVENTURAS DE TINTIN &#8211; O CASO GIRASSOL"},"content":{"rendered":"<p>Herg\u00e9<\/p>\n<p>9789892310718<\/p>\n","protected":false},"excerpt":{"rendered":"<div id=\"productPageSectionAboutBook-sinopseTitle\" class=\"right-title\"><strong>SINOPSE<\/strong><\/div>\n<div id=\"productPageSectionAboutBook-sinopse\" class=\"right-text\">\n<p>Nesta aventura, uma s\u00e9rie de misteriosos acontecimentos assombra o castelo de Moulinsart. Vidros e espelhos que de repente se partem, copos que se estilha\u00e7am e as preciosas lou\u00e7as da colec\u00e7\u00e3o do capit\u00e3o ficam em peda\u00e7os. Para piorar, ouvem-se tiros no parque. Guiados por Milu, o capit\u00e3o e Tintin encontram um homem ferido, ca\u00eddo numa moita. No meio da confus\u00e3o, o professor Girassol viaja para a Su\u00ed\u00e7a e, ap\u00f3s a sua partida, verifica-se que os estranhos acontecimentos cessam. Desconfiado, Tintin resolve visitar o laborat\u00f3rio do professor, onde encontra um mascarado, mas o homem consegue escapar. Pressentindo que Girassol possa estar em perigo, os nossos amigos partem para a Su\u00ed\u00e7a. Mas n\u00e3o conseguem encontrar o professor. Escapam a atentados e ciladas, e na pista do Girassol, chegam \u00e0 Bord\u00faria, que \u00e9 dominada por um tirano com planos sinistros em mente.<\/p>\n<\/div>\n","protected":false},"featured_media":4793,"template":"","meta":{"_monsterinsights_skip_tracking":false,"_monsterinsights_sitenote_active":false,"_monsterinsights_sitenote_note":"","_monsterinsights_sitenote_category":0},"product_cat":[205],"product_tag":[],"class_list":{"0":"post-4792","1":"product","2":"type-product","3":"status-publish","4":"has-post-thumbnail","6":"product_cat-banda-desenhada","7":"pa_book-author-herge","9":"first","10":"outofstock","11":"shipping-taxable","12":"purchasable","13":"product-type-simple"},"_links":{"self":[{"href":"https:\/\/mabuko.co.mz\/site\/index.php?rest_route=\/wp\/v2\/product\/4792","targetHints":{"allow":["GET"]}}],"collection":[{"href":"https:\/\/mabuko.co.mz\/site\/index.php?rest_route=\/wp\/v2\/product"}],"about":[{"href":"https:\/\/mabuko.co.mz\/site\/index.php?rest_route=\/wp\/v2\/types\/product"}],"wp:featuredmedia":[{"embeddable":true,"href":"https:\/\/mabuko.co.mz\/site\/index.php?rest_route=\/wp\/v2\/media\/4793"}],"wp:attachment":[{"href":"https:\/\/mabuko.co.mz\/site\/index.php?rest_route=%2Fwp%2Fv2%2Fmedia&parent=4792"}],"wp:term":[{"taxonomy":"product_cat","embeddable":true,"href":"https:\/\/mabuko.co.mz\/site\/index.php?rest_route=%2Fwp%2Fv2%2Fproduct_cat&post=4792"},{"taxonomy":"product_tag","embeddable":true,"href":"https:\/\/mabuko.co.mz\/site\/index.php?rest_route=%2Fwp%2Fv2%2Fproduct_tag&post=4792"}],"curies":[{"name":"wp","href":"https:\/\/api.w.org\/{rel}","templated":true}]}}