{"id":4790,"date":"2022-07-05T14:11:44","date_gmt":"2022-07-05T14:11:44","guid":{"rendered":"https:\/\/mabuko.co.mz\/?post_type=product&#038;p=4790"},"modified":"2022-12-29T13:20:27","modified_gmt":"2022-12-29T13:20:27","slug":"as-aventuras-de-tintin-tintin-no-tibete","status":"publish","type":"product","link":"https:\/\/mabuko.co.mz\/site\/?product=as-aventuras-de-tintin-tintin-no-tibete","title":{"rendered":"AS AVENTURAS DE TINTIN &#8211; TINTIN NO TIBETE"},"content":{"rendered":"<p>Herg\u00e9<\/p>\n<p>9789892313962<\/p>\n","protected":false},"excerpt":{"rendered":"<div id=\"productPageSectionAboutBook-sinopseTitle\" class=\"right-title\"><strong>SINOPSE<\/strong><\/div>\n<div id=\"productPageSectionAboutBook-sinopse\" class=\"right-text\">\n<p>Em f\u00e9rias numa esta\u00e7\u00e3o alpina, Tintin l\u00ea num jornal que um avi\u00e3o caiu no Nepal. Nessa noite, Tintin sonha com Tchang, um grande amigo, que pedia socorro. Logo depois, descobre que naquele avi\u00e3o que se dirigia \u00e0 Europa se encontrava o jovem chin\u00eas Tchang.<br \/>\nTintin, convencido pelo seu sonho que o amigo sobreviveu ao acidente a\u00e9reo, parte \u00e0 sua procura, acompanhado pelo Capit\u00e3o Haddock.<\/p>\n<\/div>\n","protected":false},"featured_media":4791,"template":"","meta":{"_monsterinsights_skip_tracking":false,"_monsterinsights_sitenote_active":false,"_monsterinsights_sitenote_note":"","_monsterinsights_sitenote_category":0},"product_cat":[205],"product_tag":[],"class_list":{"0":"post-4790","1":"product","2":"type-product","3":"status-publish","4":"has-post-thumbnail","6":"product_cat-banda-desenhada","7":"pa_book-author-herge","9":"first","10":"onbackorder","11":"shipping-taxable","12":"purchasable","13":"product-type-simple"},"_links":{"self":[{"href":"https:\/\/mabuko.co.mz\/site\/index.php?rest_route=\/wp\/v2\/product\/4790","targetHints":{"allow":["GET"]}}],"collection":[{"href":"https:\/\/mabuko.co.mz\/site\/index.php?rest_route=\/wp\/v2\/product"}],"about":[{"href":"https:\/\/mabuko.co.mz\/site\/index.php?rest_route=\/wp\/v2\/types\/product"}],"wp:featuredmedia":[{"embeddable":true,"href":"https:\/\/mabuko.co.mz\/site\/index.php?rest_route=\/wp\/v2\/media\/4791"}],"wp:attachment":[{"href":"https:\/\/mabuko.co.mz\/site\/index.php?rest_route=%2Fwp%2Fv2%2Fmedia&parent=4790"}],"wp:term":[{"taxonomy":"product_cat","embeddable":true,"href":"https:\/\/mabuko.co.mz\/site\/index.php?rest_route=%2Fwp%2Fv2%2Fproduct_cat&post=4790"},{"taxonomy":"product_tag","embeddable":true,"href":"https:\/\/mabuko.co.mz\/site\/index.php?rest_route=%2Fwp%2Fv2%2Fproduct_tag&post=4790"}],"curies":[{"name":"wp","href":"https:\/\/api.w.org\/{rel}","templated":true}]}}