{"id":4788,"date":"2022-07-05T14:07:43","date_gmt":"2022-07-05T14:07:43","guid":{"rendered":"https:\/\/mabuko.co.mz\/?post_type=product&#038;p=4788"},"modified":"2022-12-29T13:21:16","modified_gmt":"2022-12-29T13:21:16","slug":"as-aventuras-de-tintin-carvao-no-porao","status":"publish","type":"product","link":"https:\/\/mabuko.co.mz\/site\/?product=as-aventuras-de-tintin-carvao-no-porao","title":{"rendered":"AS AVENTURAS DE TINTIN &#8211; CARV\u00c3O NO POR\u00c3O"},"content":{"rendered":"<p>Herg\u00e9<\/p>\n<p>9789892313955<\/p>\n","protected":false},"excerpt":{"rendered":"<div id=\"productPageSectionAboutBook-sinopseTitle\" class=\"right-title\"><strong>SINOPSE<\/strong><\/div>\n<div id=\"productPageSectionAboutBook-sinopse\" class=\"right-text\">\n<p>Tintin encontra-se por acaso com o general Alcazar, e descobre que ele est\u00e1 envolvido com um traficante de armas. Mais tarde, fica a saber que o emir do Khemed foi deposto gra\u00e7as aos avi\u00f5es vendidos por Alcazar. Tintin decide ent\u00e3o partir com Milu e o capit\u00e3o Haddock para o M\u00e9dio Oriente com o intuito de investigar toda essa hist\u00f3ria. Mas o barco em que viajam \u00e9 atacado por uma esquadrilha de avi\u00f5es\u2026<\/p>\n<\/div>\n","protected":false},"featured_media":4789,"template":"","meta":{"_monsterinsights_skip_tracking":false,"_monsterinsights_sitenote_active":false,"_monsterinsights_sitenote_note":"","_monsterinsights_sitenote_category":0},"product_cat":[205],"product_tag":[],"class_list":{"0":"post-4788","1":"product","2":"type-product","3":"status-publish","4":"has-post-thumbnail","6":"product_cat-banda-desenhada","7":"pa_book-author-herge","9":"first","10":"outofstock","11":"shipping-taxable","12":"purchasable","13":"product-type-simple"},"_links":{"self":[{"href":"https:\/\/mabuko.co.mz\/site\/index.php?rest_route=\/wp\/v2\/product\/4788","targetHints":{"allow":["GET"]}}],"collection":[{"href":"https:\/\/mabuko.co.mz\/site\/index.php?rest_route=\/wp\/v2\/product"}],"about":[{"href":"https:\/\/mabuko.co.mz\/site\/index.php?rest_route=\/wp\/v2\/types\/product"}],"wp:featuredmedia":[{"embeddable":true,"href":"https:\/\/mabuko.co.mz\/site\/index.php?rest_route=\/wp\/v2\/media\/4789"}],"wp:attachment":[{"href":"https:\/\/mabuko.co.mz\/site\/index.php?rest_route=%2Fwp%2Fv2%2Fmedia&parent=4788"}],"wp:term":[{"taxonomy":"product_cat","embeddable":true,"href":"https:\/\/mabuko.co.mz\/site\/index.php?rest_route=%2Fwp%2Fv2%2Fproduct_cat&post=4788"},{"taxonomy":"product_tag","embeddable":true,"href":"https:\/\/mabuko.co.mz\/site\/index.php?rest_route=%2Fwp%2Fv2%2Fproduct_tag&post=4788"}],"curies":[{"name":"wp","href":"https:\/\/api.w.org\/{rel}","templated":true}]}}