{"id":4786,"date":"2022-07-05T14:03:03","date_gmt":"2022-07-05T14:03:03","guid":{"rendered":"https:\/\/mabuko.co.mz\/?post_type=product&#038;p=4786"},"modified":"2022-12-29T12:31:28","modified_gmt":"2022-12-29T12:31:28","slug":"as-aventuras-de-tintin-o-ceptro-de-ottokar","status":"publish","type":"product","link":"https:\/\/mabuko.co.mz\/site\/?product=as-aventuras-de-tintin-o-ceptro-de-ottokar","title":{"rendered":"AS AVENTURAS DE TINTIN &#8211; O CEPTRO DE OTTOKAR"},"content":{"rendered":"<p>Herg\u00e9<\/p>\n<p>9789892309613<\/p>\n","protected":false},"excerpt":{"rendered":"<div id=\"productPageSectionAboutBook-sinopseTitle\" class=\"right-title\"><strong>SINOPSE<\/strong><\/div>\n<div id=\"productPageSectionAboutBook-sinopse\" class=\"right-text\">\n<p>Tintin, acompanhando um velho professor, chega a um pequeno pa\u00eds do Leste da Europa, chamado Sild\u00e1via. Descobre que outro pa\u00eds, a Bord\u00faria, quer apoderar-se do controle do reino, roubando o Ceptro de Ottokar. Este \u00e9 venerado pelo povo e o imperador deve us\u00e1-lo no desfile de S\u00e3o Vladimir, festa nacional da Sild\u00e1via, caso contr\u00e1rio perder\u00e1 o direito ao trono. Tintin descobre isto e tenta avisar o imperador, mas \u00e9 impedido de entrar no pal\u00e1cio real, o castelo de Kropow, mas est\u00e1 fortemente protegido por tropas imperiais. Apesar disso, o espi\u00e3o da Bord\u00faria, Mustler, consegue roubar o Ceptro e tenta fugir do reino. Tintin consegue recuperar o Ceptro e retorna ao pal\u00e1cio, mesmo antes do come\u00e7o do desfile. Assim a Sild\u00e1via mant\u00e9m a independ\u00eancia.<\/p>\n<\/div>\n","protected":false},"featured_media":4787,"template":"","meta":{"_monsterinsights_skip_tracking":false,"_monsterinsights_sitenote_active":false,"_monsterinsights_sitenote_note":"","_monsterinsights_sitenote_category":0},"product_cat":[205],"product_tag":[],"class_list":{"0":"post-4786","1":"product","2":"type-product","3":"status-publish","4":"has-post-thumbnail","6":"product_cat-banda-desenhada","7":"pa_book-author-herge","9":"first","10":"outofstock","11":"shipping-taxable","12":"purchasable","13":"product-type-simple"},"_links":{"self":[{"href":"https:\/\/mabuko.co.mz\/site\/index.php?rest_route=\/wp\/v2\/product\/4786","targetHints":{"allow":["GET"]}}],"collection":[{"href":"https:\/\/mabuko.co.mz\/site\/index.php?rest_route=\/wp\/v2\/product"}],"about":[{"href":"https:\/\/mabuko.co.mz\/site\/index.php?rest_route=\/wp\/v2\/types\/product"}],"wp:featuredmedia":[{"embeddable":true,"href":"https:\/\/mabuko.co.mz\/site\/index.php?rest_route=\/wp\/v2\/media\/4787"}],"wp:attachment":[{"href":"https:\/\/mabuko.co.mz\/site\/index.php?rest_route=%2Fwp%2Fv2%2Fmedia&parent=4786"}],"wp:term":[{"taxonomy":"product_cat","embeddable":true,"href":"https:\/\/mabuko.co.mz\/site\/index.php?rest_route=%2Fwp%2Fv2%2Fproduct_cat&post=4786"},{"taxonomy":"product_tag","embeddable":true,"href":"https:\/\/mabuko.co.mz\/site\/index.php?rest_route=%2Fwp%2Fv2%2Fproduct_tag&post=4786"}],"curies":[{"name":"wp","href":"https:\/\/api.w.org\/{rel}","templated":true}]}}