{"id":4771,"date":"2022-07-05T13:32:24","date_gmt":"2022-07-05T13:32:24","guid":{"rendered":"https:\/\/mabuko.co.mz\/?post_type=product&#038;p=4771"},"modified":"2023-02-08T10:09:33","modified_gmt":"2023-02-08T10:09:33","slug":"heroi","status":"publish","type":"product","link":"https:\/\/mabuko.co.mz\/site\/?product=heroi","title":{"rendered":"HER\u00d3I"},"content":{"rendered":"<p>Rhonda Byrne<\/p>\n<p>9789892327518<\/p>\n","protected":false},"excerpt":{"rendered":"<div id=\"productPageSectionAboutBook-sinopseTitle\" class=\"right-title\"><strong>SINOPSE<\/strong><\/div>\n<div id=\"productPageSectionAboutBook-sinopse\" class=\"right-text\">\n<p>Esta hist\u00f3ria vai revelar-lhe o seu destino no planeta Terra H\u00e1 qualquer coisa em si que o torna especial. H\u00e1 em si, desde o dia em que nasceu, um destino que \u00e9 s\u00f3 seu, e que mais ningu\u00e9m, entre sete milh\u00f5es de habitantes do planeta, poder\u00e1 cumprir. H\u00e1 uma vida que est\u00e1 destinado a viver; h\u00e1 um caminho que est\u00e1 destinado a percorrer. E este livro vai gui\u00e1-lo ao longo do caminho. Doze das mais bem-sucedidas pessoas da actualidade partilham consigo as suas incr\u00edveis hist\u00f3rias de supera\u00e7\u00e3o pessoal. Revelam-lhe que voc\u00ea nasceu com tudo o que precisa para viver todos os seus sonhos, cumprir a sua miss\u00e3o, e literalmente transformar o mundo em que vive. O Her\u00f3i, neste livro, \u00e9 voc\u00ea.<\/p>\n<\/div>\n","protected":false},"featured_media":4772,"template":"","meta":{"_monsterinsights_skip_tracking":false,"_monsterinsights_sitenote_active":false,"_monsterinsights_sitenote_note":"","_monsterinsights_sitenote_category":0},"product_cat":[108],"product_tag":[],"class_list":{"0":"post-4771","1":"product","2":"type-product","3":"status-publish","4":"has-post-thumbnail","6":"product_cat-auto-ajuda","7":"pa_book-author-rhonda-byrne","9":"first","10":"outofstock","11":"shipping-taxable","12":"purchasable","13":"product-type-simple"},"_links":{"self":[{"href":"https:\/\/mabuko.co.mz\/site\/index.php?rest_route=\/wp\/v2\/product\/4771","targetHints":{"allow":["GET"]}}],"collection":[{"href":"https:\/\/mabuko.co.mz\/site\/index.php?rest_route=\/wp\/v2\/product"}],"about":[{"href":"https:\/\/mabuko.co.mz\/site\/index.php?rest_route=\/wp\/v2\/types\/product"}],"wp:featuredmedia":[{"embeddable":true,"href":"https:\/\/mabuko.co.mz\/site\/index.php?rest_route=\/wp\/v2\/media\/4772"}],"wp:attachment":[{"href":"https:\/\/mabuko.co.mz\/site\/index.php?rest_route=%2Fwp%2Fv2%2Fmedia&parent=4771"}],"wp:term":[{"taxonomy":"product_cat","embeddable":true,"href":"https:\/\/mabuko.co.mz\/site\/index.php?rest_route=%2Fwp%2Fv2%2Fproduct_cat&post=4771"},{"taxonomy":"product_tag","embeddable":true,"href":"https:\/\/mabuko.co.mz\/site\/index.php?rest_route=%2Fwp%2Fv2%2Fproduct_tag&post=4771"}],"curies":[{"name":"wp","href":"https:\/\/api.w.org\/{rel}","templated":true}]}}