{"id":4766,"date":"2022-07-05T13:24:57","date_gmt":"2022-07-05T13:24:57","guid":{"rendered":"https:\/\/mabuko.co.mz\/?post_type=product&#038;p=4766"},"modified":"2022-12-29T12:32:58","modified_gmt":"2022-12-29T12:32:58","slug":"12-regras-para-vida-um-antidoto-para-o-caos","status":"publish","type":"product","link":"https:\/\/mabuko.co.mz\/site\/?product=12-regras-para-vida-um-antidoto-para-o-caos","title":{"rendered":"12 REGRAS PARA VIDA um ant\u00eddoto para o caos"},"content":{"rendered":"<p>Jordan B. Peterson<\/p>\n<p>9789892342986<\/p>\n","protected":false},"excerpt":{"rendered":"<div id=\"productPageSectionAboutBook-sinopseTitle\" class=\"right-title\"><strong>SINOPSE<\/strong><\/div>\n<div id=\"productPageSectionAboutBook-sinopse\" class=\"right-text\">\n<p>Muito antes de existirem dinossauros, j\u00e1 as lagostas povoavam a Terra. H\u00e1 350 milh\u00f5es de anos que obedecem a uma r\u00edgida estrutura hier\u00e1rquica. As mais fortes t\u00eam direito ao melhor territ\u00f3rio, \u00e0 melhor comida, \u00e0s melhores f\u00eameas. As mais fracas vergam-se \u00e0 autoridade &#8211; a ponto de ca\u00edrem em depress\u00e3o. A organiza\u00e7\u00e3o social das lagostas \u00e9 o ponto de partida da primeira regra deste livro: Levante a Cabe\u00e7a e Endireite as Costas. N\u00e3o \u00e9 uma met\u00e1fora: ou somos verticais ou somos esmagados. No limite, trata-se de uma escolha individual, e \u00e9 de escolhas (e responsabilidades) que trata este livro.<\/p>\n<p>Para Jordan B. Peterson &#8211; um dos mais pol\u00e9micos pensadores contempor\u00e2neos -, vivemos num mundo caracterizado ou pela aus\u00eancia de valores ou pela entrega a cren\u00e7as totalit\u00e1rias. Ora, quando n\u00e3o h\u00e1 valores, falta-nos um sentido para a exist\u00eancia; mas se aderimos cegamente a uma cren\u00e7a, colocamo-nos em confronto com as restantes. A alternativa \u00e9 assumir as nossas responsabilidades individualmente. Quando o autor nos diz para p\u00f4r a nossa casa em ordem antes de criticarmos os outros ou para nos compararmos s\u00f3 connosco, est\u00e1 a oferecer-nos modelos de pensamento.<\/p>\n<p>Cada uma dessas regras, ancorada na mitologia, religi\u00e3o e filosofia, obriga-nos a repensar tudo aquilo em que acreditamos.\u00a0<i>12 Regras Para a Vida<\/i>\u00a0\u00e9 uma obra corajosa, transformadora, que nos revela &#8220;um dos mais importantes pensadores a ascender \u00e0 ribalta mundial nos \u00faltimos anos&#8221; (segundo a revista Spectator).<\/p>\n<p>Findo o livro, nunca mais ver\u00e1 uma lagosta da mesma maneira. E se come\u00e7ar a levantar a cabe\u00e7a e endireitar as costas, o triunfo n\u00e3o ser\u00e1 do autor mas seu.<\/p>\n<\/div>\n","protected":false},"featured_media":4768,"template":"","meta":{"_monsterinsights_skip_tracking":false,"_monsterinsights_sitenote_active":false,"_monsterinsights_sitenote_note":"","_monsterinsights_sitenote_category":0},"product_cat":[108],"product_tag":[],"class_list":{"0":"post-4766","1":"product","2":"type-product","3":"status-publish","4":"has-post-thumbnail","6":"product_cat-auto-ajuda","7":"pa_book-author-jordan-b-peterson","9":"first","10":"outofstock","11":"shipping-taxable","12":"purchasable","13":"product-type-simple"},"_links":{"self":[{"href":"https:\/\/mabuko.co.mz\/site\/index.php?rest_route=\/wp\/v2\/product\/4766","targetHints":{"allow":["GET"]}}],"collection":[{"href":"https:\/\/mabuko.co.mz\/site\/index.php?rest_route=\/wp\/v2\/product"}],"about":[{"href":"https:\/\/mabuko.co.mz\/site\/index.php?rest_route=\/wp\/v2\/types\/product"}],"wp:featuredmedia":[{"embeddable":true,"href":"https:\/\/mabuko.co.mz\/site\/index.php?rest_route=\/wp\/v2\/media\/4768"}],"wp:attachment":[{"href":"https:\/\/mabuko.co.mz\/site\/index.php?rest_route=%2Fwp%2Fv2%2Fmedia&parent=4766"}],"wp:term":[{"taxonomy":"product_cat","embeddable":true,"href":"https:\/\/mabuko.co.mz\/site\/index.php?rest_route=%2Fwp%2Fv2%2Fproduct_cat&post=4766"},{"taxonomy":"product_tag","embeddable":true,"href":"https:\/\/mabuko.co.mz\/site\/index.php?rest_route=%2Fwp%2Fv2%2Fproduct_tag&post=4766"}],"curies":[{"name":"wp","href":"https:\/\/api.w.org\/{rel}","templated":true}]}}